{"id":686,"date":"2015-07-04T13:27:38","date_gmt":"2015-07-04T13:27:38","guid":{"rendered":"https:\/\/nytt.cleopatra.is\/nb\/?page_id=686"},"modified":"2020-02-21T13:39:19","modified_gmt":"2020-02-21T13:39:19","slug":"cleopatra-50","status":"publish","type":"page","link":"https:\/\/cleopatra.is\/nb\/fiskebater\/cleopatra-50\/","title":{"rendered":"Cleopatra 50"},"content":{"rendered":"<p>[et_pb_section fb_built=&raquo;1&#8243; _builder_version=&raquo;3.27.3&#8243; custom_padding=&raquo;||4px|||&raquo; top_divider_color=&raquo;#d30300&#8243; locked=&raquo;off&raquo;][et_pb_row _builder_version=&raquo;3.25&#8243; custom_padding=&raquo;3px|0px|4px|0px|false|false&raquo;][et_pb_column type=&raquo;4_4&#8243; _builder_version=&raquo;3.25&#8243; custom_padding=&raquo;|||&raquo; custom_padding__hover=&raquo;|||&raquo;][et_pb_image src=&raquo;https:\/\/cleopatra.is\/wp-content\/uploads\/2019\/08\/c50logo.png&raquo; align_tablet=&raquo;center&raquo; align_phone=&raquo;&raquo; align_last_edited=&raquo;on|desktop&raquo; _builder_version=&raquo;3.27.3&#8243; transform_scale=&raquo;47%|47%&raquo; transform_translate=&raquo;-8px|58px&raquo; animation_style=&raquo;fade&raquo;][\/et_pb_image][\/et_pb_column][\/et_pb_row][et_pb_row column_structure=&raquo;1_5,3_5,1_5&#8243; _builder_version=&raquo;3.25&#8243;][et_pb_column type=&raquo;1_5&#8243; _builder_version=&raquo;3.25&#8243; custom_padding=&raquo;|||&raquo; custom_padding__hover=&raquo;|||&raquo;][\/et_pb_column][et_pb_column type=&raquo;3_5&#8243; _builder_version=&raquo;3.25&#8243; custom_padding=&raquo;|||&raquo; custom_padding__hover=&raquo;|||&raquo;][et_pb_text admin_label=&raquo;Text&raquo; _builder_version=&raquo;3.27.4&#8243; background_size=&raquo;initial&raquo; background_position=&raquo;top_left&raquo; background_repeat=&raquo;repeat&raquo; custom_padding=&raquo;0px|||||&raquo; use_border_color=&raquo;off&raquo; border_color=&raquo;#ffffff&raquo; border_style=&raquo;solid&raquo;]<\/p>\n<h4 style=\"text-align: center;\"><strong style=\"font-size: 18px;\">V\u00e5r st\u00f8rste b\u00e5t med plass til stort arbeidsdekk, lasterom og romslige mannskapsbekvemmligheter<\/strong><\/h4>\n<p>[\/et_pb_text][\/et_pb_column][et_pb_column type=&raquo;1_5&#8243; _builder_version=&raquo;3.25&#8243; custom_padding=&raquo;|||&raquo; custom_padding__hover=&raquo;|||&raquo;][\/et_pb_column][\/et_pb_row][et_pb_row column_structure=&raquo;1_2,1_2&#8243; make_equal=&raquo;on&raquo; _builder_version=&raquo;3.25&#8243; custom_padding=&raquo;40px|0px|39px|0px|false|false&raquo;][et_pb_column type=&raquo;1_2&#8243; _builder_version=&raquo;3.25&#8243; custom_padding=&raquo;|||&raquo; custom_padding__hover=&raquo;|||&raquo;][et_pb_text admin_label=&raquo;Text&raquo; _builder_version=&raquo;3.27.4&#8243; background_size=&raquo;initial&raquo; background_position=&raquo;top_left&raquo; background_repeat=&raquo;repeat&raquo; use_border_color=&raquo;off&raquo; border_color=&raquo;#ffffff&raquo; border_style=&raquo;solid&raquo;]Cleopatra 50 er v\u00e5r st\u00f8rste b\u00e5t bygget i henhold til Nordisk B\u00e5tstandard.<br \/>\nEn Cleopatra 50 egner seg utmerket til fiske med ulike redskapstyper.<\/p>\n<p>Med en lengde p\u00e5 14,99 meter og en bredde p\u00e5 4,60 meter gir denne b\u00e5ten god plass.<\/p>\n<p>Et arbeidsdekk p\u00e5 ca 40 m2 og et lasterom p\u00e5 ca 35m3 gj\u00f8r b\u00e5ten egnet til de fleste fiskerier.<\/p>\n<p>En Cleopatra 50 kan utrustes med line, garn, autoline, snurrevad og teinefiske etter reders \u00f8nsker.<br \/>\nDet er lugarplass til 4-6 personer etter \u00f8nske.<br \/>\nSom alle andre Cleopatra modeller vil en kunne skreddersy en CLEOPATRA 50 etter egne \u00f8nsker.<br \/>\nEn Cleopatra 50 kan leveres med ulike motoralternativer enten det er \u00f8nske om 1 motor eller 2 motorer eller med for eksempel IPS\/Pod system.<br \/>\nEn Cleopatra 50 kan selvsagt ogs\u00e5 leveres i andre utforminger som for eksempel passasjerb\u00e5t, turistfiske, arbeidsb\u00e5t etc.<br \/>\nCleopatra 50 vil v\u00e6re fremtidens effektive kystb\u00e5t.[\/et_pb_text][\/et_pb_column][et_pb_column type=&raquo;1_2&#8243; _builder_version=&raquo;3.25&#8243; custom_padding=&raquo;0px|25px|0px|&raquo; custom_padding__hover=&raquo;|||&raquo;][et_pb_image src=&raquo;https:\/\/cleopatra.is\/wp-content\/uploads\/2015\/07\/Boat349_1.jpg&raquo; force_fullwidth=&raquo;on&raquo; align_tablet=&raquo;center&raquo; align_phone=&raquo;&raquo; align_last_edited=&raquo;on|desktop&raquo; admin_label=&raquo;Image&raquo; _builder_version=&raquo;3.27.3&#8243; custom_margin=&raquo;0px||&raquo; animation_style=&raquo;slide&raquo; animation_direction=&raquo;left&raquo; animation_duration=&raquo;500ms&raquo; animation_intensity_slide=&raquo;10%&raquo; animation=&raquo;left&raquo; sticky=&raquo;off&raquo; use_border_color=&raquo;off&raquo; border_color=&raquo;#ffffff&raquo; border_style=&raquo;solid&raquo;][\/et_pb_image][\/et_pb_column][\/et_pb_row][\/et_pb_section][et_pb_section fb_built=&raquo;1&#8243; module_class=&raquo;grayfix&raquo; _builder_version=&raquo;3.22.7&#8243; custom_padding=&raquo;22px|0px|19px|0px|false|false&raquo; top_divider_color=&raquo;#8300e9&#8243; bottom_divider_style=&raquo;curve&raquo; bottom_divider_color=&raquo;rgba(0,0,0,0.1)&raquo; locked=&raquo;off&raquo;][et_pb_row _builder_version=&raquo;3.25&#8243; custom_padding=&raquo;40px|0px|80px|0px|false|false&raquo;][et_pb_column type=&raquo;4_4&#8243; _builder_version=&raquo;3.25&#8243; custom_padding=&raquo;|||&raquo; custom_padding__hover=&raquo;|||&raquo;][et_pb_text _builder_version=&raquo;3.27.4&#8243; text_font=&raquo;||||||||&raquo; text_text_color=&raquo;#e02b20&#8243; header_font=&raquo;||||||||&raquo; inline_fonts=&raquo;Acme,Actor&raquo;]<\/p>\n<p style=\"text-align: center;\"><span style=\"font-size: x-large; font-family: Actor; font-weight: normal; color: #e02b20;\"><em>Har du r\u00e5d til \u00e5 n\u00f8ye deg med mindre?<\/em><\/span><\/p>\n<p>[\/et_pb_text][\/et_pb_column][\/et_pb_row][\/et_pb_section][et_pb_section fb_built=&raquo;1&#8243; module_class=&raquo;grayfix&raquo; _builder_version=&raquo;3.22.7&#8243; background_color=&raquo;rgba(0,0,0,0.1)&raquo; custom_padding=&raquo;||39px|||&raquo; locked=&raquo;off&raquo;][et_pb_row _builder_version=&raquo;3.25&#8243;][et_pb_column type=&raquo;4_4&#8243; _builder_version=&raquo;3.25&#8243; custom_padding=&raquo;|||&raquo; custom_padding__hover=&raquo;|||&raquo;][et_pb_tabs admin_label=&raquo;Tabs&raquo; _builder_version=&raquo;3.27.3&#8243; background_size=&raquo;initial&raquo; background_position=&raquo;top_left&raquo; background_repeat=&raquo;repeat&raquo; use_border_color=&raquo;off&raquo; border_color=&raquo;#ffffff&raquo; border_style=&raquo;solid&raquo;][et_pb_tab title=&raquo;Hoved detaljer&raquo; _builder_version=&raquo;3.27.3&#8243; background_size=&raquo;initial&raquo; background_position=&raquo;top_left&raquo; background_repeat=&raquo;repeat&raquo;]<\/p>\n<div class=\"specs\">\n<p><b>KONSTRUKSJON<\/b><br \/>\nH\u00e5ndlagt GRP<br \/>\nIsophtalic gelcoat og polyester overflate<br \/>\nBunnsm\u00f8ring under vannlinje<br \/>\nBalsatre sandwich dekk<br \/>\nPlywoods spant forsterkininger og avstivere<\/p>\n<p><b>ARRANGEMENT<\/b><br \/>\nTre vanntette seksjoner: Lugar\/styrehus,<br \/>\nlasterom og maskinrom<br \/>\nRomslig lugar foran med bysse<br \/>\nStort fiske rom for standard fiskekonteinere<\/p>\n<p><strong>INNREDNING<\/strong><br \/>\nTeak interi\u00f8r<br \/>\nTre separate lugarer med k\u00f8yer for opptil 6 personer<br \/>\nSpiseplass med bord for 6 personer<br \/>\nToalett\/Dusj<br \/>\nBysse med gaskomfyr og vask<\/p>\n<p><b>KOMPONENTER<\/b><br \/>\nMaskin kontroll<br \/>\nBatterier<br \/>\nVindusviskere<br \/>\nHydraulisk styring<br \/>\nRor med flaps<br \/>\nVHF radio<br \/>\nRadio\/CD spiller<br \/>\nKompass<br \/>\nTrim flaps<br \/>\nAutomatisk og manuell lensepumper<\/p>\n<\/div>\n<div class=\"specs\"><b>ALTERNATIVER<\/b><br \/>\nLandstr\u00f8m 230 V<br \/>\nMikrob\u00f8lgeovn<br \/>\nKaffe trakter<br \/>\nKj\u00f8leskap<br \/>\nTV\/VIDEO\/DVD<br \/>\nVarme\/kj\u00f8le anlegg<br \/>\nOppvarmede vindu<br \/>\nDiesel varmer<br \/>\nVarmt vann fra maskin<br \/>\nAutopilot<br \/>\nGPS \u2013 Kartplotter<br \/>\nEkkolodd<br \/>\nGMDSS<br \/>\nKonverter\/batterilader<br \/>\nCD spiller<br \/>\nPumpe for vasking av dekk<br \/>\nS\u00f8kelys<br \/>\nGenerator<br \/>\nBaug propell<i>Annet utstyr etter foresp\u00f8rsel<\/i><\/p>\n<\/div>\n<div class=\"specs\">\n<p><b>SIKKERHETSUTSTYR<\/b><br \/>\nOppbl\u00e5sbar fl\u00e5te med sikkerhetsutstyr<br \/>\nLivb\u00f8ye<br \/>\nSikkerhets rekkverk<br \/>\nSikkerhetstrinn for enkel adkomst<br \/>\nAutomatisk brann slukking<br \/>\nManuell brann slukning<br \/>\nAnker med kjetting<br \/>\nNavigasjonslys<br \/>\nAlarm system<\/p>\n<\/div>\n<p>[\/et_pb_tab][et_pb_tab title=&raquo;Spesifikasjon&raquo; _builder_version=&raquo;3.27.3&#8243; background_size=&raquo;initial&raquo; background_position=&raquo;top_left&raquo; background_repeat=&raquo;repeat&raquo;]<\/p>\n<div class=\"specs\">\n<dt>Length (Loa)<\/dt>\n<dd>14.99m (49\u2019 3\u2019\u2019)<\/dd>\n<dt>Bredde<\/dt>\n<dd>4.65m (15\u2019 3\u2019\u2019)<\/dd>\n<dt>Dybde m\u00e5l<\/dt>\n<dd>2.23m (7\u2019 4\u2019\u2019)<\/dd>\n<dt>Dyptg\u00e5ende<\/dt>\n<dd>1.52m (5\u2019 0\u2019\u2019)<\/dd>\n<dt>Arbeidsdekk<\/dt>\n<dd>39m<sup>2<\/sup> (420 ft<sup>2<\/sup> )<\/dd>\n<dt>Bunkers kapasitet<\/dt>\n<dd>3000 litre (793 US gall.)<\/dd>\n<dt>Vann kapasitet<\/dt>\n<dd>400 litre (106 US gall.)<\/dd>\n<dt>Lasterom<\/dt>\n<dd>34m<sup>3<\/sup> (1200 ft<sup>3<\/sup> )<\/dd>\n<\/div>\n<div class=\"specs\">\n<dt>Motor*<\/dt>\n<dd><span class=\"specs_one\">Caterpillar C18<\/span> <span class=\"specs_two\">715hp\/2100rpm<\/span> <span class=\"specs_three\">18.1L<\/span><\/dd>\n<dd><span class=\"specs_one\">Doosan 4V158TIM<\/span> <span class=\"specs_two\">600hp\/2100rpm<\/span> <span class=\"specs_three\">14.6L<\/span><\/dd>\n<dd><span class=\"specs_one\">Doosan 4V222TI<\/span> <span class=\"specs_two\">880hp\/2100rpm<\/span> <span class=\"specs_three\">21.9L<\/span><\/dd>\n<dd><span class=\"specs_one\">FTP (Iveco) C16<\/span> <span class=\"specs_two\">800hp\/2300rpm<\/span> <span class=\"specs_three\">16L<\/span><\/dd>\n<dd><span class=\"specs_one\">Scania DI16<\/span> <span class=\"specs_two\">800hp\/2100rpm<\/span> <span class=\"specs_three\">16.4L<\/span><\/dd>\n<dd><span class=\"specs_one\">Volvo Penta D16 M4<\/span> <span class=\"specs_two\">750hp\/1900rpm<\/span> <span class=\"specs_three\">16.1L<\/span><\/dd>\n<dd><span class=\"specs_one\">Yanmar 6AYM-WGT<\/span> <span class=\"specs_two\">911hp\/1938rpm<\/span> <span class=\"specs_three\">20.3L<\/span><\/dd>\n<dt>Dobbel motorinstallasjon*<\/dt>\n<dd><span class=\"specs_one\">2 x FTP (Iveco) C90 380<\/span> <span class=\"specs_two\">2 x 410hp\/2000rpm<\/span> <span class=\"specs_three\">8.7L<\/span><\/dd>\n<dd><span class=\"specs_one\">2 x Volvo Penta D9<\/span> <span class=\"specs_two\">2 x 500hp\/2600rpm<\/span> <span class=\"specs_three\">9.4L<\/span><\/dd>\n<dd><span class=\"specs_one\">Volvo Penta D11 IPS 800<\/span> <span class=\"specs_two\">2 x 625hp\/2300rpm<\/span> <span class=\"specs_three\">10.8L<\/span><\/dd>\n<dt>Gir<\/dt>\n<dd><span class=\"specs_one\"><\/span> <span class=\"specs_two\">ZF500IV<\/span> <span class=\"specs_three\">2.20:1<\/span><\/dd>\n<dd><span class=\"specs_one\"><\/span> <span class=\"specs_two\">ZF360IV<\/span> <span class=\"specs_three\">2.19:1<\/span><\/dd>\n<dd><span class=\"specs_one\"><\/span> <span class=\"specs_two\">ZF325IV<\/span> <span class=\"specs_three\">2.03:1<\/span><\/dd>\n<dd><span class=\"specs_one\"><\/span> <span class=\"specs_two\">2 x ZF286IV<\/span> <span class=\"specs_three\">2.01:1<\/span><\/dd>\n<\/div>\n<div class=\"specs\">\n<dt>Propulsion<\/dt>\n<dd>Fire \u2013 fembladet propeller<\/dd>\n<dt>Max fart<\/dt>\n<dd>15 \u2013 37 knots<\/dd>\n<dt>Arbeids fart<\/dt>\n<dd>10 \u2013 22 knots<\/dd>\n<dt>Rekkevidde<\/dt>\n<dd>500 nm<\/dd>\n<p><em>*&nbsp; Andre alternative p\u00e5 foresp\u00f8rsel.<\/em><\/p>\n<\/div>\n<p>[\/et_pb_tab][et_pb_tab title=&raquo;Fiskeutstyr&raquo; _builder_version=&raquo;3.27.3&#8243; background_size=&raquo;initial&raquo; background_position=&raquo;top_left&raquo; background_repeat=&raquo;repeat&raquo;]Lineutstyr<br \/>\nAutoline<br \/>\n<i>\u00a0\u00a0Linehaler<br \/>\nAgnkutter<br \/>\nTilfeldig egning<br \/>\nEgnemaskin<br \/>\n<\/i>Juksamaskiner<br \/>\nGarnutstyr<br \/>\nTuna line utstyr<br \/>\nTeineutstyr<\/p>\n<p><i>Andre typer fiskeutstyr p\u00e5 foresp\u00f8rsel<\/i>[\/et_pb_tab][et_pb_tab title=&raquo;Tegning&raquo; _builder_version=&raquo;3.27.3&#8243; background_size=&raquo;initial&raquo; background_position=&raquo;top_left&raquo; background_repeat=&raquo;repeat&raquo;]<ul class=\"et_post_gallery clearfix\">\n\t\t\t\t\t<li class=\"et_gallery_item et_pb_gallery_image\">\n\t\t\t\t\t\t<a href=\"https:\/\/cleopatra.is\/wp-content\/uploads\/2015\/07\/Cleo50vefsida.jpg\" title=\"Y:CADCleopatraCleo 50C50 Opinn Krabbi Model (1)\">\n\t\t\t\t\t\t\t<span class=\"et_portfolio_image\">\n\t\t\t\t\t\t\t\t<img loading=\"lazy\" decoding=\"async\" width=\"400\" height=\"284\" src=\"https:\/\/cleopatra.is\/wp-content\/uploads\/2015\/07\/Cleo50vefsida-400x284.jpg\" class=\"attachment-et-pb-portfolio-image size-et-pb-portfolio-image\" alt=\"\" \/>\n\t\t\t\t\t\t\t\t<span class=\"et_overlay\"><\/span>\n\t\t\t\t\t\t\t<\/span>\n\t\t\t\t\t\t<\/a>\n\t\t\t\t\t\t\n\t\t\t\t\t<\/li><li class=\"et_gallery_item et_pb_gallery_image\">\n\t\t\t\t\t\t<a href=\"https:\/\/cleopatra.is\/wp-content\/uploads\/2015\/07\/Cleo50yfirbvefsida.jpg\" title=\"Y:CADCleopatraCleo 50C50  yfirbygg.ur h Model (1)\">\n\t\t\t\t\t\t\t<span class=\"et_portfolio_image\">\n\t\t\t\t\t\t\t\t<img loading=\"lazy\" decoding=\"async\" width=\"400\" height=\"284\" src=\"https:\/\/cleopatra.is\/wp-content\/uploads\/2015\/07\/Cleo50yfirbvefsida-400x284.jpg\" class=\"attachment-et-pb-portfolio-image size-et-pb-portfolio-image\" alt=\"\" \/>\n\t\t\t\t\t\t\t\t<span class=\"et_overlay\"><\/span>\n\t\t\t\t\t\t\t<\/span>\n\t\t\t\t\t\t<\/a>\n\t\t\t\t\t\t\n\t\t\t\t\t<\/li>\n\t\t\t\t<\/ul>[\/et_pb_tab][\/et_pb_tabs][\/et_pb_column][\/et_pb_row][\/et_pb_section][et_pb_section fb_built=&raquo;1&#8243; _builder_version=&raquo;3.22&#8243;][et_pb_row _builder_version=&raquo;3.25&#8243; background_size=&raquo;initial&raquo; background_position=&raquo;top_left&raquo; background_repeat=&raquo;repeat&raquo;][et_pb_column type=&raquo;4_4&#8243; _builder_version=&raquo;3.25&#8243; custom_padding=&raquo;|||&raquo; custom_padding__hover=&raquo;|||&raquo;][et_pb_gallery gallery_ids=&raquo;387,388,389,390,391,392,393,394,395,396,397,398,399,400,401,402,403,404,405,406,407,408,409,410,411,412,413&#8243; posts_number=&raquo;99&#8243; show_title_and_caption=&raquo;off&raquo; show_pagination=&raquo;off&raquo; admin_label=&raquo;Gallery&raquo; _builder_version=&raquo;3.0.87&#8243; use_border_color=&raquo;off&raquo; border_color=&raquo;#ffffff&raquo; border_style=&raquo;solid&raquo;][\/et_pb_gallery][\/et_pb_column][\/et_pb_row][\/et_pb_section]<\/p>\n","protected":false},"excerpt":{"rendered":"<p>V\u00e5r st\u00f8rste b\u00e5t med plass til stort arbeidsdekk, lasterom og romslige mannskapsbekvemmligheterCleopatra 50 er v\u00e5r st\u00f8rste b\u00e5t bygget i henhold til Nordisk B\u00e5tstandard. En Cleopatra 50 egner seg utmerket til fiske med ulike redskapstyper. Med en lengde p\u00e5 14,99 meter og en bredde p\u00e5 4,60 meter gir denne b\u00e5ten god plass. Et arbeidsdekk p\u00e5 ca [&hellip;]<\/p>\n","protected":false},"author":2,"featured_media":0,"parent":677,"menu_order":0,"comment_status":"open","ping_status":"open","template":"","meta":{"_et_pb_use_builder":"on","_et_pb_old_content":"","_et_gb_content_width":"","footnotes":""},"class_list":["post-686","page","type-page","status-publish","hentry"],"_links":{"self":[{"href":"https:\/\/cleopatra.is\/nb\/wp-json\/wp\/v2\/pages\/686","targetHints":{"allow":["GET"]}}],"collection":[{"href":"https:\/\/cleopatra.is\/nb\/wp-json\/wp\/v2\/pages"}],"about":[{"href":"https:\/\/cleopatra.is\/nb\/wp-json\/wp\/v2\/types\/page"}],"author":[{"embeddable":true,"href":"https:\/\/cleopatra.is\/nb\/wp-json\/wp\/v2\/users\/2"}],"replies":[{"embeddable":true,"href":"https:\/\/cleopatra.is\/nb\/wp-json\/wp\/v2\/comments?post=686"}],"version-history":[{"count":0,"href":"https:\/\/cleopatra.is\/nb\/wp-json\/wp\/v2\/pages\/686\/revisions"}],"up":[{"embeddable":true,"href":"https:\/\/cleopatra.is\/nb\/wp-json\/wp\/v2\/pages\/677"}],"wp:attachment":[{"href":"https:\/\/cleopatra.is\/nb\/wp-json\/wp\/v2\/media?parent=686"}],"curies":[{"name":"wp","href":"https:\/\/api.w.org\/{rel}","templated":true}]}}