{"id":684,"date":"2015-07-04T13:26:05","date_gmt":"2015-07-04T13:26:05","guid":{"rendered":"https:\/\/nytt.cleopatra.is\/nb\/?page_id=684"},"modified":"2024-04-02T22:40:01","modified_gmt":"2024-04-02T22:40:01","slug":"cleopatra-38","status":"publish","type":"page","link":"https:\/\/cleopatra.is\/nb\/fiskebater\/cleopatra-38\/","title":{"rendered":"Cleopatra 38"},"content":{"rendered":"<p>[et_pb_section fb_built=&raquo;1&#8243; _builder_version=&raquo;4.16&#8243; custom_padding=&raquo;||4px|||&raquo; top_divider_color=&raquo;#d30300&#8243; locked=&raquo;off&raquo; global_colors_info=&raquo;{}&raquo;][et_pb_row _builder_version=&raquo;4.16&#8243; custom_padding=&raquo;3px|0px|4px|0px|false|false&raquo; global_colors_info=&raquo;{}&raquo;][et_pb_column type=&raquo;4_4&#8243; _builder_version=&raquo;4.16&#8243; custom_padding=&raquo;|||&raquo; global_colors_info=&raquo;{}&raquo; custom_padding__hover=&raquo;|||&raquo;][et_pb_image src=&raquo;https:\/\/cleopatra.is\/wp-content\/uploads\/2019\/04\/c38logo.png&raquo; align_tablet=&raquo;center&raquo; align_phone=&raquo;&raquo; align_last_edited=&raquo;on|desktop&raquo; _builder_version=&raquo;4.16&#8243; transform_scale=&raquo;47%|47%&raquo; transform_translate=&raquo;-8px|58px&raquo; animation_style=&raquo;fade&raquo; global_colors_info=&raquo;{}&raquo;][\/et_pb_image][\/et_pb_column][\/et_pb_row][et_pb_row column_structure=&raquo;1_5,3_5,1_5&#8243; _builder_version=&raquo;4.16&#8243; global_colors_info=&raquo;{}&raquo;][et_pb_column type=&raquo;1_5&#8243; _builder_version=&raquo;4.16&#8243; custom_padding=&raquo;|||&raquo; global_colors_info=&raquo;{}&raquo; custom_padding__hover=&raquo;|||&raquo;][\/et_pb_column][et_pb_column type=&raquo;3_5&#8243; _builder_version=&raquo;4.16&#8243; custom_padding=&raquo;|||&raquo; global_colors_info=&raquo;{}&raquo; custom_padding__hover=&raquo;|||&raquo;][et_pb_text admin_label=&raquo;Text&raquo; _builder_version=&raquo;4.16&#8243; background_size=&raquo;initial&raquo; background_position=&raquo;top_left&raquo; background_repeat=&raquo;repeat&raquo; custom_padding=&raquo;0px|||||&raquo; use_border_color=&raquo;off&raquo; border_color=&raquo;#ffffff&raquo; border_style=&raquo;solid&raquo; global_colors_info=&raquo;{}&raquo;]<\/p>\n<h4 style=\"text-align: center;\"><strong>H\u00f8y fart, H\u00f8y kapasitet &amp; H\u00f8y Kvalitet! Cleopatra 38 er trolig det mest egnede fart\u00f8y i sin klasse.<\/strong><\/h4>\n<p>[\/et_pb_text][\/et_pb_column][et_pb_column type=&raquo;1_5&#8243; _builder_version=&raquo;4.16&#8243; custom_padding=&raquo;|||&raquo; global_colors_info=&raquo;{}&raquo; custom_padding__hover=&raquo;|||&raquo;][\/et_pb_column][\/et_pb_row][et_pb_row column_structure=&raquo;1_2,1_2&#8243; make_equal=&raquo;on&raquo; _builder_version=&raquo;4.16&#8243; custom_padding=&raquo;40px|0px|39px|0px|false|false&raquo; global_colors_info=&raquo;{}&raquo;][et_pb_column type=&raquo;1_2&#8243; _builder_version=&raquo;4.16&#8243; custom_padding=&raquo;|||&raquo; global_colors_info=&raquo;{}&raquo; custom_padding__hover=&raquo;|||&raquo;][et_pb_text admin_label=&raquo;Text&raquo; _builder_version=&raquo;4.16&#8243; background_size=&raquo;initial&raquo; background_position=&raquo;top_left&raquo; background_repeat=&raquo;repeat&raquo; use_border_color=&raquo;off&raquo; border_color=&raquo;#ffffff&raquo; border_style=&raquo;solid&raquo; global_colors_info=&raquo;{}&raquo;]\u201dCleopatra 38\u201d er en h\u00f8y fart og h\u00f8y kvalitets arbeidsb\u00e5t designet for \u00e5 m\u00f8te den eksakte standard som en profesjonell fisker trenger for \u00e5 arbeide i de t\u00f8ffe forholdene i den Nord Atlantiske Havomr\u00e5der. Som dens mindre s\u00f8stre s\u00e5 er Cleopatra 38 ogs\u00e5 bygget i henhold til Nordisk B\u00e5tstandard. I Cleopatra 38 har vi laget en b\u00e5t med stabilitet, komfort, fart, lasteevne og utmerkede sj\u00f8egenskaper.<\/p>\n<p>B\u00e5ten er utstyrt med h\u00f8yteknologiske fiskeutstyr og kan bli utrustet for for eksempel. Garn, line, juksa og undan teine. En kan ogs\u00e5 ha \u00e5pent dekk og forlenget styrehus om \u00f8nsket.[\/et_pb_text][\/et_pb_column][et_pb_column type=&raquo;1_2&#8243; _builder_version=&raquo;4.16&#8243; custom_padding=&raquo;0px|25px|0px|&raquo; global_colors_info=&raquo;{}&raquo; custom_padding__hover=&raquo;|||&raquo;][et_pb_image src=&raquo;https:\/\/cleopatra.is\/wp-content\/uploads\/2015\/07\/cleo38.jpg&raquo; force_fullwidth=&raquo;on&raquo; align_tablet=&raquo;center&raquo; align_phone=&raquo;&raquo; align_last_edited=&raquo;on|desktop&raquo; admin_label=&raquo;Image&raquo; _builder_version=&raquo;4.16&#8243; custom_margin=&raquo;0px||&raquo; animation_style=&raquo;slide&raquo; animation_direction=&raquo;left&raquo; animation_duration=&raquo;500ms&raquo; animation_intensity_slide=&raquo;10%&raquo; animation=&raquo;left&raquo; sticky=&raquo;off&raquo; use_border_color=&raquo;off&raquo; border_color=&raquo;#ffffff&raquo; border_style=&raquo;solid&raquo; global_colors_info=&raquo;{}&raquo;][\/et_pb_image][\/et_pb_column][\/et_pb_row][et_pb_row column_structure=&raquo;1_2,1_2&#8243; _builder_version=&raquo;4.16&#8243; background_size=&raquo;initial&raquo; background_position=&raquo;top_left&raquo; background_repeat=&raquo;repeat&raquo; custom_padding=&raquo;0|0px|40px|0px|false|false&raquo; global_colors_info=&raquo;{}&raquo;][et_pb_column type=&raquo;1_2&#8243; _builder_version=&raquo;4.16&#8243; custom_padding=&raquo;|||&raquo; global_colors_info=&raquo;{}&raquo; custom_padding__hover=&raquo;|||&raquo;][et_pb_image src=&raquo;https:\/\/cleopatra.is\/wp-content\/uploads\/2015\/07\/Ccleo38-20.jpg&raquo; force_fullwidth=&raquo;on&raquo; align_tablet=&raquo;center&raquo; align_phone=&raquo;&raquo; align_last_edited=&raquo;on|desktop&raquo; disabled_on=&raquo;on|on|off&raquo; admin_label=&raquo;Image&raquo; _builder_version=&raquo;4.16&#8243; animation_style=&raquo;slide&raquo; animation_direction=&raquo;left&raquo; animation_duration=&raquo;500ms&raquo; animation_intensity_slide=&raquo;10%&raquo; animation=&raquo;left&raquo; sticky=&raquo;off&raquo; use_border_color=&raquo;off&raquo; border_color=&raquo;#ffffff&raquo; border_style=&raquo;solid&raquo; global_colors_info=&raquo;{}&raquo;][\/et_pb_image][\/et_pb_column][et_pb_column type=&raquo;1_2&#8243; _builder_version=&raquo;4.16&#8243; custom_padding=&raquo;|||&raquo; global_colors_info=&raquo;{}&raquo; custom_padding__hover=&raquo;|||&raquo;][et_pb_text admin_label=&raquo;Text&raquo; _builder_version=&raquo;4.16&#8243; background_size=&raquo;initial&raquo; background_position=&raquo;top_left&raquo; background_repeat=&raquo;repeat&raquo; use_border_color=&raquo;off&raquo; border_color=&raquo;#ffffff&raquo; border_style=&raquo;solid&raquo; global_colors_info=&raquo;{}&raquo;]<\/p>\n<div class=\"et_pb_column et_pb_column_3_4 et_pb_column_1  et_pb_css_mix_blend_mode_passthrough\">\n<div class=\"et_pb_module et_pb_text et_pb_text_0  et_pb_text_align_left et_pb_bg_layout_light\">\n<div class=\"et_pb_text_inner\">\n<p>Cleopatra for de virkelige seri\u00f8se. \u201dThe Rolls Royce\u201d av hurtig\u00e5ende fiskeb\u00e5ter og muligens den best egnede b\u00e5ten i sin klasse. Med stort lasterom opp til 19 m<sup>3<\/sup>\u00a0er dette b\u00e5ten for fiskeren som trenger plass og komfort til fiske til havs og som er borte i lenger perioder.<\/p>\n<p>Arbeidsdekket f\u00f8lger samme tradisjon som de mindre s\u00f8sterskip med plass til overs og som samtidighar plass til komfort n\u00e5r en ikke er p\u00e5 jobb. Det er sovemuligheter til 4 personer samt spiseplass med bord og sitteplass til alle.<\/p>\n<p>P\u00e5 grunn av den unike l\u00f8sningene er Cleopatra 38 en ekstrem anvendlig b\u00e5t og kan bli brukt til mange form\u00e5l slik som turistfiske, dykkeb\u00e5t, service b\u00e5t, passasjer og los b\u00e5t.<\/p>\n<p>\u201dCleopatra 38\u201d er en veldig seri\u00f8s arbeidshest og antageligvis den beste investeringen du vil noen gang gj\u00f8re.<\/p>\n<\/div>\n<\/div>\n<\/div>\n<p>[\/et_pb_text][\/et_pb_column][\/et_pb_row][\/et_pb_section][et_pb_section fb_built=&raquo;1&#8243; module_class=&raquo;grayfix&raquo; _builder_version=&raquo;4.16&#8243; custom_padding=&raquo;22px|0px|19px|0px|false|false&raquo; top_divider_color=&raquo;#8300e9&#8243; bottom_divider_style=&raquo;curve&raquo; bottom_divider_color=&raquo;rgba(0,0,0,0.1)&raquo; locked=&raquo;off&raquo; global_colors_info=&raquo;{}&raquo;][et_pb_row _builder_version=&raquo;4.16&#8243; custom_padding=&raquo;40px|0px|80px|0px|false|false&raquo; global_colors_info=&raquo;{}&raquo;][et_pb_column type=&raquo;4_4&#8243; _builder_version=&raquo;4.16&#8243; custom_padding=&raquo;|||&raquo; global_colors_info=&raquo;{}&raquo; custom_padding__hover=&raquo;|||&raquo;][et_pb_text _builder_version=&raquo;4.16&#8243; text_font=&raquo;||||||||&raquo; text_text_color=&raquo;#e02b20&#8243; header_font=&raquo;||||||||&raquo; inline_fonts=&raquo;Acme,Actor&raquo; global_colors_info=&raquo;{}&raquo;]<\/p>\n<p style=\"text-align: center;\"><span style=\"font-size: x-large; font-family: Actor; font-weight: normal; color: #e02b20;\"><em>Har du r\u00e5d til \u00e5 n\u00f8ye deg med mindre?<\/em><\/span><\/p>\n<p>[\/et_pb_text][\/et_pb_column][\/et_pb_row][\/et_pb_section][et_pb_section fb_built=&raquo;1&#8243; module_class=&raquo;grayfix&raquo; _builder_version=&raquo;4.16&#8243; background_color=&raquo;rgba(0,0,0,0.1)&raquo; custom_padding=&raquo;||39px|||&raquo; locked=&raquo;off&raquo; global_colors_info=&raquo;{}&raquo;][et_pb_row _builder_version=&raquo;4.16&#8243; global_colors_info=&raquo;{}&raquo;][et_pb_column type=&raquo;4_4&#8243; _builder_version=&raquo;4.16&#8243; custom_padding=&raquo;|||&raquo; global_colors_info=&raquo;{}&raquo; custom_padding__hover=&raquo;|||&raquo;][et_pb_tabs admin_label=&raquo;Tabs&raquo; _builder_version=&raquo;4.22.2&#8243; background_size=&raquo;initial&raquo; background_position=&raquo;top_left&raquo; background_repeat=&raquo;repeat&raquo; hover_enabled=&raquo;0&#8243; use_border_color=&raquo;off&raquo; border_color=&raquo;#ffffff&raquo; border_style=&raquo;solid&raquo; global_colors_info=&raquo;{}&raquo; sticky_enabled=&raquo;0&#8243;][et_pb_tab title=&raquo;Hoved detaljer&raquo; _builder_version=&raquo;4.16&#8243; background_size=&raquo;initial&raquo; background_position=&raquo;top_left&raquo; background_repeat=&raquo;repeat&raquo; global_colors_info=&raquo;{}&raquo;]<\/p>\n<div class=\"specs\">\n<p><b>KONSTRUKSJON<\/b><br \/>\nH\u00e5ndlagt GRP<br \/>\nIsophtalic gelcoat og polyester overflate<br \/>\nBunnsm\u00f8ring under vannlinje<br \/>\nBalsatre sandwich dekk<br \/>\nPlywoods spant forsterkininger og avstivere<\/p>\n<p><b>ARRANGEMENT<\/b><br \/>\nTre vanntette seksjoner: Lugar\/styrehus,<br \/>\nlasterom og maskinrom<br \/>\nRomslig lugar foran med bysse<br \/>\nStort fiske rom for standard fiskekonteinere<\/p>\n<p><strong>INNREDNING<\/strong><br \/>\nTeak interi\u00f8r<br \/>\nTo senger i full st\u00f8rrelse<br \/>\nSpiseplass med bord for 4 personer<br \/>\nVannklosett<br \/>\nBysse med gaskomfyr og vask<\/p>\n<p><b>KOMPONENTER<\/b><br \/>\nMaskin kontroll<br \/>\nBatterier<br \/>\nVindusviskere<br \/>\nHydraulisk styring<br \/>\nRor med flaps<br \/>\nVHF radio<br \/>\nRadio\/CD spiller<br \/>\nKompass<br \/>\nTrim flaps<br \/>\nAutomatisk og manuell lensepumper<\/p>\n<\/div>\n<div class=\"specs\"><b>ALTERNATIVER<\/b><br \/>\n<em>Landstr\u00f8m 230 V<br \/>\nMikrob\u00f8lgeovn<br \/>\nKaffe trakter<br \/>\nKj\u00f8leskap<br \/>\nTV\/VIDEO\/DVD<br \/>\nVarme\/kj\u00f8le anlegg<br \/>\nOppvarmede vindu<br \/>\nDiesel varmer<br \/>\nVarmt vann fra maskin<br \/>\nAutopilot<br \/>\nGPS \u2013 Kartplotter<br \/>\nEkkolodd<br \/>\nGMDSS<br \/>\nKonverter\/batterilader<br \/>\nCD spiller<br \/>\nPumpe for vasking av dekk<br \/>\nS\u00f8kelys<br \/>\nGenerator<br \/>\nBaug propell<br \/>\n<i>Annet utstyr etter foresp\u00f8rsel<\/i>.<\/em><\/div>\n<div class=\"specs\">\n<p><b>SIKKERHETSUTSTYR<\/b><br \/>\nOppbl\u00e5sbar fl\u00e5te med sikkerhetsutstyr<br \/>\nLivb\u00f8ye<br \/>\nSikkerhets rekkverk<br \/>\nSikkerhetstrinn for enkel adkomst<br \/>\nAutomatisk brann slukking<br \/>\nManuell brann slukning<br \/>\nAnker med kjetting<br \/>\nNavigasjonslys<br \/>\nAlarm system<\/p>\n<\/div>\n<p>[\/et_pb_tab][et_pb_tab title=&raquo;Spesifikasjon&raquo; _builder_version=&raquo;4.22.2&#8243; background_size=&raquo;initial&raquo; background_position=&raquo;top_left&raquo; background_repeat=&raquo;repeat&raquo; hover_enabled=&raquo;0&#8243; global_colors_info=&raquo;{}&raquo; sticky_enabled=&raquo;0&#8243;]<\/p>\n<div class=\"et_pb_tab_content\">\n<div class=\"specs\">\n<dt>Lengste lengde(hull)<\/dt>\n<dd>11.3m (37\u2019 1\u2019\u2019)<\/dd>\n<dt>Lengde med platform *<\/dt>\n<dd>11.9m (39\u2019 1\u2019\u2019)<\/dd>\n<dt>Bredde<\/dt>\n<dd>3.8m (12\u2019 6\u2019\u2019)<\/dd>\n<dt>Dybde m\u00e5l<\/dt>\n<dd>1.5m (4\u2019 11\u2019\u2019)<\/dd>\n<dt>Dyptg\u00e5ende<\/dt>\n<dd>1.1m (3\u2019 7\u2019\u2019)<\/dd>\n<dt>Arbeidsdekk<\/dt>\n<dd>21.7m2 (234 ft2 )<\/dd>\n<dt>Bunkers kapasitet<\/dt>\n<dd>2 x 1000 litre (529 US gall.)<\/dd>\n<dt>Vann kapasitet<\/dt>\n<dd>120 litre (32 US gall.)<\/dd>\n<dt>Lasterom<\/dt>\n<dd>13.5m3 (483 ft3 )<\/dd>\n<\/div>\n<div class=\"specs\">\n<dt>Motor **<\/dt>\n<dd><span class=\"specs_one\">Caterpillar C9.3<\/span> <span class=\"specs_two\">483hp\/2300rpm<\/span> <span class=\"specs_three\">9.3L<\/span><\/dd>\n<dd><span class=\"specs_one\">Caterpillar C12<\/span> <span class=\"specs_two\">578hp\/2300rpm<\/span> <span class=\"specs_three\">12L<\/span><\/dd>\n<dd><span class=\"specs_one\">Cummins QSC8.3<\/span> <span class=\"specs_two\">493hp\/2600rpm<\/span> <span class=\"specs_three\">8.3L<\/span><\/dd>\n<dd><span class=\"specs_one\">Cummins QSM11<\/span> <span class=\"specs_two\">602hp\/2300rpm<\/span> <span class=\"specs_three\">10.8L<\/span><\/dd>\n<dd><span class=\"specs_one\">Doosan LO126TI<\/span> <span class=\"specs_two\">400hp\/2100rpm<\/span> <span class=\"specs_three\">11.1L<\/span><\/dd>\n<dd><span class=\"specs_one\">Doosan 4V158TIM<\/span> <span class=\"specs_two\">600hp\/2100rpm<\/span> <span class=\"specs_three\">14.6L<\/span><\/dd>\n<dd><span class=\"specs_one\">FPT (Iveco) C90 380<\/span> <span class=\"specs_two\">410hp\/2000rpm<\/span> <span class=\"specs_three\">8.7L<\/span><\/dd>\n<dd><span class=\"specs_one\">FPT (Iveco) C16 600<\/span> <span class=\"specs_two\">600hp\/1800rpm<\/span> <span class=\"specs_three\">15.9L<\/span><\/dd>\n<dd><span class=\"specs_one\">Scania D13<\/span> <span class=\"specs_two\">600hp\/2100rpm<\/span> <span class=\"specs_three\">12.7L<\/span><\/dd>\n<dd><span class=\"specs_one\">Volvo Penta D9<\/span> <span class=\"specs_two\">500hp\/2600rpm<\/span> <span class=\"specs_three\">9.4L<\/span><\/dd>\n<dd><span class=\"specs_one\">Volvo Penta D13<\/span> <span class=\"specs_two\">700hp\/2300rpm<\/span> <span class=\"specs_three\">12.8L<\/span><\/dd>\n<dd><span class=\"specs_one\">Yanmar 6HYM-ETE<\/span> <span class=\"specs_two\">700hp\/220rpm<\/span> <span class=\"specs_three\">13.7L<\/span><\/dd>\n<dt>Dobbel motorinstallasjon**:<\/dt>\n<dd><span class=\"specs_one\">2 x FTP (Iveco) N67 450<\/span> <span class=\"specs_two\">2 x 370hp\/3000rpm<\/span> <span class=\"specs_three\">6.7L<\/span><\/dd>\n<dd><span class=\"specs_one\">Volvo Penta IPS 450<\/span> <span class=\"specs_two\">2 x 330hp\/3500rpm<\/span> <span class=\"specs_three\">5.5L<\/span><\/dd>\n<\/div>\n<div class=\"specs\">\n<dt>Gir<\/dt>\n<dd><span class=\"specs_one\">ZF<\/span> <span class=\"specs_two\">325IV<\/span> <span class=\"specs_three\">2.03:1<\/span><\/dd>\n<dd><span class=\"specs_one\">ZF<\/span> <span class=\"specs_two\">286IV<\/span> <span class=\"specs_three\">2.01:1<\/span><\/dd>\n<dd><span class=\"specs_one\">2 x<\/span> <span class=\"specs_two\">ZF80IV<\/span> <span class=\"specs_three\">2.01:1<\/span><\/dd>\n<dt>Propulsion<\/dt>\n<dd>Firebladet propeller<\/dd>\n<dt>Max fart<\/dt>\n<dd>18 \u2013&nbsp;37 knots<\/dd>\n<dt>Arbeids fart<\/dt>\n<dd>12 \u2013 22 knots<\/dd>\n<dt>Rekkevidde<\/dt>\n<dd>400 nm<\/dd>\n<p><i>* &nbsp;&nbsp;&nbsp;Platform is an option<br \/>\n**&nbsp; Andre alternative p\u00e5 foresp\u00f8rsel.<\/i>\n<\/p>\n<\/div>\n<\/div>\n<p>[\/et_pb_tab][et_pb_tab title=&raquo;Fiskeutstyr&raquo; _builder_version=&raquo;4.16&#8243; background_size=&raquo;initial&raquo; background_position=&raquo;top_left&raquo; background_repeat=&raquo;repeat&raquo; global_colors_info=&raquo;{}&raquo;]Lineutstyr<br \/>\nAutoline<br \/>\n  Linehaler<br \/>\nAgnkutter<br \/>\nTilfeldig egning<br \/>\nEgnemaskin<br \/>\nJuksamaskiner<br \/>\nGarnutstyr<br \/>\nTuna line utstyr<br \/>\nTeineutstyr<\/p>\n<p><em>Andre typer fiskeutstyr p\u00e5 foresp\u00f8rsel<\/em>[\/et_pb_tab][\/et_pb_tabs][\/et_pb_column][\/et_pb_row][\/et_pb_section][et_pb_section fb_built=&raquo;1&#8243; _builder_version=&raquo;4.16&#8243; global_colors_info=&raquo;{}&raquo;][et_pb_row _builder_version=&raquo;4.16&#8243; background_size=&raquo;initial&raquo; background_position=&raquo;top_left&raquo; background_repeat=&raquo;repeat&raquo; global_colors_info=&raquo;{}&raquo;][et_pb_column type=&raquo;4_4&#8243; _builder_version=&raquo;4.16&#8243; custom_padding=&raquo;|||&raquo; global_colors_info=&raquo;{}&raquo; custom_padding__hover=&raquo;|||&raquo;][et_pb_gallery gallery_ids=&raquo;327,328,329,330,331,332,333,334,335,336,337,338,339,340,341,342,343,344,345,346,347,348,349,350,351,352,353,354,355,356,357,358,359,360,361,362,363,364,365,366,367,368,369,370&#8243; posts_number=&raquo;99&#8243; show_title_and_caption=&raquo;off&raquo; show_pagination=&raquo;off&raquo; admin_label=&raquo;Gallery&raquo; _builder_version=&raquo;4.16&#8243; use_border_color=&raquo;off&raquo; border_color=&raquo;#ffffff&raquo; border_style=&raquo;solid&raquo; global_colors_info=&raquo;{}&raquo;][\/et_pb_gallery][\/et_pb_column][\/et_pb_row][\/et_pb_section]<\/p>\n","protected":false},"excerpt":{"rendered":"<p>H\u00f8y fart, H\u00f8y kapasitet &amp; H\u00f8y Kvalitet! Cleopatra 38 er trolig det mest egnede fart\u00f8y i sin klasse.\u201dCleopatra 38\u201d er en h\u00f8y fart og h\u00f8y kvalitets arbeidsb\u00e5t designet for \u00e5 m\u00f8te den eksakte standard som en profesjonell fisker trenger for \u00e5 arbeide i de t\u00f8ffe forholdene i den Nord Atlantiske Havomr\u00e5der. Som dens mindre s\u00f8stre [&hellip;]<\/p>\n","protected":false},"author":2,"featured_media":0,"parent":677,"menu_order":0,"comment_status":"open","ping_status":"open","template":"","meta":{"_et_pb_use_builder":"on","_et_pb_old_content":"","_et_gb_content_width":"","footnotes":""},"class_list":["post-684","page","type-page","status-publish","hentry"],"_links":{"self":[{"href":"https:\/\/cleopatra.is\/nb\/wp-json\/wp\/v2\/pages\/684","targetHints":{"allow":["GET"]}}],"collection":[{"href":"https:\/\/cleopatra.is\/nb\/wp-json\/wp\/v2\/pages"}],"about":[{"href":"https:\/\/cleopatra.is\/nb\/wp-json\/wp\/v2\/types\/page"}],"author":[{"embeddable":true,"href":"https:\/\/cleopatra.is\/nb\/wp-json\/wp\/v2\/users\/2"}],"replies":[{"embeddable":true,"href":"https:\/\/cleopatra.is\/nb\/wp-json\/wp\/v2\/comments?post=684"}],"version-history":[{"count":1,"href":"https:\/\/cleopatra.is\/nb\/wp-json\/wp\/v2\/pages\/684\/revisions"}],"predecessor-version":[{"id":15755,"href":"https:\/\/cleopatra.is\/nb\/wp-json\/wp\/v2\/pages\/684\/revisions\/15755"}],"up":[{"embeddable":true,"href":"https:\/\/cleopatra.is\/nb\/wp-json\/wp\/v2\/pages\/677"}],"wp:attachment":[{"href":"https:\/\/cleopatra.is\/nb\/wp-json\/wp\/v2\/media?parent=684"}],"curies":[{"name":"wp","href":"https:\/\/api.w.org\/{rel}","templated":true}]}}