{"id":682,"date":"2015-07-04T13:24:06","date_gmt":"2015-07-04T13:24:06","guid":{"rendered":"https:\/\/nytt.cleopatra.is\/nb\/?page_id=682"},"modified":"2024-04-19T14:40:34","modified_gmt":"2024-04-19T14:40:34","slug":"cleopatra-33","status":"publish","type":"page","link":"https:\/\/cleopatra.is\/nb\/fiskebater\/cleopatra-33\/","title":{"rendered":"Cleopatra 33"},"content":{"rendered":"<p>[et_pb_section fb_built=&raquo;1&#8243; _builder_version=&raquo;4.16&#8243; custom_padding=&raquo;||4px|||&raquo; top_divider_color=&raquo;#d30300&#8243; locked=&raquo;off&raquo; global_colors_info=&raquo;{}&raquo;][et_pb_row _builder_version=&raquo;4.16&#8243; custom_padding=&raquo;3px|0px|4px|0px|false|false&raquo; global_colors_info=&raquo;{}&raquo;][et_pb_column type=&raquo;4_4&#8243; _builder_version=&raquo;4.16&#8243; custom_padding=&raquo;|||&raquo; global_colors_info=&raquo;{}&raquo; custom_padding__hover=&raquo;|||&raquo;][et_pb_image src=&raquo;https:\/\/cleopatra.is\/wp-content\/uploads\/2019\/08\/c33logo.png&raquo; align_tablet=&raquo;center&raquo; align_phone=&raquo;&raquo; align_last_edited=&raquo;on|desktop&raquo; _builder_version=&raquo;4.16&#8243; transform_scale=&raquo;47%|47%&raquo; transform_translate=&raquo;-8px|58px&raquo; animation_style=&raquo;fade&raquo; global_colors_info=&raquo;{}&raquo;][\/et_pb_image][\/et_pb_column][\/et_pb_row][et_pb_row column_structure=&raquo;1_5,3_5,1_5&#8243; _builder_version=&raquo;4.16&#8243; global_colors_info=&raquo;{}&raquo;][et_pb_column type=&raquo;1_5&#8243; _builder_version=&raquo;4.16&#8243; custom_padding=&raquo;|||&raquo; global_colors_info=&raquo;{}&raquo; custom_padding__hover=&raquo;|||&raquo;][\/et_pb_column][et_pb_column type=&raquo;3_5&#8243; _builder_version=&raquo;4.16&#8243; custom_padding=&raquo;|||&raquo; global_colors_info=&raquo;{}&raquo; custom_padding__hover=&raquo;|||&raquo;][et_pb_text admin_label=&raquo;Text&raquo; _builder_version=&raquo;4.16&#8243; background_size=&raquo;initial&raquo; background_position=&raquo;top_left&raquo; background_repeat=&raquo;repeat&raquo; custom_padding=&raquo;0px|||||&raquo; use_border_color=&raquo;off&raquo; border_color=&raquo;#ffffff&raquo; border_style=&raquo;solid&raquo; global_colors_info=&raquo;{}&raquo;]<\/p>\n<h4 style=\"text-align: center;\"><strong>Bring hjem verdifull last uten \u00e5 inng\u00e5 kompromi med b\u00e5tens inntigritet og sikkerhet.<\/strong><\/h4>\n<p>[\/et_pb_text][\/et_pb_column][et_pb_column type=&raquo;1_5&#8243; _builder_version=&raquo;4.16&#8243; custom_padding=&raquo;|||&raquo; global_colors_info=&raquo;{}&raquo; custom_padding__hover=&raquo;|||&raquo;][\/et_pb_column][\/et_pb_row][et_pb_row column_structure=&raquo;1_2,1_2&#8243; make_equal=&raquo;on&raquo; _builder_version=&raquo;4.16&#8243; custom_padding=&raquo;40px|0px|39px|0px|false|false&raquo; global_colors_info=&raquo;{}&raquo;][et_pb_column type=&raquo;1_2&#8243; _builder_version=&raquo;4.16&#8243; custom_padding=&raquo;|||&raquo; global_colors_info=&raquo;{}&raquo; custom_padding__hover=&raquo;|||&raquo;][et_pb_text admin_label=&raquo;Text&raquo; _builder_version=&raquo;4.16&#8243; background_size=&raquo;initial&raquo; background_position=&raquo;top_left&raquo; background_repeat=&raquo;repeat&raquo; use_border_color=&raquo;off&raquo; border_color=&raquo;#ffffff&raquo; border_style=&raquo;solid&raquo; global_colors_info=&raquo;{}&raquo;]<\/p>\n<div class=\"et_pb_column et_pb_column_3_4 et_pb_column_1 et_pb_css_mix_blend_mode_passthrough\">\n<div class=\"et_pb_module et_pb_text et_pb_text_0 et_pb_text_align_left et_pb_bg_layout_light\">\n<div class=\"et_pb_text_inner\">\n<p>Det unike designet av en Cleopatra er hemmligheten til den kontinuerlige suksessen. N\u00e5r en skal designe en fiskeb\u00e5t, er det klart viktigste krav fra en professjonell fisker, hvor verdifull fangsten en skal ta med hjem er etter et endt sj\u00f8v\u00e6r. TREFJAR har plassert maskin i den bakre seksjonen av b\u00e5ten. Dette gj\u00f8r at en kan ha et 10 m<sup>3<\/sup>\u00a0stort fiskerom rett foran center seksjon av b\u00e5ten.<\/p>\n<p>N\u00e5r lastet er b\u00e5ten ekstremt stabil og selvsagt et sikkert arbeidsdekk. B\u00e5ten er utstyrt med fiskeutstyr av h\u00f8y kvalitet og kan bli utstyrt for line, juksa, garn, snurrevad etc.<\/p>\n<\/div>\n<\/div>\n<\/div>\n<div class=\"et_pb_column et_pb_column_1_4 et_pb_column_2 et_pb_css_mix_blend_mode_passthrough et-last-child\"><\/div>\n<p>[\/et_pb_text][\/et_pb_column][et_pb_column type=&raquo;1_2&#8243; _builder_version=&raquo;4.16&#8243; custom_padding=&raquo;0px|25px|0px|&raquo; global_colors_info=&raquo;{}&raquo; custom_padding__hover=&raquo;|||&raquo;][et_pb_image src=&raquo;https:\/\/cleopatra.is\/wp-content\/uploads\/2015\/07\/IMG_6210.jpg&raquo; force_fullwidth=&raquo;on&raquo; align_tablet=&raquo;center&raquo; align_phone=&raquo;&raquo; align_last_edited=&raquo;on|desktop&raquo; admin_label=&raquo;Image&raquo; _builder_version=&raquo;4.16&#8243; custom_margin=&raquo;0px||&raquo; animation_style=&raquo;slide&raquo; animation_direction=&raquo;left&raquo; animation_duration=&raquo;500ms&raquo; animation_intensity_slide=&raquo;10%&raquo; animation=&raquo;left&raquo; sticky=&raquo;off&raquo; use_border_color=&raquo;off&raquo; border_color=&raquo;#ffffff&raquo; border_style=&raquo;solid&raquo; global_colors_info=&raquo;{}&raquo;][\/et_pb_image][\/et_pb_column][\/et_pb_row][et_pb_row column_structure=&raquo;1_2,1_2&#8243; _builder_version=&raquo;4.16&#8243; background_size=&raquo;initial&raquo; background_position=&raquo;top_left&raquo; background_repeat=&raquo;repeat&raquo; custom_padding=&raquo;0|0px|40px|0px|false|false&raquo; global_colors_info=&raquo;{}&raquo;][et_pb_column type=&raquo;1_2&#8243; _builder_version=&raquo;4.16&#8243; custom_padding=&raquo;|||&raquo; global_colors_info=&raquo;{}&raquo; custom_padding__hover=&raquo;|||&raquo;][et_pb_image src=&raquo;https:\/\/cleopatra.is\/wp-content\/uploads\/2015\/07\/IMG_3379.jpg&raquo; force_fullwidth=&raquo;on&raquo; align_tablet=&raquo;center&raquo; align_phone=&raquo;&raquo; align_last_edited=&raquo;on|desktop&raquo; disabled_on=&raquo;on|on|off&raquo; admin_label=&raquo;Image&raquo; _builder_version=&raquo;4.16&#8243; animation_style=&raquo;slide&raquo; animation_direction=&raquo;left&raquo; animation_duration=&raquo;500ms&raquo; animation_intensity_slide=&raquo;10%&raquo; animation=&raquo;left&raquo; sticky=&raquo;off&raquo; use_border_color=&raquo;off&raquo; border_color=&raquo;#ffffff&raquo; border_style=&raquo;solid&raquo; global_colors_info=&raquo;{}&raquo;][\/et_pb_image][\/et_pb_column][et_pb_column type=&raquo;1_2&#8243; _builder_version=&raquo;4.16&#8243; custom_padding=&raquo;|||&raquo; global_colors_info=&raquo;{}&raquo; custom_padding__hover=&raquo;|||&raquo;][et_pb_text admin_label=&raquo;Text&raquo; _builder_version=&raquo;4.16&#8243; background_size=&raquo;initial&raquo; background_position=&raquo;top_left&raquo; background_repeat=&raquo;repeat&raquo; use_border_color=&raquo;off&raquo; border_color=&raquo;#ffffff&raquo; border_style=&raquo;solid&raquo; global_colors_info=&raquo;{}&raquo;]&nbsp;<\/p>\n<p>&nbsp;<\/p>\n<p>&nbsp;<\/p>\n<p>\u201dCleopatra Fisherman\u201d er bygget i henhold til Nordisk B\u00e5tstandard og byggekvaliteten er uten kompromi og designet for \u00e5 tilfredstille de harde arbeidsforholdene som de Nord Atlantiske havomr\u00e5der er \u00e5ret rundt.<\/p>\n<p>&nbsp;<\/p>\n<p>Vi mener at v\u00e5rt produkt er det beste som er tilgjengelig og vi har et \u00f8kende antall Cleopatra skippere som et resultat.[\/et_pb_text][\/et_pb_column][\/et_pb_row][\/et_pb_section][et_pb_section fb_built=&raquo;1&#8243; module_class=&raquo;grayfix&raquo; _builder_version=&raquo;4.16&#8243; custom_padding=&raquo;22px|0px|19px|0px|false|false&raquo; top_divider_color=&raquo;#8300e9&#8243; bottom_divider_style=&raquo;curve&raquo; bottom_divider_color=&raquo;rgba(0,0,0,0.1)&raquo; locked=&raquo;off&raquo; global_colors_info=&raquo;{}&raquo;][et_pb_row _builder_version=&raquo;4.16&#8243; custom_padding=&raquo;40px|0px|80px|0px|false|false&raquo; global_colors_info=&raquo;{}&raquo;][et_pb_column type=&raquo;4_4&#8243; _builder_version=&raquo;4.16&#8243; custom_padding=&raquo;|||&raquo; global_colors_info=&raquo;{}&raquo; custom_padding__hover=&raquo;|||&raquo;][et_pb_text _builder_version=&raquo;4.16&#8243; text_font=&raquo;||||||||&raquo; text_text_color=&raquo;#e02b20&#8243; header_font=&raquo;||||||||&raquo; inline_fonts=&raquo;Acme,Actor&raquo; global_colors_info=&raquo;{}&raquo;]<\/p>\n<p style=\"text-align: center;\"><span style=\"color: #e02b20; font-family: Actor; font-size: x-large;\"><i>Har du r\u00e5d til \u00e5 n\u00f8ye deg med mindre?<\/i><\/span><\/p>\n<p>[\/et_pb_text][\/et_pb_column][\/et_pb_row][\/et_pb_section][et_pb_section fb_built=&raquo;1&#8243; module_class=&raquo;grayfix&raquo; _builder_version=&raquo;4.16&#8243; background_color=&raquo;rgba(0,0,0,0.1)&raquo; custom_padding=&raquo;||39px|||&raquo; locked=&raquo;off&raquo; global_colors_info=&raquo;{}&raquo;][et_pb_row _builder_version=&raquo;4.16&#8243; global_colors_info=&raquo;{}&raquo;][et_pb_column type=&raquo;4_4&#8243; _builder_version=&raquo;4.16&#8243; custom_padding=&raquo;|||&raquo; global_colors_info=&raquo;{}&raquo; custom_padding__hover=&raquo;|||&raquo;][et_pb_tabs admin_label=&raquo;Tabs&raquo; _builder_version=&raquo;4.24.2&#8243; background_size=&raquo;initial&raquo; background_position=&raquo;top_left&raquo; background_repeat=&raquo;repeat&raquo; hover_enabled=&raquo;0&#8243; use_border_color=&raquo;off&raquo; border_color=&raquo;#ffffff&raquo; border_style=&raquo;solid&raquo; global_colors_info=&raquo;{}&raquo; sticky_enabled=&raquo;0&#8243;][et_pb_tab title=&raquo;Hoved detaljer&raquo; _builder_version=&raquo;4.16&#8243; background_size=&raquo;initial&raquo; background_position=&raquo;top_left&raquo; background_repeat=&raquo;repeat&raquo; global_colors_info=&raquo;{}&raquo;]<\/p>\n<div class=\"specs\">\n<p><b>KONSTRUKSJON<\/b><br \/>\nH\u00e5ndlagt GRP<br \/>\nIsophtalic gelcoat og polyester overflate<br \/>\nBunnsm\u00f8ring under vannlinje<br \/>\nBalsatre sandwich dekk<br \/>\nPlywoods spant forsterkininger og avstivere<\/p>\n<p><b>ARRANGEMENT<\/b><br \/>\nTre vanntette seksjoner: Lugar\/styrehus,<br \/>\nlasterom og maskinrom<br \/>\nRomslig lugar foran med bysse<br \/>\nStort fiske rom for standard fiskekonteinere<br \/>\nDiesel motor montert bak Med V-gearboks<\/p>\n<p><b>INNREDNING<\/b><br \/>\nTeak interi\u00f8r<br \/>\n2 full st\u00f8rrelse k\u00f8yer<br \/>\nBysse med gass ovn og vask<\/p>\n<p><b>KOMPONENTER<\/b><br \/>\nMaskin kontroll<br \/>\nBatterier<br \/>\nVindusviskere<br \/>\nHydraulisk styring<br \/>\nRor med flaps<br \/>\nVHF radio<br \/>\nRadio\/CD spiller<br \/>\nKompass<br \/>\nTrim flaps<br \/>\nAutomatisk og manuell lensepumper<\/p>\n<\/div>\n<div class=\"specs\"><b>ALTERNATIVER<\/b><br \/>\nLandstr\u00f8m 230 V<br \/>\nMikrob\u00f8lgeovn<br \/>\nKaffe trakter<br \/>\nKj\u00f8leskap<br \/>\nTV\/VIDEO\/DVD<br \/>\nVarme\/kj\u00f8le anlegg<br \/>\nOppvarmede vindu<br \/>\nDiesel varmer<br \/>\nVarmt vann fra maskin<br \/>\nAutopilot<br \/>\nGPS \u2013 Kartplotter<br \/>\nEkkolodd<br \/>\nGMDSS<br \/>\nKonverter\/batterilader<br \/>\nCD spiller<br \/>\nPumpe for vasking av dekk<br \/>\nS\u00f8kelys<br \/>\nGenerator<br \/>\nBaug propell<\/p>\n<p><i>Annet utstyr etter foresp\u00f8rsel<\/i><\/div>\n<div><\/div>\n<div class=\"specs\"><b>SIKKERHETSUTSTYR<\/b><br \/>\nOppbl\u00e5sbar fl\u00e5te <b><\/b>med sikkerhetsutstyr<br \/>\nLivb\u00f8ye<br \/>\nSikkerhets rekkverk<br \/>\nSikkerhetstrinn for enkel adkomst<br \/>\nAutomatisk brann slukking<br \/>\nManuell brann slukning<br \/>\nAnker med kjetting<br \/>\nNavigasjonslys<br \/>\nAlarm system<\/div>\n<p>[\/et_pb_tab][et_pb_tab title=&raquo;Spesifikasjon&raquo; _builder_version=&raquo;4.16&#8243; background_size=&raquo;initial&raquo; background_position=&raquo;top_left&raquo; background_repeat=&raquo;repeat&raquo; global_colors_info=&raquo;{}&raquo;]<\/p>\n<div class=\"specs\">\n<dt>Lengste lengde<\/dt>\n<dd>9.9m (32\u2019 5\u2019\u2019)<\/dd>\n<dt>Bredde<\/dt>\n<dd>3.6m (11\u2019 10\u2019\u2019)<\/dd>\n<dt>Dybde m\u00e5l<\/dt>\n<dd>1.4m (4\u2019 7\u2019\u2019)<\/dd>\n<dt>Dyptg\u00e5ende<\/dt>\n<dd>1.0m (3\u2019 3\u2019\u2019)<\/dd>\n<dt>Arbeidsdekk<\/dt>\n<dd>18.7m<sup>2<\/sup> (208 ft<sup>2<\/sup> )<\/dd>\n<dt>Bunkers kapasitet<\/dt>\n<dd>900 litre (238 US gall.)<\/dd>\n<dt>Vann kapasitet<\/dt>\n<dd>120 litre (32 US gall.)<\/dd>\n<dt>Lasterom<\/dt>\n<dd>10m<sup>3<\/sup> (353 ft<sup>3<\/sup> )<\/dd>\n<\/div>\n<div class=\"specs\">\n<dt>Motor*<\/dt>\n<dd><span class=\"specs_one\">Caterpillar C.7<\/span> <span class=\"specs_two\">406hp\/2600rpm<\/span> <span class=\"specs_three\">7L<\/span><\/dd>\n<dd><span class=\"specs_one\">Caterpillar C9.3<\/span> <span class=\"specs_two\">483hp\/2300rpm<\/span> <span class=\"specs_three\">9.3L<\/span><\/dd>\n<dd><span class=\"specs_one\">Cummins QSC8.3<\/span> <span class=\"specs_two\">493hp\/2600rpm<\/span> <span class=\"specs_three\">8.3L<\/span><\/dd>\n<dd><span class=\"specs_one\">Doosan L086<\/span> <span class=\"specs_two\">315hp\/2300rpm<\/span> <span class=\"specs_three\">8.1L<\/span><\/dd>\n<dd><span class=\"specs_one\">FPT (Iveco) C90 380<\/span> <span class=\"specs_two\">410hp\/2000rpm<\/span> <span class=\"specs_three\">8.7L<\/span><\/dd>\n<dd><span class=\"specs_one\">FPT (Iveco) C90 620<\/span> <span class=\"specs_two\">500hp\/2530rpm<\/span> <span class=\"specs_three\">8.7L<\/span><\/dd>\n<dd><span class=\"specs_one\">Volvo Penta D9<\/span> <span class=\"specs_two\">500hp\/2600rpm<\/span> <span class=\"specs_three\">9.4L<\/span><\/dd>\n<dd><span class=\"specs_one\"> Yanmar 6CXBM-GT<\/span> <span class=\"specs_two\">509hp\/2700rpm<\/span> <span class=\"specs_three\">7.4L<\/span><\/dd>\n<\/div>\n<div class=\"specs\">\n<dt>Gir<\/dt>\n<dd><span class=\"specs_one\">ZF<\/span> <span class=\"specs_two\">286IV<\/span> <span class=\"specs_three\">2.01:1<\/span><\/dd>\n<dt>Propulsion<\/dt>\n<dd>Firebladet propeller<\/dd>\n<dt>Max fart<\/dt>\n<dd>18 \u2013 27 knots<\/dd>\n<dt>Arbeids fart<\/dt>\n<dd>12 \u2013 18 knots<\/dd>\n<dt>Rekkevidde<\/dt>\n<dd>200 nm<\/dd>\n<p><em>* Andre alternative p\u00e5 foresp\u00f8rsel.<\/em>\n<\/p>\n<\/div>\n<p>[\/et_pb_tab][et_pb_tab title=&raquo;Fiske utstyr&raquo; _builder_version=&raquo;4.16&#8243; background_size=&raquo;initial&raquo; background_position=&raquo;top_left&raquo; background_repeat=&raquo;repeat&raquo; global_colors_info=&raquo;{}&raquo;]Lineutstyr<br \/>\nAutoline<br \/>\n<i>\u00a0\u00a0Linehaler<br \/>\nAgnkutter<br \/>\nTilfeldig egning<br \/>\nEgnemaskin<br \/>\n<\/i>Juksamaskiner<br \/>\nGarnutstyr<br \/>\nTuna line utstyr<br \/>\nTeineutstyr<\/p>\n<div class=\"jwts_tabbertab\" title=\"Fiskeutstyr\"><i>Andre typer fiskeutstyr p\u00e5 foresp\u00f8rsel<\/i><\/div>\n<p>[\/et_pb_tab][\/et_pb_tabs][\/et_pb_column][\/et_pb_row][\/et_pb_section][et_pb_section fb_built=&raquo;1&#8243; _builder_version=&raquo;4.16&#8243; global_colors_info=&raquo;{}&raquo;][et_pb_row _builder_version=&raquo;4.16&#8243; background_size=&raquo;initial&raquo; background_position=&raquo;top_left&raquo; background_repeat=&raquo;repeat&raquo; global_colors_info=&raquo;{}&raquo;][et_pb_column type=&raquo;4_4&#8243; _builder_version=&raquo;4.16&#8243; custom_padding=&raquo;|||&raquo; global_colors_info=&raquo;{}&raquo; custom_padding__hover=&raquo;|||&raquo;][et_pb_gallery gallery_ids=&raquo;287,288,289,290,291,292,293,294,295,296,297,298,299,300,301,302,303,304,305,306,307,308,309,310,311,312,313,314,315,316,317,318,319,320&#8243; posts_number=&raquo;99&#8243; show_title_and_caption=&raquo;off&raquo; show_pagination=&raquo;off&raquo; admin_label=&raquo;Gallery&raquo; _builder_version=&raquo;4.16&#8243; use_border_color=&raquo;off&raquo; border_color=&raquo;#ffffff&raquo; border_style=&raquo;solid&raquo; global_colors_info=&raquo;{}&raquo;][\/et_pb_gallery][\/et_pb_column][\/et_pb_row][\/et_pb_section]<\/p>\n","protected":false},"excerpt":{"rendered":"<p>Bring hjem verdifull last uten \u00e5 inng\u00e5 kompromi med b\u00e5tens inntigritet og sikkerhet. Det unike designet av en Cleopatra er hemmligheten til den kontinuerlige suksessen. N\u00e5r en skal designe en fiskeb\u00e5t, er det klart viktigste krav fra en professjonell fisker, hvor verdifull fangsten en skal ta med hjem er etter et endt sj\u00f8v\u00e6r. TREFJAR har [&hellip;]<\/p>\n","protected":false},"author":2,"featured_media":0,"parent":677,"menu_order":0,"comment_status":"open","ping_status":"open","template":"","meta":{"_et_pb_use_builder":"on","_et_pb_old_content":"","_et_gb_content_width":"","footnotes":""},"class_list":["post-682","page","type-page","status-publish","hentry"],"_links":{"self":[{"href":"https:\/\/cleopatra.is\/nb\/wp-json\/wp\/v2\/pages\/682","targetHints":{"allow":["GET"]}}],"collection":[{"href":"https:\/\/cleopatra.is\/nb\/wp-json\/wp\/v2\/pages"}],"about":[{"href":"https:\/\/cleopatra.is\/nb\/wp-json\/wp\/v2\/types\/page"}],"author":[{"embeddable":true,"href":"https:\/\/cleopatra.is\/nb\/wp-json\/wp\/v2\/users\/2"}],"replies":[{"embeddable":true,"href":"https:\/\/cleopatra.is\/nb\/wp-json\/wp\/v2\/comments?post=682"}],"version-history":[{"count":1,"href":"https:\/\/cleopatra.is\/nb\/wp-json\/wp\/v2\/pages\/682\/revisions"}],"predecessor-version":[{"id":15761,"href":"https:\/\/cleopatra.is\/nb\/wp-json\/wp\/v2\/pages\/682\/revisions\/15761"}],"up":[{"embeddable":true,"href":"https:\/\/cleopatra.is\/nb\/wp-json\/wp\/v2\/pages\/677"}],"wp:attachment":[{"href":"https:\/\/cleopatra.is\/nb\/wp-json\/wp\/v2\/media?parent=682"}],"curies":[{"name":"wp","href":"https:\/\/api.w.org\/{rel}","templated":true}]}}