{"id":680,"date":"2015-07-04T13:21:49","date_gmt":"2015-07-04T13:21:49","guid":{"rendered":"https:\/\/nytt.cleopatra.is\/nb\/?page_id=680"},"modified":"2020-02-21T13:43:12","modified_gmt":"2020-02-21T13:43:12","slug":"cleopatra-31","status":"publish","type":"page","link":"https:\/\/cleopatra.is\/nb\/fiskebater\/cleopatra-31\/","title":{"rendered":"Cleopatra 31"},"content":{"rendered":"<p>[et_pb_section fb_built=&raquo;1&#8243; _builder_version=&raquo;3.27.3&#8243; custom_padding=&raquo;||4px|||&raquo; top_divider_color=&raquo;#d30300&#8243; locked=&raquo;off&raquo;][et_pb_row _builder_version=&raquo;3.25&#8243; custom_padding=&raquo;3px|0px|4px|0px|false|false&raquo;][et_pb_column type=&raquo;4_4&#8243; _builder_version=&raquo;3.25&#8243; custom_padding=&raquo;|||&raquo; custom_padding__hover=&raquo;|||&raquo;][et_pb_image src=&raquo;https:\/\/cleopatra.is\/wp-content\/uploads\/2019\/08\/c31logo.png&raquo; align_tablet=&raquo;center&raquo; align_phone=&raquo;&raquo; align_last_edited=&raquo;on|desktop&raquo; _builder_version=&raquo;3.27.3&#8243; transform_scale=&raquo;47%|47%&raquo; transform_translate=&raquo;-8px|58px&raquo; animation_style=&raquo;fade&raquo;][\/et_pb_image][\/et_pb_column][\/et_pb_row][et_pb_row column_structure=&raquo;1_5,3_5,1_5&#8243; _builder_version=&raquo;3.25&#8243;][et_pb_column type=&raquo;1_5&#8243; _builder_version=&raquo;3.25&#8243; custom_padding=&raquo;|||&raquo; custom_padding__hover=&raquo;|||&raquo;][\/et_pb_column][et_pb_column type=&raquo;3_5&#8243; _builder_version=&raquo;3.25&#8243; custom_padding=&raquo;|||&raquo; custom_padding__hover=&raquo;|||&raquo;][et_pb_text admin_label=&raquo;Text&raquo; _builder_version=&raquo;3.27.4&#8243; background_size=&raquo;initial&raquo; background_position=&raquo;top_left&raquo; background_repeat=&raquo;repeat&raquo; custom_padding=&raquo;0px|||||&raquo; use_border_color=&raquo;off&raquo; border_color=&raquo;#ffffff&raquo; border_style=&raquo;solid&raquo;]<\/p>\n<h4 style=\"text-align: center;\"><strong>\u201cCleopatra Fisherman 31\u201d er en \u201culv\u00a0i f\u00e5rekl\u00e6r\u201d<\/strong><\/h4>\n<p>[\/et_pb_text][\/et_pb_column][et_pb_column type=&raquo;1_5&#8243; _builder_version=&raquo;3.25&#8243; custom_padding=&raquo;|||&raquo; custom_padding__hover=&raquo;|||&raquo;][\/et_pb_column][\/et_pb_row][et_pb_row column_structure=&raquo;1_2,1_2&#8243; make_equal=&raquo;on&raquo; _builder_version=&raquo;3.25&#8243; custom_padding=&raquo;40px|0px|39px|0px|false|false&raquo;][et_pb_column type=&raquo;1_2&#8243; _builder_version=&raquo;3.25&#8243; custom_padding=&raquo;|||&raquo; custom_padding__hover=&raquo;|||&raquo;][et_pb_text admin_label=&raquo;Text&raquo; _builder_version=&raquo;3.27.4&#8243; background_size=&raquo;initial&raquo; background_position=&raquo;top_left&raquo; background_repeat=&raquo;repeat&raquo; use_border_color=&raquo;off&raquo; border_color=&raquo;#ffffff&raquo; border_style=&raquo;solid&raquo;]<strong>Cleopatra 31 er litt mindre enn v\u00e5r \u201dCleopatra 33\u201d men har beholdt alle fordelene som h\u00f8rer til en kvalitetsb\u00e5t. Det store 10 m3 fiskerommet og omtrent den samme dekksplassen gj\u00f8r Cleopatra 31 til et attraktivt alternativ.<\/strong><\/p>\n<p>Alle Cleopatra modeller er bygget av h\u00f8yeste standard og komfort tilpasset krav fra ulike maritime myndigheter rundt om i verden og \u201dCleopatra 31\u201d er ikke noe unntak men gir deg gode fordeler[\/et_pb_text][\/et_pb_column][et_pb_column type=&raquo;1_2&#8243; _builder_version=&raquo;3.25&#8243; custom_padding=&raquo;0px|25px|0px|&raquo; custom_padding__hover=&raquo;|||&raquo;][et_pb_image src=&raquo;https:\/\/cleopatra.is\/wp-content\/uploads\/2015\/07\/Boat_IMG_9272crop.jpg&raquo; force_fullwidth=&raquo;on&raquo; align_tablet=&raquo;center&raquo; align_phone=&raquo;&raquo; align_last_edited=&raquo;on|desktop&raquo; admin_label=&raquo;Image&raquo; _builder_version=&raquo;3.27.3&#8243; custom_margin=&raquo;0px||&raquo; animation_style=&raquo;slide&raquo; animation_direction=&raquo;left&raquo; animation_duration=&raquo;500ms&raquo; animation_intensity_slide=&raquo;10%&raquo; animation=&raquo;left&raquo; sticky=&raquo;off&raquo; use_border_color=&raquo;off&raquo; border_color=&raquo;#ffffff&raquo; border_style=&raquo;solid&raquo;][\/et_pb_image][\/et_pb_column][\/et_pb_row][\/et_pb_section][et_pb_section fb_built=&raquo;1&#8243; module_class=&raquo;grayfix&raquo; _builder_version=&raquo;3.22.7&#8243; custom_padding=&raquo;22px|0px|19px|0px|false|false&raquo; top_divider_color=&raquo;#8300e9&#8243; bottom_divider_style=&raquo;curve&raquo; bottom_divider_color=&raquo;rgba(0,0,0,0.1)&raquo; locked=&raquo;off&raquo;][et_pb_row _builder_version=&raquo;3.25&#8243; custom_padding=&raquo;40px|0px|80px|0px|false|false&raquo;][et_pb_column type=&raquo;4_4&#8243; _builder_version=&raquo;3.25&#8243; custom_padding=&raquo;|||&raquo; custom_padding__hover=&raquo;|||&raquo;][et_pb_text _builder_version=&raquo;3.27.4&#8243; text_font=&raquo;||||||||&raquo; text_text_color=&raquo;#e02b20&#8243; header_font=&raquo;||||||||&raquo; inline_fonts=&raquo;Acme,Actor&raquo;]<\/p>\n<p style=\"text-align: center;\"><span style=\"color: #e02b20; font-family: Actor; font-size: x-large;\"><i>Har du r\u00e5d til \u00e5 n\u00f8ye deg med mindre?<\/i><\/span><\/p>\n<p>[\/et_pb_text][\/et_pb_column][\/et_pb_row][\/et_pb_section][et_pb_section fb_built=&raquo;1&#8243; module_class=&raquo;grayfix&raquo; _builder_version=&raquo;3.22.7&#8243; background_color=&raquo;rgba(0,0,0,0.1)&raquo; custom_padding=&raquo;||39px|||&raquo; locked=&raquo;off&raquo;][et_pb_row _builder_version=&raquo;3.25&#8243;][et_pb_column type=&raquo;4_4&#8243; _builder_version=&raquo;3.25&#8243; custom_padding=&raquo;|||&raquo; custom_padding__hover=&raquo;|||&raquo;][et_pb_tabs admin_label=&raquo;Tabs&raquo; _builder_version=&raquo;4.3.2&#8243; background_size=&raquo;initial&raquo; background_position=&raquo;top_left&raquo; background_repeat=&raquo;repeat&raquo; use_border_color=&raquo;off&raquo; border_color=&raquo;#ffffff&raquo; border_style=&raquo;solid&raquo;][et_pb_tab title=&raquo;Hoved detaljer&raquo; _builder_version=&raquo;3.27.3&#8243; background_size=&raquo;initial&raquo; background_position=&raquo;top_left&raquo; background_repeat=&raquo;repeat&raquo;]<\/p>\n<div class=\"specs\">\n<p><strong>KONSTRUKSJON<\/strong><br \/>\nH\u00e5ndlagt GRP<br \/>\nIsophtalic gelcoat og polyester overflate<br \/>\nBunnsm\u00f8ring under vannlinje<br \/>\nBalsatre sandwich dekk<br \/>\nPlywoods spant forsterkininger og avstivere<\/p>\n<p><strong>ARRANGEMENT<\/strong><br \/>\nTre vanntette seksjoner: Lugar\/styrehus, lasterom og maskinrom<br \/>\nRomslig lugar foran med bysse<br \/>\nStort fiske rom for standard fiskekonteinere<br \/>\nDiesel motor montert bak Med V-gearboks<\/p>\n<p><strong>KOMPONENTER<\/strong><br \/>\nMaskin kontroll<br \/>\nBatterier<br \/>\nVindusviskere<br \/>\nHydraulisk styring<br \/>\nRor med flaps<br \/>\nVHF radio<br \/>\nRadio\/CD spiller<br \/>\nKompass<br \/>\nTrim flaps<br \/>\nAutomatisk og manuell lensepumper<\/p>\n<\/div>\n<div class=\"specs\">\n<p><strong>INNREDNING<\/strong><br \/>\nTeak interi\u00f8r<br \/>\n2 full st\u00f8rrelse k\u00f8yer<br \/>\nBysse med gass ovn og vask<\/p>\n<p><strong>ALTERNATIVER<\/strong><br \/>\nLandstr\u00f8m 230 V<br \/>\nMikrob\u00f8lgeovn<br \/>\nKaffe trakter<br \/>\nKj\u00f8leskap<br \/>\nTV\/VIDEO\/DVD<br \/>\nVarme\/kj\u00f8le anlegg<br \/>\nOppvarmede vindu<br \/>\nDiesel varmer<br \/>\nVarmt vann fra maskin<br \/>\nAutopilot<br \/>\nGPS \u2013 Kartplotter<br \/>\nEkkolodd<br \/>\nGMDSS<br \/>\nKonverter\/batterilader<br \/>\nCD spiller<br \/>\nPumpe for vasking av dekk<br \/>\nS\u00f8kelys<br \/>\nGenerator<br \/>\nBaug propell<\/p>\n<p><em>Annet utstyr etter foresp\u00f8rsel<\/em><\/p>\n<\/div>\n<div class=\"specs\"><strong>SIKKERHETSUTSTYR<\/strong><br \/>\nOppbl\u00e5sbar fl\u00e5te med sikkerhetsutstyr<br \/>\nLivb\u00f8ye<br \/>\nSikkerhets rekkverk<br \/>\nSikkerhetstrinn for enkel adkomst<br \/>\nAutomatisk brann slukking<br \/>\nManuell brann slukning<br \/>\nAnker med kjetting<br \/>\nNavigasjonslys<br \/>\nAlarm system<\/div>\n<p>[\/et_pb_tab][et_pb_tab title=&raquo;Spesifikasjon&raquo; _builder_version=&raquo;4.3.2&#8243; background_size=&raquo;initial&raquo; background_position=&raquo;top_left&raquo; background_repeat=&raquo;repeat&raquo;]<\/p>\n<div class=\"specs\">\n<dt>Lengste lengde<\/dt>\n<dd>9.6m (31\u2019 6\u2019\u2019)<\/dd>\n<dt>Bredde<\/dt>\n<dd>3.0m (9\u2019 10\u2019\u2019)<\/dd>\n<dt>Dybde m\u00e5l<\/dt>\n<dd>1.2m (3\u2019 11\u2019\u2019)<\/dd>\n<dt>Dyptg\u00e5ende<\/dt>\n<dd>0.9m (2\u2019 10\u2019\u2019)<\/dd>\n<dt>Arbeidsdekk<\/dt>\n<dd>18.0m<sup>2<\/sup> (194 ft<sup>2<\/sup> )<\/dd>\n<dt>Bunkers kapasitet<\/dt>\n<dd>700 litre (185 US gall.)<\/dd>\n<dt>Vann kapasitet<\/dt>\n<dd>100 litre (26.4 US gall.)<\/dd>\n<dt>Lasterom<\/dt>\n<dd>10m<sup>3<\/sup> (353 ft<sup>3<\/sup> )<\/dd>\n<\/div>\n<div class=\"specs\">\n<dt>Motor*<\/dt>\n<dd><span class=\"specs_one\">Caterpillar C.7<\/span> <span class=\"specs_two\">406hp\/2600prm<\/span> <span class=\"specs_three\">7L<\/span><\/dd>\n<dd><span class=\"specs_one\">Cummins QSC8.3<<\/span> <span class=\"specs_two\">493hp\/2600rpm<\/span> <span class=\"specs_three\">8.3L<\/span><\/dd>\n<dd><span class=\"specs_one\">Doosan L086<\/span> <span class=\"specs_two\">315hp\/2300rpm<\/span> <span class=\"specs_three\">8.1L<\/span><\/dd>\n<dd><span class=\"specs_one\">FPT (Iveco)N67 450<\/span> <span class=\"specs_two\">420hp\/3000rpm<\/span> <span class=\"specs_three\">6.7L<\/span><\/dd>\n<dd><span class=\"specs_one\">Perkins\/Sabre 265Ti<\/span> <span class=\"specs_two\">265hp\/2500rpm<\/span> <span class=\"specs_three\">6.0L<\/span><\/dd>\n<dd><span class=\"specs_one\">Volvo Penta D6<\/span> <span class=\"specs_two\">370hp\/3500rpm<\/span> <span class=\"specs_three\">5.5L<\/span><\/dd>\n<dd><span class=\"specs_one\">Yanmar 6CXBM-GT<\/span> <span class=\"specs_two\">509hp\/2700rpm<\/span><span class=\"specs_three\">7.4L<\/span><\/dd>\n<\/div>\n<div class=\"specs\">\n<dt>Gir<\/dt>\n<dd><span class=\"specs_one\">ZF<\/span> <span class=\"specs_two\">286IV<\/span> <span class=\"specs_three\">2.01:1<\/span><\/dd>\n<dd><span class=\"specs_one\">ZF<\/span> <span class=\"specs_two\">80IV<\/span> <span class=\"specs_three\">1.64:1<\/span><\/dd>\n<dt>Propulsion<\/dt>\n<dd>Fire bladetpropeller<\/dd>\n<dt>Max fart<\/dt>\n<dd>18 &#8211; 28 knots<\/dd>\n<dt>Arbeids fart<\/dt>\n<dd>12 &#8211; 18 knots<\/dd>\n<dt>Rekkevidde<\/dt>\n<dd>200 nm<\/dd>\n<p><I>*Andre alternative p\u00e5 foresp\u00f8rsel.<\/I>\n<\/div>\n<p>[\/et_pb_tab][et_pb_tab title=&raquo;Fiske utstyr&raquo; _builder_version=&raquo;3.27.3&#8243; background_size=&raquo;initial&raquo; background_position=&raquo;top_left&raquo; background_repeat=&raquo;repeat&raquo;]Line<br \/>\nGarn<br \/>\nJuksa<br \/>\nTeine[\/et_pb_tab][\/et_pb_tabs][\/et_pb_column][\/et_pb_row][\/et_pb_section][et_pb_section fb_built=&raquo;1&#8243; admin_label=&raquo;section&raquo; _builder_version=&raquo;3.22&#8243;][et_pb_row admin_label=&raquo;row&raquo; _builder_version=&raquo;3.25&#8243; background_size=&raquo;initial&raquo; background_position=&raquo;top_left&raquo; background_repeat=&raquo;repeat&raquo;][et_pb_column type=&raquo;4_4&#8243; _builder_version=&raquo;3.25&#8243; custom_padding=&raquo;|||&raquo; custom_padding__hover=&raquo;|||&raquo;][et_pb_gallery gallery_ids=&raquo;122,123,124,125,126,127,128,129,130,131,132,133,120,121,119,134,135,136,137,138,139,140,141,142,143,144,145&#8243; posts_number=&raquo;99&#8243; show_title_and_caption=&raquo;off&raquo; show_pagination=&raquo;off&raquo; admin_label=&raquo;Gallery&raquo; _builder_version=&raquo;3.0.87&#8243; use_border_color=&raquo;off&raquo; border_color=&raquo;#ffffff&raquo; border_style=&raquo;solid&raquo;] [\/et_pb_gallery][\/et_pb_column][\/et_pb_row][\/et_pb_section]<\/p>\n","protected":false},"excerpt":{"rendered":"<p>\u201cCleopatra Fisherman 31\u201d er en \u201culv\u00a0i f\u00e5rekl\u00e6r\u201dCleopatra 31 er litt mindre enn v\u00e5r \u201dCleopatra 33\u201d men har beholdt alle fordelene som h\u00f8rer til en kvalitetsb\u00e5t. Det store 10 m3 fiskerommet og omtrent den samme dekksplassen gj\u00f8r Cleopatra 31 til et attraktivt alternativ. Alle Cleopatra modeller er bygget av h\u00f8yeste standard og komfort tilpasset krav fra [&hellip;]<\/p>\n","protected":false},"author":2,"featured_media":0,"parent":677,"menu_order":0,"comment_status":"open","ping_status":"open","template":"","meta":{"_et_pb_use_builder":"on","_et_pb_old_content":"","_et_gb_content_width":"","footnotes":""},"class_list":["post-680","page","type-page","status-publish","hentry"],"_links":{"self":[{"href":"https:\/\/cleopatra.is\/nb\/wp-json\/wp\/v2\/pages\/680","targetHints":{"allow":["GET"]}}],"collection":[{"href":"https:\/\/cleopatra.is\/nb\/wp-json\/wp\/v2\/pages"}],"about":[{"href":"https:\/\/cleopatra.is\/nb\/wp-json\/wp\/v2\/types\/page"}],"author":[{"embeddable":true,"href":"https:\/\/cleopatra.is\/nb\/wp-json\/wp\/v2\/users\/2"}],"replies":[{"embeddable":true,"href":"https:\/\/cleopatra.is\/nb\/wp-json\/wp\/v2\/comments?post=680"}],"version-history":[{"count":0,"href":"https:\/\/cleopatra.is\/nb\/wp-json\/wp\/v2\/pages\/680\/revisions"}],"up":[{"embeddable":true,"href":"https:\/\/cleopatra.is\/nb\/wp-json\/wp\/v2\/pages\/677"}],"wp:attachment":[{"href":"https:\/\/cleopatra.is\/nb\/wp-json\/wp\/v2\/media?parent=680"}],"curies":[{"name":"wp","href":"https:\/\/api.w.org\/{rel}","templated":true}]}}