{"id":10074,"date":"2020-02-14T17:28:41","date_gmt":"2020-02-14T17:28:41","guid":{"rendered":"https:\/\/nytt.cleopatra.is\/?page_id=10074"},"modified":"2020-02-17T09:48:20","modified_gmt":"2020-02-17T09:48:20","slug":"cleopatra-35","status":"publish","type":"page","link":"https:\/\/cleopatra.is\/nb\/fiskebater\/cleopatra-35\/","title":{"rendered":"Cleopatra 35"},"content":{"rendered":"<p>[et_pb_section fb_built=&raquo;1&#8243; _builder_version=&raquo;3.27.3&#8243; custom_padding=&raquo;||4px|||&raquo; top_divider_color=&raquo;#d30300&#8243; locked=&raquo;off&raquo;][et_pb_row _builder_version=&raquo;3.25&#8243; custom_padding=&raquo;3px|0px|4px|0px|false|false&raquo;][et_pb_column type=&raquo;4_4&#8243; _builder_version=&raquo;3.25&#8243; custom_padding=&raquo;|||&raquo; custom_padding__hover=&raquo;|||&raquo;][et_pb_image src=&raquo;https:\/\/cleopatra.is\/wp-content\/uploads\/2020\/02\/c35logo-1.png&raquo; align=&raquo;center&raquo; align_tablet=&raquo;center&raquo; align_phone=&raquo;&raquo; align_last_edited=&raquo;on|desktop&raquo; _builder_version=&raquo;4.3.2&#8243; transform_scale=&raquo;66%|66%&raquo; animation_style=&raquo;fade&raquo; locked=&raquo;off&raquo;][\/et_pb_image][\/et_pb_column][\/et_pb_row][et_pb_row column_structure=&raquo;1_5,3_5,1_5&#8243; _builder_version=&raquo;3.25&#8243;][et_pb_column type=&raquo;1_5&#8243; _builder_version=&raquo;3.25&#8243; custom_padding=&raquo;|||&raquo; custom_padding__hover=&raquo;|||&raquo;][\/et_pb_column][et_pb_column type=&raquo;3_5&#8243; _builder_version=&raquo;3.25&#8243; custom_padding=&raquo;|||&raquo; custom_padding__hover=&raquo;|||&raquo;][et_pb_text admin_label=&raquo;Text&raquo; _builder_version=&raquo;3.27.4&#8243; background_size=&raquo;initial&raquo; background_position=&raquo;top_left&raquo; background_repeat=&raquo;repeat&raquo; custom_padding=&raquo;0px|||||&raquo; use_border_color=&raquo;off&raquo; border_color=&raquo;#ffffff&raquo; border_style=&raquo;solid&raquo;]<\/p>\n<h4 style=\"text-align: center;\"><strong>V\u00e5r Cleopatra 35 er bygget p\u00e5 same skrog som<span>\u00a0<\/span><a href=\"https:\/\/cleopatra.is\/nb\/fiskebater\/cleopatra-36\/\">Cleopatra 36<\/a><span>\u00a0<\/span>men er tilpasset deg som \u00f8nsker en b\u00e5t under 10,67 meter.<\/strong><\/h4>\n<p>[\/et_pb_text][\/et_pb_column][et_pb_column type=&raquo;1_5&#8243; _builder_version=&raquo;3.25&#8243; custom_padding=&raquo;|||&raquo; custom_padding__hover=&raquo;|||&raquo;][\/et_pb_column][\/et_pb_row][et_pb_row column_structure=&raquo;1_2,1_2&#8243; _builder_version=&raquo;3.25&#8243; background_size=&raquo;initial&raquo; background_position=&raquo;top_left&raquo; background_repeat=&raquo;repeat&raquo; custom_padding=&raquo;0|0px|40px|0px|false|false&raquo;][et_pb_column type=&raquo;1_2&#8243; _builder_version=&raquo;3.25&#8243; custom_padding=&raquo;|||&raquo; custom_padding__hover=&raquo;|||&raquo;][et_pb_image src=&raquo;https:\/\/cleopatra.is\/wp-content\/uploads\/2015\/10\/BoatIMG_8804.jpg&raquo; force_fullwidth=&raquo;on&raquo; align_tablet=&raquo;center&raquo; align_phone=&raquo;&raquo; align_last_edited=&raquo;on|desktop&raquo; disabled_on=&raquo;on|on|off&raquo; admin_label=&raquo;Image&raquo; _builder_version=&raquo;4.3.2&#8243; animation_style=&raquo;slide&raquo; animation_direction=&raquo;left&raquo; animation_duration=&raquo;500ms&raquo; animation_intensity_slide=&raquo;10%&raquo; use_border_color=&raquo;off&raquo; border_color=&raquo;#ffffff&raquo; border_style=&raquo;solid&raquo; animation=&raquo;left&raquo; sticky=&raquo;off&raquo;][\/et_pb_image][\/et_pb_column][et_pb_column type=&raquo;1_2&#8243; _builder_version=&raquo;3.25&#8243; custom_padding=&raquo;|||&raquo; custom_padding__hover=&raquo;|||&raquo;][et_pb_text admin_label=&raquo;Text&raquo; _builder_version=&raquo;3.27.4&#8243; background_size=&raquo;initial&raquo; background_position=&raquo;top_left&raquo; background_repeat=&raquo;repeat&raquo; use_border_color=&raquo;off&raquo; border_color=&raquo;#ffffff&raquo; border_style=&raquo;solid&raquo;]<\/p>\n<div class=\"et_pb_column et_pb_column_3_4 et_pb_column_1  et_pb_css_mix_blend_mode_passthrough\">\n<div class=\"et_pb_module et_pb_text et_pb_text_0  et_pb_text_align_left et_pb_bg_layout_light\">\n<div class=\"et_pb_text_inner\">\n<p>B\u00e5ten kan leveres med ulike motor st\u00f8rrelser som er tilpasset ditt behov.<\/p>\n<p>B\u00e5ten har som de andre Cleopatra b\u00e5tene meget gode sj\u00f8egenskaper.<\/p>\n<p>Cleopatra 35 egner seg godt til line, garn, teine, juksa og turistfiske.<\/p>\n<p>Vi tilpasser gjerne en Cleopatra 35 etter dine \u00f8nsker.<\/p>\n<\/div>\n<\/div>\n<\/div>\n<div class=\"et_pb_column et_pb_column_1_4 et_pb_column_2  et_pb_css_mix_blend_mode_passthrough et-last-child\"><\/div>\n<p><\/p>\n<div class=\"et_pb_column et_pb_column_1_4 et_pb_column_2  et_pb_css_mix_blend_mode_passthrough et-last-child\"><\/div>\n<p>[\/et_pb_text][\/et_pb_column][\/et_pb_row][\/et_pb_section][et_pb_section fb_built=&raquo;1&#8243; module_class=&raquo;grayfix&raquo; _builder_version=&raquo;3.22.7&#8243; custom_padding=&raquo;22px|0px|19px|0px|false|false&raquo; top_divider_color=&raquo;#8300e9&#8243; bottom_divider_style=&raquo;curve&raquo; bottom_divider_color=&raquo;rgba(0,0,0,0.1)&raquo; locked=&raquo;off&raquo;][et_pb_row _builder_version=&raquo;3.25&#8243; custom_padding=&raquo;40px|0px|80px|0px|false|false&raquo;][et_pb_column type=&raquo;4_4&#8243; _builder_version=&raquo;3.25&#8243; custom_padding=&raquo;|||&raquo; custom_padding__hover=&raquo;|||&raquo;][et_pb_text _builder_version=&raquo;4.3.2&#8243; text_font=&raquo;||||||||&raquo; text_text_color=&raquo;#e02b20&#8243; header_font=&raquo;||||||||&raquo; hover_enabled=&raquo;0&#8243; inline_fonts=&raquo;Acme,Actor&raquo;]<\/p>\n<p style=\"text-align: center;\"><span style=\"font-size: x-large; font-family: Actor; font-weight: normal; color: #e02b20;\"><em><i>Har du r\u00e5d til \u00e5 n\u00f8ye deg med mindre?<\/i><\/em><\/span><\/p>\n<p>[\/et_pb_text][\/et_pb_column][\/et_pb_row][\/et_pb_section][et_pb_section fb_built=&raquo;1&#8243; module_class=&raquo;grayfix&raquo; _builder_version=&raquo;3.22.7&#8243; background_color=&raquo;rgba(0,0,0,0.1)&raquo; custom_padding=&raquo;||39px|||&raquo; locked=&raquo;off&raquo;][et_pb_row _builder_version=&raquo;3.25&#8243;][et_pb_column type=&raquo;4_4&#8243; _builder_version=&raquo;3.25&#8243; custom_padding=&raquo;|||&raquo; custom_padding__hover=&raquo;|||&raquo;][et_pb_tabs admin_label=&raquo;Tabs&raquo; _builder_version=&raquo;4.3.2&#8243; background_size=&raquo;initial&raquo; background_position=&raquo;top_left&raquo; background_repeat=&raquo;repeat&raquo; use_border_color=&raquo;off&raquo; border_color=&raquo;#ffffff&raquo; border_style=&raquo;solid&raquo;][et_pb_tab title=&raquo;Hoved detaljer&raquo; _builder_version=&raquo;3.27.3&#8243; background_size=&raquo;initial&raquo; background_position=&raquo;top_left&raquo; background_repeat=&raquo;repeat&raquo;]<\/p>\n<div class=\"specs\">\n<p><b>KONSTRUKSJON<\/b><br \/>\nH\u00e5ndlagt GRP<br \/>\nIsophtalic gelcoat og polyester overflate<br \/>\nBunnsm\u00f8ring under vannlinje<br \/>\nBalsatre sandwich dekk<br \/>\nPlywoods spant forsterkininger og avstivere<\/p>\n<p><b>ARRANGEMENT<\/b><br \/>\nTre vanntette seksjoner: Lugar\/styrehus,<br \/>\nlasterom og maskinrom<br \/>\nRomslig lugar foran med bysse<br \/>\nStort fiske rom for standard fiskekonteinere<\/p>\n<p><strong>INNREDNING<\/strong><br \/>\nTeak interi\u00f8r<br \/>\nTo senger i full st\u00f8rrelse<br \/>\nSpiseplass med bord for 4 personer<br \/>\nVannklosett<br \/>\nBysse med gaskomfyr og vask<\/p>\n<p><b>KOMPONENTER<\/b><br \/>\nMaskin kontroll<br \/>\nBatterier<br \/>\nVindusviskere<br \/>\nHydraulisk styring<br \/>\nRor med flaps<br \/>\nVHF radio<br \/>\nRadio\/CD spiller<br \/>\nKompass<br \/>\nTrim flaps<br \/>\nAutomatisk og manuell lensepumper<\/p>\n<\/div>\n<div class=\"specs\"><b>ALTERNATIVER<\/b><br \/>\n<em>Landstr\u00f8m 230 V<br \/>\nMikrob\u00f8lgeovn<br \/>\nKaffe trakter<br \/>\nKj\u00f8leskap<br \/>\nTV\/VIDEO\/DVD<br \/>\nVarme\/kj\u00f8le anlegg<br \/>\nOppvarmede vindu<br \/>\nDiesel varmer<br \/>\nVarmt vann fra maskin<br \/>\nAutopilot<br \/>\nGPS \u2013 Kartplotter<br \/>\nEkkolodd<br \/>\nGMDSS<br \/>\nKonverter\/batterilader<br \/>\nCD spiller<br \/>\nPumpe for vasking av dekk<br \/>\nS\u00f8kelys<br \/>\nGenerator<br \/>\nBaug propell<br \/>\n<i>Annet utstyr etter foresp\u00f8rsel<\/i>.<\/em><\/div>\n<div class=\"specs\">\n<p><b>SIKKERHETSUTSTYR<\/b><br \/>\nOppbl\u00e5sbar fl\u00e5te med sikkerhetsutstyr<br \/>\nLivb\u00f8ye<br \/>\nSikkerhets rekkverk<br \/>\nSikkerhetstrinn for enkel adkomst<br \/>\nAutomatisk brann slukking<br \/>\nManuell brann slukning<br \/>\nAnker med kjetting<br \/>\nNavigasjonslys<br \/>\nAlarm system<\/p>\n<\/div>\n<p>[\/et_pb_tab][et_pb_tab title=&raquo;Spesifikasjon&raquo; _builder_version=&raquo;4.3.2&#8243; background_size=&raquo;initial&raquo; background_position=&raquo;top_left&raquo; background_repeat=&raquo;repeat&raquo;]<\/p>\n<div class=\"et_pb_tab_content\">\n<div class=\"specs\">\n<dt>Lengste lengde(hull)<\/dt>\n<dd>10.66m (35\u2032)<\/dd>\n<dt>Bredde<\/dt>\n<dd>3.8m (12\u2019 6\u2019\u2019)<\/dd>\n<dt>Dybde m\u00e5l<\/dt>\n<dd>1.5m (4\u2019 11\u2019\u2019)<\/dd>\n<dt>Dyptg\u00e5ende<\/dt>\n<dd>1.1m (3\u2019 7\u2019\u2019)<\/dd>\n<dt>Arbeidsdekk<\/dt>\n<dd>21.7m2 (234 ft2 )<\/dd>\n<dt>Bunkers kapasitet<\/dt>\n<dd>2 x 1000 litre (529 US gall.)<\/dd>\n<dt>Vann kapasitet<\/dt>\n<dd>120 litre (32 US gall.)<\/dd>\n<dt>Lasterom<\/dt>\n<dd>13.5m3 (483 ft3 )<\/dd>\n<\/div>\n<div class=\"specs\">\n<dt>Motor **<\/dt>\n<dd><span class=\"specs_one\">Caterpillar C9.3<\/span> <span class=\"specs_two\">483hp\/2300rpm<\/span> <span class=\"specs_three\">9.3L<\/span><\/dd>\n<dd><span class=\"specs_one\">Caterpillar C12<\/span> <span class=\"specs_two\">578hp\/2300rpm<\/span> <span class=\"specs_three\">12L<\/span><\/dd>\n<dd><span class=\"specs_one\">Cummins QSC8.3<\/span> <span class=\"specs_two\">493hp\/2600rpm<\/span> <span class=\"specs_three\">8.3L<\/span><\/dd>\n<dd><span class=\"specs_one\">Cummins QSM11<\/span> <span class=\"specs_two\">602hp\/2300rpm<\/span> <span class=\"specs_three\">10.8L<\/span><\/dd>\n<dd><span class=\"specs_one\">Doosan LO126TI<\/span> <span class=\"specs_two\">400hp\/2100rpm<\/span> <span class=\"specs_three\">11.1L<\/span><\/dd>\n<dd><span class=\"specs_one\">Doosan 4V158TIM<\/span> <span class=\"specs_two\">600hp\/2100rpm<\/span> <span class=\"specs_three\">14.6L<\/span><\/dd>\n<dd><span class=\"specs_one\">FPT (Iveco) C90 380<\/span> <span class=\"specs_two\">410hp\/2000rpm<\/span> <span class=\"specs_three\">8.7L<\/span><\/dd>\n<dd><span class=\"specs_one\">FPT (Iveco) C13 825<\/span> <span class=\"specs_two\">650hp\/2400rpm<\/span> <span class=\"specs_three\">12.7L<\/span><\/dd>\n<dd><span class=\"specs_one\">Scania D13<\/span> <span class=\"specs_two\">600hp\/2100rpm<\/span> <span class=\"specs_three\">12.7L<\/span><\/dd>\n<dd><span class=\"specs_one\">Volvo Penta D9<\/span> <span class=\"specs_two\">500hp\/2600rpm<\/span> <span class=\"specs_three\">9.4L<\/span><\/dd>\n<dd><span class=\"specs_one\">Volvo Penta D13<\/span> <span class=\"specs_two\">700hp\/2300rpm<\/span> <span class=\"specs_three\">12.8L<\/span><\/dd>\n<dd><span class=\"specs_one\">Yanmar 6HYM-ETE<\/span> <span class=\"specs_two\">700hp\/220rpm<\/span> <span class=\"specs_three\">13.7L<\/span><\/dd>\n<dt>Dobbel motorinstallasjon**:<\/dt>\n<dd><span class=\"specs_one\">2 x FTP (Iveco) N67 450<\/span> <span class=\"specs_two\">2 x 370hp\/3000rpm<\/span> <span class=\"specs_three\">6.7L<\/span><\/dd>\n<dd><span class=\"specs_one\">Volvo Penta IPS 450<\/span> <span class=\"specs_two\">2 x 330hp\/3500rpm<\/span> <span class=\"specs_three\">5.5L<\/span><\/dd>\n<\/div>\n<div class=\"specs\">\n<dt>Gir<\/dt>\n<dd><span class=\"specs_one\">ZF<\/span> <span class=\"specs_two\">325IV<\/span> <span class=\"specs_three\">2.03:1<\/span><\/dd>\n<dd><span class=\"specs_one\">ZF<\/span> <span class=\"specs_two\">286IV<\/span> <span class=\"specs_three\">2.01:1<\/span><\/dd>\n<dd><span class=\"specs_one\">2 x<\/span> <span class=\"specs_two\">ZF80IV<\/span> <span class=\"specs_three\">2.01:1<\/span><\/dd>\n<dt>Propulsion<\/dt>\n<dd>Firebladet propeller<\/dd>\n<dt>Max fart<\/dt>\n<dd>18 \u2013&nbsp;37 knots<\/dd>\n<dt>Arbeids fart<\/dt>\n<dd>12 \u2013 22 knots<\/dd>\n<dt>Rekkevidde<\/dt>\n<dd>400 nm<\/dd>\n<p><i>* &nbsp;&nbsp;&nbsp;Platform is an option<br \/>\n**&nbsp; Andre alternative p\u00e5 foresp\u00f8rsel.<\/i>\n<\/p>\n<\/div>\n<\/div>\n<div class=\"specs\">\n<dt>Lengste lengde(hull)<\/dt>\n<dd>11.3m (37\u2019 1\u2019\u2019)<\/dd>\n<dt>Lengde med platform *<\/dt>\n<dd>11.9m (39\u2019 1\u2019\u2019)<\/dd>\n<dt>Bredde<\/dt>\n<dd>3.8m (12\u2019 6\u2019\u2019)<\/dd>\n<dt>Dybde m\u00e5l<\/dt>\n<dd>1.5m (4\u2019 11\u2019\u2019)<\/dd>\n<dt>Dyptg\u00e5ende<\/dt>\n<dd>1.1m (3\u2019 7\u2019\u2019)<\/dd>\n<dt>Arbeidsdekk<\/dt>\n<dd>21.7m2 (234 ft2 )<\/dd>\n<dt>Bunkers kapasitet<\/dt>\n<dd>2 x 1000 litre (529 US gall.)<\/dd>\n<dt>Vann kapasitet<\/dt>\n<dd>120 litre (32 US gall.)<\/dd>\n<dt>Lasterom<\/dt>\n<dd>13.5m3 (483 ft3 )<\/dd>\n<\/div>\n<div class=\"specs\">\n<dt>Motor **<\/dt>\n<dd><span class=\"specs_one\">Caterpillar C9.3<\/span> <span class=\"specs_two\">483hp\/2300rpm<\/span> <span class=\"specs_three\">9.3L<\/span><\/dd>\n<dd><span class=\"specs_one\">Caterpillar C12<\/span> <span class=\"specs_two\">578hp\/2300rpm<\/span> <span class=\"specs_three\">12L<\/span><\/dd>\n<dd><span class=\"specs_one\">Cummins QSC8.3<\/span> <span class=\"specs_two\">493hp\/2600rpm<\/span> <span class=\"specs_three\">8.3L<\/span><\/dd>\n<dd><span class=\"specs_one\">Cummins QSM11<\/span> <span class=\"specs_two\">602hp\/2300rpm<\/span> <span class=\"specs_three\">10.8L<\/span><\/dd>\n<dd><span class=\"specs_one\">Doosan LO126TI<\/span> <span class=\"specs_two\">400hp\/2100rpm<\/span> <span class=\"specs_three\">11.1L<\/span><\/dd>\n<dd><span class=\"specs_one\">Doosan 4V158TIM<\/span> <span class=\"specs_two\">600hp\/2100rpm<\/span> <span class=\"specs_three\">14.6L<\/span><\/dd>\n<dd><span class=\"specs_one\">FPT (Iveco) C90 380<\/span> <span class=\"specs_two\">410hp\/2000rpm<\/span> <span class=\"specs_three\">8.7L<\/span><\/dd>\n<dd><span class=\"specs_one\">FPT (Iveco) C13 825<\/span> <span class=\"specs_two\">650hp\/2400rpm<\/span> <span class=\"specs_three\">12.7L<\/span><\/dd>\n<dd><span class=\"specs_one\">Scania D13<\/span> <span class=\"specs_two\">600hp\/2100rpm<\/span> <span class=\"specs_three\">12.7L<\/span><\/dd>\n<dd><span class=\"specs_one\">Volvo Penta D9<\/span> <span class=\"specs_two\">500hp\/2600rpm<\/span> <span class=\"specs_three\">9.4L<\/span><\/dd>\n<dd><span class=\"specs_one\">Volvo Penta D13<\/span> <span class=\"specs_two\">700hp\/2300rpm<\/span> <span class=\"specs_three\">12.8L<\/span><\/dd>\n<dd><span class=\"specs_one\">Yanmar 6HYM-ETE<\/span> <span class=\"specs_two\">700hp\/220rpm<\/span> <span class=\"specs_three\">13.7L<\/span><\/dd>\n<dt>Dobbel motorinstallasjon**:<\/dt>\n<dd><span class=\"specs_one\">2 x FTP (Iveco) N67 450<\/span> <span class=\"specs_two\">2 x 370hp\/3000rpm<\/span> <span class=\"specs_three\">6.7L<\/span><\/dd>\n<dd><span class=\"specs_one\">Volvo Penta IPS 450<\/span> <span class=\"specs_two\">2 x 330hp\/3500rpm<\/span> <span class=\"specs_three\">5.5L<\/span><\/dd>\n<\/div>\n<div class=\"specs\">\n<dt>Gir<\/dt>\n<dd><span class=\"specs_one\">ZF<\/span> <span class=\"specs_two\">325IV<\/span> <span class=\"specs_three\">2.03:1<\/span><\/dd>\n<dd><span class=\"specs_one\">ZF<\/span> <span class=\"specs_two\">286IV<\/span> <span class=\"specs_three\">2.01:1<\/span><\/dd>\n<dd><span class=\"specs_one\">2 x<\/span> <span class=\"specs_two\">ZF80IV<\/span> <span class=\"specs_three\">2.01:1<\/span><\/dd>\n<\/dt>\n<dt>Propulsion<\/dt>\n<dd>Firebladet propeller<\/dd>\n<dt>Max fart<\/dt>\n<dd>18 &#8211;\u00a037 knots<\/dd>\n<dt>Arbeids fart<\/dt>\n<dd>12 &#8211; 22 knots<\/dd>\n<dt>Rekkevidde<\/dt>\n<dd>400 nm<\/dd>\n<p><I>* \u00a0\u00a0\u00a0Platform is an option<br \/>\n**\u00a0 Andre alternative p\u00e5 foresp\u00f8rsel.<\/I>\n<\/div>\n<p>[\/et_pb_tab][et_pb_tab title=&raquo;Fiskeutstyr&raquo; _builder_version=&raquo;3.21&#8243; background_size=&raquo;initial&raquo; background_position=&raquo;top_left&raquo; background_repeat=&raquo;repeat&raquo;]Lineutstyr<br \/>\nAutoline<br \/>\n  Linehaler<br \/>\nAgnkutter<br \/>\nTilfeldig egning<br \/>\nEgnemaskin<br \/>\nJuksamaskiner<br \/>\nGarnutstyr<br \/>\nTuna line utstyr<br \/>\nTeineutstyr<\/p>\n<p><em>Andre typer fiskeutstyr p\u00e5 foresp\u00f8rsel<\/em>[\/et_pb_tab][\/et_pb_tabs][\/et_pb_column][\/et_pb_row][\/et_pb_section][et_pb_section fb_built=&raquo;1&#8243; _builder_version=&raquo;3.22&#8243;][et_pb_row _builder_version=&raquo;3.25&#8243; background_size=&raquo;initial&raquo; background_position=&raquo;top_left&raquo; background_repeat=&raquo;repeat&raquo;][et_pb_column type=&raquo;4_4&#8243; _builder_version=&raquo;3.25&#8243; custom_padding=&raquo;|||&raquo; custom_padding__hover=&raquo;|||&raquo;][et_pb_gallery gallery_ids=&raquo;766,767,768,769,770,771,772,773,774,775,776,777,778,779,780,781,782,783,784,785,786,787,788,789,790&#8243; posts_number=&raquo;99&#8243; show_title_and_caption=&raquo;off&raquo; show_pagination=&raquo;off&raquo; admin_label=&raquo;Gallery&raquo; _builder_version=&raquo;3.0.87&#8243; use_border_color=&raquo;off&raquo; border_color=&raquo;#ffffff&raquo; border_style=&raquo;solid&raquo; locked=&raquo;off&raquo;][\/et_pb_gallery][\/et_pb_column][\/et_pb_row][\/et_pb_section]<\/p>\n","protected":false},"excerpt":{"rendered":"<p>V\u00e5r Cleopatra 35 er bygget p\u00e5 same skrog som\u00a0Cleopatra 36\u00a0men er tilpasset deg som \u00f8nsker en b\u00e5t under 10,67 meter. B\u00e5ten kan leveres med ulike motor st\u00f8rrelser som er tilpasset ditt behov. B\u00e5ten har som de andre Cleopatra b\u00e5tene meget gode sj\u00f8egenskaper. Cleopatra 35 egner seg godt til line, garn, teine, juksa og turistfiske. Vi [&hellip;]<\/p>\n","protected":false},"author":2,"featured_media":0,"parent":677,"menu_order":0,"comment_status":"closed","ping_status":"closed","template":"","meta":{"_et_pb_use_builder":"on","_et_pb_old_content":"","_et_gb_content_width":"","footnotes":""},"class_list":["post-10074","page","type-page","status-publish","hentry"],"_links":{"self":[{"href":"https:\/\/cleopatra.is\/nb\/wp-json\/wp\/v2\/pages\/10074","targetHints":{"allow":["GET"]}}],"collection":[{"href":"https:\/\/cleopatra.is\/nb\/wp-json\/wp\/v2\/pages"}],"about":[{"href":"https:\/\/cleopatra.is\/nb\/wp-json\/wp\/v2\/types\/page"}],"author":[{"embeddable":true,"href":"https:\/\/cleopatra.is\/nb\/wp-json\/wp\/v2\/users\/2"}],"replies":[{"embeddable":true,"href":"https:\/\/cleopatra.is\/nb\/wp-json\/wp\/v2\/comments?post=10074"}],"version-history":[{"count":0,"href":"https:\/\/cleopatra.is\/nb\/wp-json\/wp\/v2\/pages\/10074\/revisions"}],"up":[{"embeddable":true,"href":"https:\/\/cleopatra.is\/nb\/wp-json\/wp\/v2\/pages\/677"}],"wp:attachment":[{"href":"https:\/\/cleopatra.is\/nb\/wp-json\/wp\/v2\/media?parent=10074"}],"curies":[{"name":"wp","href":"https:\/\/api.w.org\/{rel}","templated":true}]}}