{"id":6300,"date":"2019-03-23T10:47:22","date_gmt":"2019-03-23T10:47:22","guid":{"rendered":"https:\/\/nytt.cleopatra.is\/?page_id=6300"},"modified":"2021-06-23T16:17:13","modified_gmt":"2021-06-23T16:17:13","slug":"batalyfta","status":"publish","type":"page","link":"https:\/\/cleopatra.is\/is\/about-trefjar\/batalyfta\/","title":{"rendered":"B\u00e1talyfta"},"content":{"rendered":"<p>[et_pb_section fb_built=&#8220;1&#8243; _builder_version=&#8220;3.22&#8243;][et_pb_row _builder_version=&#8220;3.25&#8243; custom_padding=&#8220;0|0px|9px|0px|false|false&#8220;][et_pb_column type=&#8220;4_4&#8243; _builder_version=&#8220;3.25&#8243; custom_padding=&#8220;|||&#8220; custom_padding__hover=&#8220;|||&#8220;][et_pb_text _builder_version=&#8220;3.27.4&#8243;]<\/p>\n<h1>B\u00e1talyfta<\/h1>\n<p>[\/et_pb_text][\/et_pb_column][\/et_pb_row][et_pb_row _builder_version=&#8220;3.25&#8243; column_structure=&#8220;1_2,1_2&#8243;][et_pb_column type=&#8220;1_2&#8243; _builder_version=&#8220;3.25&#8243; custom_padding=&#8220;|||&#8220; custom_padding__hover=&#8220;|||&#8220;][et_pb_image src=&#8220;https:\/\/cleopatra.is\/wp-content\/uploads\/2019\/03\/batalyfta1.jpeg&#8220; align_tablet=&#8220;center&#8220; align_last_edited=&#8220;on|desktop&#8220; _builder_version=&#8220;3.23&#8243;][\/et_pb_image][\/et_pb_column][et_pb_column type=&#8220;1_2&#8243; _builder_version=&#8220;3.25&#8243; custom_padding=&#8220;|||&#8220; custom_padding__hover=&#8220;|||&#8220;][et_pb_text _builder_version=&#8220;3.27.4&#8243;]<\/p>\n<p>St\u00e1lorka s\u00e9r um a\u00f0 \u00fej\u00f3nusta b\u00e1talyftu Trefja og lyftum vi\u00f0 hverjum \u00feeim sem \u00feess \u00f3ska.<\/p>\n<p>[\/et_pb_text][et_pb_button button_url=&#8220;https:\/\/stalorka.is\/batalyfta\/&#8220; button_text=&#8220;N\u00e1nar \u00e1 stalorka.is&#8220; _builder_version=&#8220;4.9.7&#8243; hover_enabled=&#8220;0&#8243; sticky_enabled=&#8220;0&#8243;][\/et_pb_button][\/et_pb_column][\/et_pb_row][\/et_pb_section]<\/p>\n","protected":false},"excerpt":{"rendered":"<p>Trefjar hefur teki\u00f0 \u00ed notkun n\u00fdja og fullkomna f\u00e6ranlega b\u00e1talyftu vi\u00f0 starfsst\u00f6\u00f0 s\u00edna vi\u00f0 Hafnarfjar\u00f0arh\u00f6fn. B\u00e1talyftan hefur lyftigetu upp \u00e1 75 tonn og getur skila\u00f0 b\u00e1t af s\u00e9r hvar sem er \u00e1 hafnarsv\u00e6\u00f0i Hafnarfjar\u00f0arhafnar. <\/p>\n","protected":false},"author":2,"featured_media":6294,"parent":464,"menu_order":0,"comment_status":"closed","ping_status":"closed","template":"","meta":{"_et_pb_use_builder":"on","_et_pb_old_content":"","_et_gb_content_width":"","footnotes":""},"class_list":["post-6300","page","type-page","status-publish","has-post-thumbnail","hentry"],"_links":{"self":[{"href":"https:\/\/cleopatra.is\/is\/wp-json\/wp\/v2\/pages\/6300","targetHints":{"allow":["GET"]}}],"collection":[{"href":"https:\/\/cleopatra.is\/is\/wp-json\/wp\/v2\/pages"}],"about":[{"href":"https:\/\/cleopatra.is\/is\/wp-json\/wp\/v2\/types\/page"}],"author":[{"embeddable":true,"href":"https:\/\/cleopatra.is\/is\/wp-json\/wp\/v2\/users\/2"}],"replies":[{"embeddable":true,"href":"https:\/\/cleopatra.is\/is\/wp-json\/wp\/v2\/comments?post=6300"}],"version-history":[{"count":0,"href":"https:\/\/cleopatra.is\/is\/wp-json\/wp\/v2\/pages\/6300\/revisions"}],"up":[{"embeddable":true,"href":"https:\/\/cleopatra.is\/is\/wp-json\/wp\/v2\/pages\/464"}],"wp:featuredmedia":[{"embeddable":true,"href":"https:\/\/cleopatra.is\/is\/wp-json\/wp\/v2\/media\/6294"}],"wp:attachment":[{"href":"https:\/\/cleopatra.is\/is\/wp-json\/wp\/v2\/media?parent=6300"}],"curies":[{"name":"wp","href":"https:\/\/api.w.org\/{rel}","templated":true}]}}