{"id":512,"date":"2015-07-03T02:24:20","date_gmt":"2015-07-03T02:24:20","guid":{"rendered":"https:\/\/nytt.cleopatra.is\/is\/?page_id=512"},"modified":"2023-01-11T17:25:45","modified_gmt":"2023-01-11T17:25:45","slug":"skemmtibatar","status":"publish","type":"page","link":"https:\/\/cleopatra.is\/is\/skemmtibatar\/","title":{"rendered":"Skemmtib\u00e1tar"},"content":{"rendered":"<p>[et_pb_section fb_built=&#8220;1&#8243; _builder_version=&#8220;3.22&#8243; global_colors_info=&#8220;{}&#8220;][et_pb_row _builder_version=&#8220;3.25&#8243; background_size=&#8220;initial&#8220; background_position=&#8220;top_left&#8220; background_repeat=&#8220;repeat&#8220; global_colors_info=&#8220;{}&#8220;][et_pb_column type=&#8220;4_4&#8243; _builder_version=&#8220;3.25&#8243; custom_padding=&#8220;|||&#8220; global_colors_info=&#8220;{}&#8220; custom_padding__hover=&#8220;|||&#8220;][et_pb_image src=&#8220;https:\/\/cleopatra.is\/wp-content\/uploads\/2015\/07\/logo_06pleasure.gif&#8220; align_tablet=&#8220;center&#8220; align_phone=&#8220;&#8220; align_last_edited=&#8220;on|desktop&#8220; admin_label=&#8220;Image&#8220; _builder_version=&#8220;3.23&#8243; animation_style=&#8220;slide&#8220; animation_direction=&#8220;left&#8220; animation_duration=&#8220;500ms&#8220; animation_intensity_slide=&#8220;10%&#8220; use_border_color=&#8220;off&#8220; border_color=&#8220;#ffffff&#8220; border_style=&#8220;solid&#8220; animation=&#8220;left&#8220; sticky=&#8220;off&#8220; always_center_on_mobile=&#8220;on&#8220; global_colors_info=&#8220;{}&#8220;][\/et_pb_image][et_pb_text admin_label=&#8220;Text&#8220; _builder_version=&#8220;3.27.4&#8243; background_size=&#8220;initial&#8220; background_position=&#8220;top_left&#8220; background_repeat=&#8220;repeat&#8220; use_border_color=&#8220;off&#8220; border_color=&#8220;#ffffff&#8220; border_style=&#8220;solid&#8220; global_colors_info=&#8220;{}&#8220;]<\/p>\n<div class=\"et_pb_row et_pb_row_0\">\n<div class=\"et_pb_column et_pb_column_4_4 et_pb_column_0    et_pb_css_mix_blend_mode_passthrough et-last-child\">\n<div class=\"et_pb_module et_pb_text et_pb_text_0 et_pb_bg_layout_light  et_pb_text_align_left\">\n<div class=\"et_pb_text_inner\">\n<p>Eftir a\u00f0 hafa framleitt Cleopatra fiski og vinnub\u00e1ta um margra \u00e1ra skei\u00f0 hafa vi\u00f0skiptavinir okkar leita\u00f0 til okkar \u00ed auknu m\u00e6li og \u00f3ska\u00f0 eftir skemmtib\u00e1ta og snekkju\u00fatg\u00e1fum af Cleopatra b\u00e1tunum.<\/p>\n<p>\u00dea\u00f0 kemur kannski einhverjum \u00e1 \u00f3vart en vi\u00f0 h\u00f6fum framleitt \u00fe\u00f3 nokkra skemmtib\u00e1ta og snekkjur fram a\u00f0 \u00feessu og \u00fear \u00e1 me\u00f0al 40feta snekkju me\u00f0 \u00f6llum \u00fe\u00e6gindum fyrir vi\u00f0skiptavin \u00ed Mi\u00f0-austurl\u00f6ndum.<\/p>\n<p>Vi\u00f0 getum bo\u00f0i\u00f0 margar \u00fatg\u00e1fur skemmtib\u00e1ta samkv\u00e6mt \u00f3skum hvers og eins, \u00fear sem vi\u00f0 h\u00f6fum g\u00e6\u00f0i, notagildi og l\u00e1gan kostna\u00f0 a\u00f0 lei\u00f0arlj\u00f3si. Ef \u00fe\u00fa hefur \u00e1huga \u00e1 s\u00e9rsni\u00f0num skemmtib\u00e1t ekki hika vi\u00f0 a\u00f0 hafa samband. Sveigjanleiki er a\u00f0alsmerki Cleopatra.<\/p>\n<\/div>\n<\/div>\n<\/div>\n<\/div>\n<div class=\"et_pb_row et_pb_row_1\">\n<div class=\"et_pb_column et_pb_column_4_4 et_pb_column_1    et_pb_css_mix_blend_mode_passthrough et-last-child\">\n<div class=\"et_pb_module et_pb_text et_pb_text_1 et_pb_bg_layout_light  et_pb_text_align_left\">\n<div class=\"et_pb_text_inner\">\u00a0<\/div>\n<\/div>\n<\/div>\n<\/div>\n<p>[\/et_pb_text][\/et_pb_column][\/et_pb_row][et_pb_row _builder_version=&#8220;3.25&#8243; background_size=&#8220;initial&#8220; background_position=&#8220;top_left&#8220; background_repeat=&#8220;repeat&#8220; global_colors_info=&#8220;{}&#8220;][et_pb_column type=&#8220;4_4&#8243; _builder_version=&#8220;3.25&#8243; custom_padding=&#8220;|||&#8220; global_colors_info=&#8220;{}&#8220; custom_padding__hover=&#8220;|||&#8220;][et_pb_text admin_label=&#8220;Text&#8220; _builder_version=&#8220;3.27.4&#8243; background_size=&#8220;initial&#8220; background_position=&#8220;top_left&#8220; background_repeat=&#8220;repeat&#8220; use_border_color=&#8220;off&#8220; border_color=&#8220;#ffffff&#8220; border_style=&#8220;solid&#8220; global_colors_info=&#8220;{}&#8220;]<strong>Myndir a\u00f0 utan<\/strong><br \/>\n[\/et_pb_text][et_pb_gallery gallery_ids=&#8220;647,648,649,650,651,652,653,654,655,656&#8243; posts_number=&#8220;99&#8243; show_title_and_caption=&#8220;off&#8220; show_pagination=&#8220;off&#8220; admin_label=&#8220;Gallery ext.&#8220; _builder_version=&#8220;3.0.87&#8243; use_border_color=&#8220;off&#8220; border_color=&#8220;#ffffff&#8220; border_style=&#8220;solid&#8220; global_colors_info=&#8220;{}&#8220;][\/et_pb_gallery][et_pb_text admin_label=&#8220;Text&#8220; _builder_version=&#8220;3.27.4&#8243; background_size=&#8220;initial&#8220; background_position=&#8220;top_left&#8220; background_repeat=&#8220;repeat&#8220; use_border_color=&#8220;off&#8220; border_color=&#8220;#ffffff&#8220; border_style=&#8220;solid&#8220; global_colors_info=&#8220;{}&#8220;]<strong>Myndir a\u00f0 innan<\/strong><br \/>\n[\/et_pb_text][et_pb_gallery gallery_ids=&#8220;657,658,659,660,661,662,663&#8243; posts_number=&#8220;99&#8243; show_title_and_caption=&#8220;off&#8220; show_pagination=&#8220;off&#8220; admin_label=&#8220;Gallery&#8220; _builder_version=&#8220;3.0.87&#8243; use_border_color=&#8220;off&#8220; border_color=&#8220;#ffffff&#8220; border_style=&#8220;solid&#8220; global_colors_info=&#8220;{}&#8220;][\/et_pb_gallery][\/et_pb_column][\/et_pb_row][\/et_pb_section]<\/p>\n","protected":false},"excerpt":{"rendered":"<p>Eftir a\u00f0 hafa framleitt Cleopatra fiski og vinnub\u00e1ta um margra \u00e1ra skei\u00f0 hafa vi\u00f0skiptavinir okkar leita\u00f0 til okkar \u00ed auknu m\u00e6li og \u00f3ska\u00f0 eftir skemmtib\u00e1ta og snekkju\u00fatg\u00e1fum af Cleopatra b\u00e1tunum. \u00dea\u00f0 kemur kannski einhverjum \u00e1 \u00f3vart en vi\u00f0 h\u00f6fum framleitt \u00fe\u00f3 nokkra skemmtib\u00e1ta og snekkjur fram a\u00f0 \u00feessu og \u00fear \u00e1 me\u00f0al 40feta snekkju me\u00f0 [&hellip;]<\/p>\n","protected":false},"author":2,"featured_media":0,"parent":0,"menu_order":0,"comment_status":"open","ping_status":"open","template":"","meta":{"_et_pb_use_builder":"on","_et_pb_old_content":"","_et_gb_content_width":"","footnotes":""},"class_list":["post-512","page","type-page","status-publish","hentry"],"_links":{"self":[{"href":"https:\/\/cleopatra.is\/is\/wp-json\/wp\/v2\/pages\/512","targetHints":{"allow":["GET"]}}],"collection":[{"href":"https:\/\/cleopatra.is\/is\/wp-json\/wp\/v2\/pages"}],"about":[{"href":"https:\/\/cleopatra.is\/is\/wp-json\/wp\/v2\/types\/page"}],"author":[{"embeddable":true,"href":"https:\/\/cleopatra.is\/is\/wp-json\/wp\/v2\/users\/2"}],"replies":[{"embeddable":true,"href":"https:\/\/cleopatra.is\/is\/wp-json\/wp\/v2\/comments?post=512"}],"version-history":[{"count":3,"href":"https:\/\/cleopatra.is\/is\/wp-json\/wp\/v2\/pages\/512\/revisions"}],"predecessor-version":[{"id":14800,"href":"https:\/\/cleopatra.is\/is\/wp-json\/wp\/v2\/pages\/512\/revisions\/14800"}],"wp:attachment":[{"href":"https:\/\/cleopatra.is\/is\/wp-json\/wp\/v2\/media?parent=512"}],"curies":[{"name":"wp","href":"https:\/\/api.w.org\/{rel}","templated":true}]}}