{"id":503,"date":"2015-07-03T02:22:56","date_gmt":"2015-07-03T02:22:56","guid":{"rendered":"https:\/\/nytt.cleopatra.is\/is\/?page_id=503"},"modified":"2022-11-02T17:12:44","modified_gmt":"2022-11-02T17:12:44","slug":"vinnubatar","status":"publish","type":"page","link":"https:\/\/cleopatra.is\/is\/vinnubatar\/","title":{"rendered":"vinnubatar"},"content":{"rendered":"<p>[et_pb_section fb_built=&#8220;1&#8243; _builder_version=&#8220;3.22&#8243; global_colors_info=&#8220;{}&#8220;][et_pb_row _builder_version=&#8220;3.25&#8243; background_size=&#8220;initial&#8220; background_position=&#8220;top_left&#8220; background_repeat=&#8220;repeat&#8220; global_colors_info=&#8220;{}&#8220;][et_pb_column type=&#8220;4_4&#8243; _builder_version=&#8220;3.25&#8243; custom_padding=&#8220;|||&#8220; global_colors_info=&#8220;{}&#8220; custom_padding__hover=&#8220;|||&#8220;][et_pb_image src=&#8220;https:\/\/cleopatra.is\/wp-content\/uploads\/2015\/07\/logo_07workboats.gif&#8220; align_tablet=&#8220;center&#8220; align_phone=&#8220;center&#8220; align_last_edited=&#8220;on|desktop&#8220; admin_label=&#8220;Image&#8220; _builder_version=&#8220;3.23&#8243; animation_style=&#8220;slide&#8220; animation_direction=&#8220;left&#8220; animation_duration=&#8220;500ms&#8220; animation_intensity_slide=&#8220;10%&#8220; animation=&#8220;left&#8220; sticky=&#8220;off&#8220; use_border_color=&#8220;off&#8220; border_color=&#8220;#ffffff&#8220; border_style=&#8220;solid&#8220; always_center_on_mobile=&#8220;on&#8220; global_colors_info=&#8220;{}&#8220;][\/et_pb_image][et_pb_text admin_label=&#8220;Text&#8220; _builder_version=&#8220;3.27.4&#8243; background_size=&#8220;initial&#8220; background_position=&#8220;top_left&#8220; background_repeat=&#8220;repeat&#8220; use_border_color=&#8220;off&#8220; border_color=&#8220;#ffffff&#8220; border_style=&#8220;solid&#8220; global_colors_info=&#8220;{}&#8220;]<\/p>\n<table class=\"contentpaneopen\">\n<tbody>\n<tr>\n<td colspan=\"2\" valign=\"top\">\n<p><strong>Trefjar ehf hafa \u00fatb\u00fai\u00f0 vinnub\u00e1ta til \u00fdmissa verkefna. \u00a0B\u00e1tanna er\u00a0h\u00e6gt a\u00f0 s\u00e9rsm\u00ed\u00f0a eftir \u00fe\u00f6rfum, hvort sem veri\u00f0 er a\u00f0 leita eftir hra\u00f0a, miklu geymslupl\u00e1ssi, flutningum e\u00f0a l\u00faxusinnr\u00e9ttingum.<\/strong>Cleopatra b\u00e1tarnir eru bygg\u00f0ir eftir p\u00f6ntun o.\u00fe.l. h\u00e6gt a\u00f0 f\u00e1 \u00fe\u00e1 \u00fatb\u00fana eftir \u00f3skum hvers og eins.\u00a0\u00a0Kaupendur geta fengi\u00f0 miklu r\u00e1\u00f0i\u00f0 var\u00f0andi fyrirkomulag, v\u00e9lb\u00fana\u00f0 og anna\u00f0 um bor\u00f0.\u00a0 Vi\u00f0 leggjum okkur fram um a\u00f0 afhenda einungis fullb\u00fana b\u00e1ta eftir kr\u00f6fum hvers og eins.<\/p>\n<p><strong>D\u00e6mi um notkunarm\u00f6guleika:<\/strong><\/p>\n<ul>\n<li>K\u00f6fun \u2022 Vei\u00f0ar<\/li>\n<li><a href=\"\/is\/vinnubatar\/hafrannsoknarbatar\/\">Hafranns\u00f3knir<\/a> \u2022 <a href=\"\/is\/vinnubatar\/sjostangveidibatar\/\">Sj\u00f3stangvei\u00f0ib\u00e1tar<\/a><\/li>\n<li><a href=\"\/is\/vinnubatar\/farthegabatar\/\">Far\u00feegab\u00e1tar<\/a> \u2022 <a href=\"\/is\/vinnubatar\/thjonustubatar\/\">\u00dej\u00f3nustub\u00e1tar<\/a><\/li>\n<li>Leigub\u00e1tar \u2022 Fyrirt\u00e6kjab\u00e1tar<\/li>\n<\/ul>\n<\/td>\n<\/tr>\n<\/tbody>\n<\/table>\n<p>&nbsp;<\/p>\n<p>[\/et_pb_text][\/et_pb_column][\/et_pb_row][\/et_pb_section]<\/p>\n","protected":false},"excerpt":{"rendered":"<p>Trefjar ehf hafa \u00fatb\u00fai\u00f0 vinnub\u00e1ta til \u00fdmissa verkefna. \u00a0B\u00e1tanna er\u00a0h\u00e6gt a\u00f0 s\u00e9rsm\u00ed\u00f0a eftir \u00fe\u00f6rfum, hvort sem veri\u00f0 er a\u00f0 leita eftir hra\u00f0a, miklu geymslupl\u00e1ssi, flutningum e\u00f0a l\u00faxusinnr\u00e9ttingum.Cleopatra b\u00e1tarnir eru bygg\u00f0ir eftir p\u00f6ntun o.\u00fe.l. h\u00e6gt a\u00f0 f\u00e1 \u00fe\u00e1 \u00fatb\u00fana eftir \u00f3skum hvers og eins.\u00a0\u00a0Kaupendur geta fengi\u00f0 miklu r\u00e1\u00f0i\u00f0 var\u00f0andi fyrirkomulag, v\u00e9lb\u00fana\u00f0 og anna\u00f0 um bor\u00f0.\u00a0 Vi\u00f0 [&hellip;]<\/p>\n","protected":false},"author":2,"featured_media":0,"parent":0,"menu_order":0,"comment_status":"open","ping_status":"open","template":"","meta":{"_et_pb_use_builder":"on","_et_pb_old_content":"","_et_gb_content_width":"","footnotes":""},"class_list":["post-503","page","type-page","status-publish","hentry"],"_links":{"self":[{"href":"https:\/\/cleopatra.is\/is\/wp-json\/wp\/v2\/pages\/503","targetHints":{"allow":["GET"]}}],"collection":[{"href":"https:\/\/cleopatra.is\/is\/wp-json\/wp\/v2\/pages"}],"about":[{"href":"https:\/\/cleopatra.is\/is\/wp-json\/wp\/v2\/types\/page"}],"author":[{"embeddable":true,"href":"https:\/\/cleopatra.is\/is\/wp-json\/wp\/v2\/users\/2"}],"replies":[{"embeddable":true,"href":"https:\/\/cleopatra.is\/is\/wp-json\/wp\/v2\/comments?post=503"}],"version-history":[{"count":2,"href":"https:\/\/cleopatra.is\/is\/wp-json\/wp\/v2\/pages\/503\/revisions"}],"predecessor-version":[{"id":14629,"href":"https:\/\/cleopatra.is\/is\/wp-json\/wp\/v2\/pages\/503\/revisions\/14629"}],"wp:attachment":[{"href":"https:\/\/cleopatra.is\/is\/wp-json\/wp\/v2\/media?parent=503"}],"curies":[{"name":"wp","href":"https:\/\/api.w.org\/{rel}","templated":true}]}}