{"id":373,"date":"2015-07-03T00:43:39","date_gmt":"2015-07-03T00:43:39","guid":{"rendered":"https:\/\/nytt.cleopatra.is\/is\/?page_id=373"},"modified":"2024-04-02T22:38:31","modified_gmt":"2024-04-02T22:38:31","slug":"cleopatra-38","status":"publish","type":"page","link":"https:\/\/cleopatra.is\/is\/fiskibatar\/cleopatra-38\/","title":{"rendered":"Cleopatra 38"},"content":{"rendered":"<p>[et_pb_section fb_built=&#8220;1&#8243; _builder_version=&#8220;4.16&#8243; custom_padding=&#8220;||4px|||&#8220; top_divider_color=&#8220;#d30300&#8243; locked=&#8220;off&#8220; global_colors_info=&#8220;{}&#8220;][et_pb_row _builder_version=&#8220;4.16&#8243; custom_padding=&#8220;3px|0px|4px|0px|false|false&#8220; global_colors_info=&#8220;{}&#8220;][et_pb_column type=&#8220;4_4&#8243; _builder_version=&#8220;4.16&#8243; custom_padding=&#8220;|||&#8220; global_colors_info=&#8220;{}&#8220; custom_padding__hover=&#8220;|||&#8220;][et_pb_image src=&#8220;https:\/\/cleopatra.is\/wp-content\/uploads\/2019\/04\/c38logo.png&#8220; align_tablet=&#8220;center&#8220; align_phone=&#8220;&#8220; align_last_edited=&#8220;on|desktop&#8220; _builder_version=&#8220;4.16&#8243; transform_scale=&#8220;47%|47%&#8220; transform_translate=&#8220;-8px|58px&#8220; animation_style=&#8220;fade&#8220; global_colors_info=&#8220;{}&#8220;][\/et_pb_image][\/et_pb_column][\/et_pb_row][et_pb_row column_structure=&#8220;1_5,3_5,1_5&#8243; _builder_version=&#8220;4.16&#8243; global_colors_info=&#8220;{}&#8220;][et_pb_column type=&#8220;1_5&#8243; _builder_version=&#8220;4.16&#8243; custom_padding=&#8220;|||&#8220; global_colors_info=&#8220;{}&#8220; custom_padding__hover=&#8220;|||&#8220;][\/et_pb_column][et_pb_column type=&#8220;3_5&#8243; _builder_version=&#8220;4.16&#8243; custom_padding=&#8220;|||&#8220; global_colors_info=&#8220;{}&#8220; custom_padding__hover=&#8220;|||&#8220;][et_pb_text admin_label=&#8220;Text&#8220; _builder_version=&#8220;4.16&#8243; background_size=&#8220;initial&#8220; background_position=&#8220;top_left&#8220; background_repeat=&#8220;repeat&#8220; custom_padding=&#8220;0px|||||&#8220; use_border_color=&#8220;off&#8220; border_color=&#8220;#ffffff&#8220; border_style=&#8220;solid&#8220; global_colors_info=&#8220;{}&#8220;]<\/p>\n<h4 style=\"text-align: center;\"><strong>Hra\u00f0i, bur\u00f0argeta og g\u00e6\u00f0i! <br \/>Flaggskip \u00edslenska sm\u00e1b\u00e1taflotans undanfarin \u00e1r.<\/strong><\/h4>\n<div id=\"jwts_tab\" class=\"jwts_tabber\"><\/div>\n<p>[\/et_pb_text][\/et_pb_column][et_pb_column type=&#8220;1_5&#8243; _builder_version=&#8220;4.16&#8243; custom_padding=&#8220;|||&#8220; global_colors_info=&#8220;{}&#8220; custom_padding__hover=&#8220;|||&#8220;][\/et_pb_column][\/et_pb_row][et_pb_row column_structure=&#8220;1_2,1_2&#8243; make_equal=&#8220;on&#8220; _builder_version=&#8220;4.16&#8243; custom_padding=&#8220;40px|0px|39px|0px|false|false&#8220; global_colors_info=&#8220;{}&#8220;][et_pb_column type=&#8220;1_2&#8243; _builder_version=&#8220;4.16&#8243; custom_padding=&#8220;|||&#8220; global_colors_info=&#8220;{}&#8220; custom_padding__hover=&#8220;|||&#8220;][et_pb_text admin_label=&#8220;Text&#8220; _builder_version=&#8220;4.16&#8243; background_size=&#8220;initial&#8220; background_position=&#8220;top_left&#8220; background_repeat=&#8220;repeat&#8220; use_border_color=&#8220;off&#8220; border_color=&#8220;#ffffff&#8220; border_style=&#8220;solid&#8220; global_colors_info=&#8220;{}&#8220;]G\u00f3\u00f0ur \u00e1rangur Cleopatra 38 byggist \u00e1 <strong>h\u00e1g\u00e6\u00f0asm\u00ed\u00f0i<\/strong> og h\u00f6nnun sem uppfyllir kr\u00f6fur atvinnusj\u00f3manna sem starfa allt \u00e1ri\u00f0 um kring.\u00a0\u00a0 B\u00e1turinn er bygg\u00f0ur eftir nor\u00f0urlandareglum me\u00f0 st\u00f6\u00f0ugleika, \u00fe\u00e6gindi, hra\u00f0a, bur\u00f0argetu og sj\u00f3h\u00e6fni a\u00f0 lei\u00f0arlj\u00f3si.<\/p>\n<p>B\u00e1turinn er b\u00fainn h\u00e1g\u00e6\u00f0a vei\u00f0ib\u00fana\u00f0i og h\u00e6gt er a\u00f0 f\u00e1 hann \u00fatb\u00fainn fyrir l\u00ednuvei\u00f0ar, netavei\u00f0ar,\u00a0handf\u00e6ravei\u00f0ar og gildruvei\u00f0ar.[\/et_pb_text][\/et_pb_column][et_pb_column type=&#8220;1_2&#8243; _builder_version=&#8220;4.16&#8243; custom_padding=&#8220;0px|25px|0px|&#8220; global_colors_info=&#8220;{}&#8220; custom_padding__hover=&#8220;|||&#8220;][et_pb_image src=&#8220;https:\/\/cleopatra.is\/wp-content\/uploads\/2015\/07\/cleo38.jpg&#8220; force_fullwidth=&#8220;on&#8220; align_tablet=&#8220;center&#8220; align_phone=&#8220;&#8220; align_last_edited=&#8220;on|desktop&#8220; admin_label=&#8220;Image&#8220; _builder_version=&#8220;4.16&#8243; custom_margin=&#8220;0px||&#8220; animation_style=&#8220;slide&#8220; animation_direction=&#8220;left&#8220; animation_duration=&#8220;500ms&#8220; animation_intensity_slide=&#8220;10%&#8220; animation=&#8220;left&#8220; sticky=&#8220;off&#8220; use_border_color=&#8220;off&#8220; border_color=&#8220;#ffffff&#8220; border_style=&#8220;solid&#8220; global_colors_info=&#8220;{}&#8220;][\/et_pb_image][\/et_pb_column][\/et_pb_row][et_pb_row column_structure=&#8220;1_2,1_2&#8243; _builder_version=&#8220;4.16&#8243; background_size=&#8220;initial&#8220; background_position=&#8220;top_left&#8220; background_repeat=&#8220;repeat&#8220; custom_padding=&#8220;0|0px|40px|0px|false|false&#8220; global_colors_info=&#8220;{}&#8220;][et_pb_column type=&#8220;1_2&#8243; _builder_version=&#8220;4.16&#8243; custom_padding=&#8220;|||&#8220; global_colors_info=&#8220;{}&#8220; custom_padding__hover=&#8220;|||&#8220;][et_pb_image src=&#8220;https:\/\/cleopatra.is\/wp-content\/uploads\/2015\/07\/Ccleo38-20.jpg&#8220; force_fullwidth=&#8220;on&#8220; align_tablet=&#8220;center&#8220; align_phone=&#8220;&#8220; align_last_edited=&#8220;on|desktop&#8220; disabled_on=&#8220;on|on|off&#8220; admin_label=&#8220;Image&#8220; _builder_version=&#8220;4.16&#8243; animation_style=&#8220;slide&#8220; animation_direction=&#8220;left&#8220; animation_duration=&#8220;500ms&#8220; animation_intensity_slide=&#8220;10%&#8220; animation=&#8220;left&#8220; sticky=&#8220;off&#8220; use_border_color=&#8220;off&#8220; border_color=&#8220;#ffffff&#8220; border_style=&#8220;solid&#8220; global_colors_info=&#8220;{}&#8220;][\/et_pb_image][\/et_pb_column][et_pb_column type=&#8220;1_2&#8243; _builder_version=&#8220;4.16&#8243; custom_padding=&#8220;|||&#8220; global_colors_info=&#8220;{}&#8220; custom_padding__hover=&#8220;|||&#8220;][et_pb_text admin_label=&#8220;Text&#8220; _builder_version=&#8220;4.16&#8243; background_size=&#8220;initial&#8220; background_position=&#8220;top_left&#8220; background_repeat=&#8220;repeat&#8220; use_border_color=&#8220;off&#8220; border_color=&#8220;#ffffff&#8220; border_style=&#8220;solid&#8220; global_colors_info=&#8220;{}&#8220;]Cleopatra 38 \u2013 Rolls Royce hra\u00f0fiskib\u00e1tanna og tr\u00falega <strong>\u00f6flugasti b\u00e1turinn<\/strong> \u00ed s\u00ednum flokki. St\u00f3r fiskilest allt a\u00f0\u00a018r\u00fammetrum hefur skila\u00f0 eigendum Cleopatra 38 allt a\u00f0 1500tonna afla \u00e1 \u00e1ri !\u00a0 B\u00e1turinn fyrir atvinnumanninn sem \u00f3skar g\u00f3\u00f0s vinnur\u00fdmis og\u00a0\u00fe\u00e6ginda \u00ed lengri fer\u00f0um allt \u00e1ri\u00f0.<\/p>\n<p>Mj\u00f6g r\u00famgott vinnudekk.\u00a0 R\u00famgott st\u00fdrish\u00fas me\u00f0 setustofu. L\u00fakar me\u00f0 eldunara\u00f0st\u00f6\u00f0u og svefnpl\u00e1ssi fyrir allt a\u00f0 fj\u00f3ra.<\/p>\n<p>Fyrirkomulag b\u00e1tsins er \u00e1kaflega <strong>sveigjanlegt<\/strong> og h\u00e6gt er a\u00f0 \u00fatb\u00faa b\u00e1tinn \u00e1 marga vegu til \u00fdmissa nota t.d. l\u00faxus sj\u00f3stangvei\u00f0a, k\u00f6funar, hafranns\u00f3kna og far\u00feegaflutninga.[\/et_pb_text][\/et_pb_column][\/et_pb_row][\/et_pb_section][et_pb_section fb_built=&#8220;1&#8243; module_class=&#8220;grayfix&#8220; _builder_version=&#8220;4.16&#8243; custom_padding=&#8220;22px|0px|19px|0px|false|false&#8220; top_divider_color=&#8220;#8300e9&#8243; bottom_divider_style=&#8220;curve&#8220; bottom_divider_color=&#8220;rgba(0,0,0,0.1)&#8220; locked=&#8220;off&#8220; global_colors_info=&#8220;{}&#8220;][et_pb_row _builder_version=&#8220;4.16&#8243; custom_padding=&#8220;40px|0px|80px|0px|false|false&#8220; global_colors_info=&#8220;{}&#8220;][et_pb_column type=&#8220;4_4&#8243; _builder_version=&#8220;4.16&#8243; custom_padding=&#8220;|||&#8220; global_colors_info=&#8220;{}&#8220; custom_padding__hover=&#8220;|||&#8220;][et_pb_text _builder_version=&#8220;4.16&#8243; text_font=&#8220;||||||||&#8220; text_text_color=&#8220;#e02b20&#8243; header_font=&#8220;||||||||&#8220; inline_fonts=&#8220;Acme,Actor&#8220; global_colors_info=&#8220;{}&#8220;]<\/p>\n<p style=\"text-align: center;\"><span style=\"font-size: x-large; font-family: Actor; font-weight: normal; color: #e02b20;\"><em>Cleopatra 38 er sannkalla\u00f0ur <strong>vinnuhestur<\/strong> og l\u00edklega <strong>besta fj\u00e1rfesting<\/strong> sem \u00fe\u00fa getur gert.<\/em><\/span><\/p>\n<p>[\/et_pb_text][\/et_pb_column][\/et_pb_row][\/et_pb_section][et_pb_section fb_built=&#8220;1&#8243; module_class=&#8220;grayfix&#8220; _builder_version=&#8220;4.16&#8243; background_color=&#8220;rgba(0,0,0,0.1)&#8220; custom_padding=&#8220;||39px|||&#8220; locked=&#8220;off&#8220; global_colors_info=&#8220;{}&#8220;][et_pb_row _builder_version=&#8220;4.16&#8243; global_colors_info=&#8220;{}&#8220;][et_pb_column type=&#8220;4_4&#8243; _builder_version=&#8220;4.16&#8243; custom_padding=&#8220;|||&#8220; global_colors_info=&#8220;{}&#8220; custom_padding__hover=&#8220;|||&#8220;][et_pb_tabs admin_label=&#8220;Tabs&#8220; _builder_version=&#8220;4.22.2&#8243; background_size=&#8220;initial&#8220; background_position=&#8220;top_left&#8220; background_repeat=&#8220;repeat&#8220; hover_enabled=&#8220;0&#8243; use_border_color=&#8220;off&#8220; border_color=&#8220;#ffffff&#8220; border_style=&#8220;solid&#8220; global_colors_info=&#8220;{}&#8220; sticky_enabled=&#8220;0&#8243;][et_pb_tab title=&#8220;Helstu kostir&#8220; _builder_version=&#8220;4.16&#8243; background_size=&#8220;initial&#8220; background_position=&#8220;top_left&#8220; background_repeat=&#8220;repeat&#8220; global_colors_info=&#8220;{}&#8220;]<\/p>\n<div class=\"specs\">\n<p><strong>SM\u00cd\u00d0I<\/strong><br \/>\nHandlagt trefjaplast<br \/>\nIsotals gelh\u00fa\u00f0 og\u00a0polyestri<br \/>\nBotnfarvi<br \/>\nVinnudekk me\u00f0 kjarna \u00far balsavi\u00f0i<br \/>\nSj\u00f3\u00feolin krossvi\u00f0ur \u00ed \u00feilum og st\u00edfingum<\/p>\n<p><strong>FYRIRKOMULAG<\/strong><br \/>\n\u00derj\u00fa vatns\u00fe\u00e9tt r\u00fdmi: L\u00fakar\/st\u00fdrish\u00fas,<br \/>\nfiskilest og v\u00e9larr\u00fam<br \/>\nR\u00famg\u00f3\u00f0ur l\u00fakar me\u00f0 eldunara\u00f0st\u00f6\u00f0u<br \/>\nSt\u00f3r fiskilest fyrir k\u00f6r<br \/>\nV\u00e9larr\u00fam aftast d\u00edselv\u00e9l me\u00f0 V-g\u00edr<\/p>\n<p><strong>INNRA R\u00ddMI<\/strong><br \/>\nTekk innr\u00e9tting<br \/>\n3-4 kojur \u00ed fullri st\u00e6r\u00f0<br \/>\nBor\u00f0salur fyrir 4 \u00ed br\u00fa<br \/>\nEldunara\u00f0sta\u00f0a me\u00f0 gaseldav\u00e9l og vaski<br \/>\nSj\u00f3salerni<\/p>\n<p><strong>\u00cdHLUTIR<\/strong><br \/>\nStj\u00f3rnt\u00e6ki fyrir v\u00e9l<br \/>\nRafgeymar<br \/>\nR\u00fa\u00f0u\u00feurrkur<br \/>\nV\u00f6kvast\u00fdri<br \/>\nFlipast\u00fdri<br \/>\nVHF Talst\u00f6\u00f0<br \/>\n\u00datvarp\/geislaspilari<br \/>\nKomp\u00e1s<br \/>\nFlapsar<br \/>\nSj\u00e1lfvirkar og handst\u00fdr\u00f0ar lensid\u00e6lur\n<\/div>\n<div class=\"specs\"><strong>VALM\u00d6GULEIKAR<\/strong><br \/>\nLandtenging 230V<br \/>\n\u00d6rbylgjuofn<br \/>\nKaffiv\u00e9l<br \/>\n\u00cdssk\u00e1pur<br \/>\nSj\u00f3nvarp \/ DVD spilar<br \/>\nLoftk\u00e6ling<br \/>\nUpphita\u00f0ar r\u00fa\u00f0ur<br \/>\nOl\u00edumi\u00f0st\u00f6\u00f0<br \/>\nVatnsmi\u00f0st\u00f6\u00f0<br \/>\nSj\u00e1lfst\u00fdring<br \/>\nGPS plotter<br \/>\nPC \u2013 t\u00f6lva<br \/>\nD\u00fdptarm\u00e6lir<br \/>\nGMDSS<br \/>\n\u00c1ri\u00f0ill\/Hle\u00f0slut\u00e6ki<br \/>\nCD player<br \/>\nSm\u00fald\u00e6la<br \/>\nLeitarlj\u00f3s<br \/>\nLj\u00f3sav\u00e9l<br \/>\nB\u00f3gskr\u00fafa<br \/>\nYfirbyggt vinnudekk<br \/>\n<em>Annar b\u00fana\u00f0ur samkv\u00e6mt \u00f3skum<\/em>\n<\/div>\n<div class=\"specs\">\n<strong>\u00d6RYGGISB\u00daNA\u00d0UR<\/strong><br \/>\nL\u00edfb\u00e1tur me\u00f0 \u00f6ryggisb\u00fana\u00f0i<br \/>\nBjarghringur<br \/>\nRekkverk og handlistar<br \/>\n\u00d6ryggisstigi<br \/>\nSj\u00e1lfvirkt sl\u00f6kkvikerfi<br \/>\nHandsl\u00f6kkvit\u00e6ki<br \/>\nAkkeri og ke\u00f0ja<br \/>\nSiglingalj\u00f3s<br \/>\nA\u00f0v\u00f6runarkerfi<\/p>\n<p><strong>VEI\u00d0IB\u00daNA\u00d0UR<\/strong><br \/>\nSj\u00e1lfvirkt l\u00ednukerfi: L\u00ednuspil, beituskur\u00f0arhn\u00edfur, Beitningatrekt e\u00f0a beitningarv\u00e9l<br \/>\nHandf\u00e6rar\u00fallur<br \/>\nNetavei\u00f0ib\u00fana\u00f0ur<br \/>\nT\u00fanfiskl\u00ednukerfi<br \/>\nGildruvei\u00f0ib\u00fana\u00f0ur<\/p>\n<p><em>Annar vei\u00f0ib\u00fana\u00f0ur samkv\u00e6mt \u00f3skum.<\/em><\/p>\n<\/div>\n<p>[\/et_pb_tab][et_pb_tab title=&#8220;T\u00e6knil\u00fdsing&#8220; _builder_version=&#8220;4.22.2&#8243; background_size=&#8220;initial&#8220; background_position=&#8220;top_left&#8220; background_repeat=&#8220;repeat&#8220; hover_enabled=&#8220;0&#8243; global_colors_info=&#8220;{}&#8220; sticky_enabled=&#8220;0&#8243;]<\/p>\n<div class=\"et_pb_tab_content\">\n<div class=\"specs\">\n<dt>Lengd (Loa)(hull)<\/dt>\n<dd>11.3m (37\u2019 1\u2019\u2019)<\/dd>\n<dt>Lengd (Loa) me\u00f0 palli *<\/dt>\n<dd>11.9m (39\u2019 1\u2019\u2019)<\/dd>\n<dt>Breidd<\/dt>\n<dd>3.8m (12\u2019 6\u2019\u2019)<\/dd>\n<dt>M\u00f3tu\u00f0 d\u00fdpt<\/dt>\n<dd>1.5m (4\u2019 11\u2019\u2019)<\/dd>\n<dt>Dj\u00faprista<\/dt>\n<dd>1.1m (3\u2019 7\u2019\u2019)<\/dd>\n<dt>Vinnudekk<\/dt>\n<dd>21.7m2 (234 ft2 )<\/dd>\n<dt>Ol\u00edugeymar<\/dt>\n<dd>2 x 1000 l\u00edtrar (529 US gall.)<\/dd>\n<dt>Vatnsgeymar<\/dt>\n<dd>120 l\u00edtrar (32 US gall.)<\/dd>\n<dt>Fiskilest<\/dt>\n<dd>13.5m3 (483 ft3 )<\/dd>\n<\/div>\n<div class=\"specs\">\n<dt>A\u00f0alv\u00e9l **<\/dt>\n<dd><span class=\"specs_one\">Caterpillar C9.3<\/span> <span class=\"specs_two\">483hp\/2300rpm<\/span> <span class=\"specs_three\">9.3L<\/span><\/dd>\n<dd><span class=\"specs_one\">Caterpillar C12<\/span> <span class=\"specs_two\">578hp\/2300rpm<\/span> <span class=\"specs_three\">12L<\/span><\/dd>\n<dd><span class=\"specs_one\">Cummins QSC8.3<\/span> <span class=\"specs_two\">493hp\/2600rpm<\/span> <span class=\"specs_three\">8.3L<\/span><\/dd>\n<dd><span class=\"specs_one\">Cummins QSM11<\/span> <span class=\"specs_two\">602hp\/2300rpm<\/span> <span class=\"specs_three\">10.8L<\/span><\/dd>\n<dd><span class=\"specs_one\">Doosan LO126TI<\/span> <span class=\"specs_two\">400hp\/2100rpm<\/span> <span class=\"specs_three\">11.1L<\/span><\/dd>\n<dd><span class=\"specs_one\">Doosan 4V158TIM<\/span> <span class=\"specs_two\">600hp\/2100rpm<\/span> <span class=\"specs_three\">14.6L<\/span><\/dd>\n<dd><span class=\"specs_one\">FPT (Iveco) C90 380<\/span> <span class=\"specs_two\">410hp\/2000rpm<\/span> <span class=\"specs_three\">8.7L<\/span><\/dd>\n<dd><span class=\"specs_one\">FPT (Iveco) C16 600<\/span> <span class=\"specs_two\">600hp\/1800rpm<\/span> <span class=\"specs_three\">15.9L<\/span><\/dd>\n<dd><span class=\"specs_one\">Scania D13<\/span> <span class=\"specs_two\">600hp\/2100rpm<\/span> <span class=\"specs_three\">12.7L<\/span><\/dd>\n<dd><span class=\"specs_one\">Volvo Penta D9<\/span> <span class=\"specs_two\">500hp\/2600rpm<\/span> <span class=\"specs_three\">9.4L<\/span><\/dd>\n<dd><span class=\"specs_one\">Volvo Penta D13<\/span> <span class=\"specs_two\">700hp\/2300rpm<\/span> <span class=\"specs_three\">12.8L<\/span><\/dd>\n<dd><span class=\"specs_one\">Yanmar 6HYM-ETE<\/span> <span class=\"specs_two\">700hp\/220rpm<\/span> <span class=\"specs_three\">13.7L<\/span><\/dd>\n<dt>Tveggja v\u00e9la uppsetningar:<\/dt>\n<dd><span class=\"specs_one\">2 x FTP (Iveco) N67 450<\/span> <span class=\"specs_two\">2 x 370hp\/3000rpm<\/span> <span class=\"specs_three\">6.7L<\/span><\/dd>\n<dd><span class=\"specs_one\">Volvo Penta IPS 450<\/span> <span class=\"specs_two\">2 x 330hp\/3500rpm<\/span> <span class=\"specs_three\">5.5L<\/span><\/dd>\n<\/div>\n<div class=\"specs\">\n<dt>G\u00edrkassi<\/dt>\n<dd><span class=\"specs_one\">ZF<\/span> <span class=\"specs_two\">325IV<\/span> <span class=\"specs_three\">2.03:1<\/span><\/dd>\n<dd><span class=\"specs_one\">ZF<\/span> <span class=\"specs_two\">286IV<\/span> <span class=\"specs_three\">2.01:1<\/span><\/dd>\n<dd><span class=\"specs_one\">2 x<\/span> <span class=\"specs_two\">ZF80IV<\/span> <span class=\"specs_three\">2.01:1<\/span><\/dd>\n<dt>Skr\u00fafub\u00fana\u00f0ur<\/dt>\n<dd>Fj\u00f6gra e\u00f0a fimm bla\u00f0a skr\u00fafa<\/dd>\n<dt>Topphra\u00f0i<\/dt>\n<dd>18 \u2013&nbsp;37 hn\u00fatar<\/dd>\n<dt>Vinnuhra\u00f0i<\/dt>\n<dd>12 \u2013 22 hn\u00fatar<\/dd>\n<dt>Vinnugeiri<\/dt>\n<dd>400 nm<\/dd>\n<p><i>* &nbsp;&nbsp;&nbsp;Pallur er valm\u00f6guleiki<br \/>\n**&nbsp; A\u00f0rar v\u00e9lar samkv\u00e6mt \u00f3skum<\/i>\n<\/p>\n<\/div>\n<\/div>\n<p>[\/et_pb_tab][et_pb_tab title=&#8220;Vei\u00f0arf\u00e6ri&#8220; _builder_version=&#8220;4.16&#8243; background_size=&#8220;initial&#8220; background_position=&#8220;top_left&#8220; background_repeat=&#8220;repeat&#8220; global_colors_info=&#8220;{}&#8220;]L\u00ednubeitningakerfi<br \/>\nL\u00ednuvei\u00f0ar<br \/>\nNetavei\u00f0ar<br \/>\nHandf\u00e6ravei\u00f0ar<br \/>\nGildruvei\u00f0ar[\/et_pb_tab][\/et_pb_tabs][\/et_pb_column][\/et_pb_row][\/et_pb_section][et_pb_section fb_built=&#8220;1&#8243; _builder_version=&#8220;4.16&#8243; global_colors_info=&#8220;{}&#8220;][et_pb_row _builder_version=&#8220;4.16&#8243; background_size=&#8220;initial&#8220; background_position=&#8220;top_left&#8220; background_repeat=&#8220;repeat&#8220; global_colors_info=&#8220;{}&#8220;][et_pb_column type=&#8220;4_4&#8243; _builder_version=&#8220;4.16&#8243; custom_padding=&#8220;|||&#8220; global_colors_info=&#8220;{}&#8220; custom_padding__hover=&#8220;|||&#8220;][et_pb_gallery gallery_ids=&#8220;327,328,329,330,331,332,333,334,335,336,337,338,339,340,341,342,343,344,345,346,347,348,349,350,351,352,353,354,355,356,357,358,359,360,361,362,363,364,365,366,367,368,369,370&#8243; posts_number=&#8220;99&#8243; show_title_and_caption=&#8220;off&#8220; show_pagination=&#8220;off&#8220; admin_label=&#8220;Gallery&#8220; _builder_version=&#8220;4.16&#8243; use_border_color=&#8220;off&#8220; border_color=&#8220;#ffffff&#8220; border_style=&#8220;solid&#8220; global_colors_info=&#8220;{}&#8220;][\/et_pb_gallery][\/et_pb_column][\/et_pb_row][\/et_pb_section]<\/p>\n","protected":false},"excerpt":{"rendered":"<p>Hra\u00f0i, bur\u00f0argeta og g\u00e6\u00f0i! Flaggskip \u00edslenska sm\u00e1b\u00e1taflotans undanfarin \u00e1r. G\u00f3\u00f0ur \u00e1rangur Cleopatra 38 byggist \u00e1 h\u00e1g\u00e6\u00f0asm\u00ed\u00f0i og h\u00f6nnun sem uppfyllir kr\u00f6fur atvinnusj\u00f3manna sem starfa allt \u00e1ri\u00f0 um kring.\u00a0\u00a0 B\u00e1turinn er bygg\u00f0ur eftir nor\u00f0urlandareglum me\u00f0 st\u00f6\u00f0ugleika, \u00fe\u00e6gindi, hra\u00f0a, bur\u00f0argetu og sj\u00f3h\u00e6fni a\u00f0 lei\u00f0arlj\u00f3si. B\u00e1turinn er b\u00fainn h\u00e1g\u00e6\u00f0a vei\u00f0ib\u00fana\u00f0i og h\u00e6gt er a\u00f0 f\u00e1 hann \u00fatb\u00fainn fyrir [&hellip;]<\/p>\n","protected":false},"author":2,"featured_media":0,"parent":108,"menu_order":0,"comment_status":"open","ping_status":"open","template":"","meta":{"_et_pb_use_builder":"on","_et_pb_old_content":"","_et_gb_content_width":"","footnotes":""},"class_list":["post-373","page","type-page","status-publish","hentry"],"_links":{"self":[{"href":"https:\/\/cleopatra.is\/is\/wp-json\/wp\/v2\/pages\/373","targetHints":{"allow":["GET"]}}],"collection":[{"href":"https:\/\/cleopatra.is\/is\/wp-json\/wp\/v2\/pages"}],"about":[{"href":"https:\/\/cleopatra.is\/is\/wp-json\/wp\/v2\/types\/page"}],"author":[{"embeddable":true,"href":"https:\/\/cleopatra.is\/is\/wp-json\/wp\/v2\/users\/2"}],"replies":[{"embeddable":true,"href":"https:\/\/cleopatra.is\/is\/wp-json\/wp\/v2\/comments?post=373"}],"version-history":[{"count":3,"href":"https:\/\/cleopatra.is\/is\/wp-json\/wp\/v2\/pages\/373\/revisions"}],"predecessor-version":[{"id":15754,"href":"https:\/\/cleopatra.is\/is\/wp-json\/wp\/v2\/pages\/373\/revisions\/15754"}],"up":[{"embeddable":true,"href":"https:\/\/cleopatra.is\/is\/wp-json\/wp\/v2\/pages\/108"}],"wp:attachment":[{"href":"https:\/\/cleopatra.is\/is\/wp-json\/wp\/v2\/media?parent=373"}],"curies":[{"name":"wp","href":"https:\/\/api.w.org\/{rel}","templated":true}]}}