{"id":322,"date":"2015-07-03T00:32:14","date_gmt":"2015-07-03T00:32:14","guid":{"rendered":"https:\/\/nytt.cleopatra.is\/is\/?page_id=322"},"modified":"2024-04-19T14:40:07","modified_gmt":"2024-04-19T14:40:07","slug":"cleopatra-33","status":"publish","type":"page","link":"https:\/\/cleopatra.is\/is\/fiskibatar\/cleopatra-33\/","title":{"rendered":"Cleopatra 33"},"content":{"rendered":"<p>[et_pb_section fb_built=&#8220;1&#8243; _builder_version=&#8220;4.16&#8243; custom_padding=&#8220;||4px|||&#8220; top_divider_color=&#8220;#d30300&#8243; locked=&#8220;off&#8220; global_colors_info=&#8220;{}&#8220;][et_pb_row _builder_version=&#8220;4.16&#8243; custom_padding=&#8220;3px|0px|4px|0px|false|false&#8220; global_colors_info=&#8220;{}&#8220;][et_pb_column type=&#8220;4_4&#8243; _builder_version=&#8220;4.16&#8243; custom_padding=&#8220;|||&#8220; global_colors_info=&#8220;{}&#8220; custom_padding__hover=&#8220;|||&#8220;][et_pb_image src=&#8220;https:\/\/cleopatra.is\/wp-content\/uploads\/2019\/08\/c33logo.png&#8220; align_tablet=&#8220;center&#8220; align_phone=&#8220;&#8220; align_last_edited=&#8220;on|desktop&#8220; _builder_version=&#8220;4.16&#8243; transform_scale=&#8220;47%|47%&#8220; transform_translate=&#8220;-8px|58px&#8220; animation_style=&#8220;fade&#8220; global_colors_info=&#8220;{}&#8220;][\/et_pb_image][\/et_pb_column][\/et_pb_row][et_pb_row column_structure=&#8220;1_5,3_5,1_5&#8243; _builder_version=&#8220;4.16&#8243; global_colors_info=&#8220;{}&#8220;][et_pb_column type=&#8220;1_5&#8243; _builder_version=&#8220;4.16&#8243; custom_padding=&#8220;|||&#8220; global_colors_info=&#8220;{}&#8220; custom_padding__hover=&#8220;|||&#8220;][\/et_pb_column][et_pb_column type=&#8220;3_5&#8243; _builder_version=&#8220;4.16&#8243; custom_padding=&#8220;|||&#8220; global_colors_info=&#8220;{}&#8220; custom_padding__hover=&#8220;|||&#8220;][et_pb_text admin_label=&#8220;Text&#8220; _builder_version=&#8220;4.16&#8243; background_size=&#8220;initial&#8220; background_position=&#8220;top_left&#8220; background_repeat=&#8220;repeat&#8220; custom_padding=&#8220;0px|||||&#8220; use_border_color=&#8220;off&#8220; border_color=&#8220;#ffffff&#8220; border_style=&#8220;solid&#8220; global_colors_info=&#8220;{}&#8220;]<\/p>\n<h4 style=\"text-align: center;\"><strong>Sj\u00f3h\u00e6fni, kraftur og\u00a0hra\u00f0i<\/strong><\/h4>\n<p>[\/et_pb_text][\/et_pb_column][et_pb_column type=&#8220;1_5&#8243; _builder_version=&#8220;4.16&#8243; custom_padding=&#8220;|||&#8220; global_colors_info=&#8220;{}&#8220; custom_padding__hover=&#8220;|||&#8220;][\/et_pb_column][\/et_pb_row][et_pb_row column_structure=&#8220;1_2,1_2&#8243; make_equal=&#8220;on&#8220; _builder_version=&#8220;4.16&#8243; custom_padding=&#8220;40px|0px|39px|0px|false|false&#8220; global_colors_info=&#8220;{}&#8220;][et_pb_column type=&#8220;1_2&#8243; _builder_version=&#8220;4.16&#8243; custom_padding=&#8220;|||&#8220; global_colors_info=&#8220;{}&#8220; custom_padding__hover=&#8220;|||&#8220;][et_pb_text admin_label=&#8220;Text&#8220; _builder_version=&#8220;4.16&#8243; background_size=&#8220;initial&#8220; background_position=&#8220;top_left&#8220; background_repeat=&#8220;repeat&#8220; use_border_color=&#8220;off&#8220; border_color=&#8220;#ffffff&#8220; border_style=&#8220;solid&#8220; global_colors_info=&#8220;{}&#8220;]Cleopatra Fisherman 33 er hanna\u00f0ur sem vinnub\u00e1tur me\u00f0 miki\u00f0 lestarr\u00fdmi.\u00a0 30 \u00e1ra reynsla Trefja og kr\u00f6fur \u00edslenskra sj\u00f3manna sem s\u00e6kja sj\u00f3 vi\u00f0 strendur \u00cdslands hafa skila\u00f0 okkur b\u00e1t framt\u00ed\u00f0arinnar.<\/p>\n<p>St\u00f6\u00f0ugur og \u00f6ruggur b\u00e1tur sem uppfyllir allar \u00f6ryggiskr\u00f6fur flokkunarf\u00e9laga.\u00a0 V\u00e9lar\u00fam aftast og 10r\u00fammetra lestarr\u00fdmi mi\u00f0skips.\u00a0 G\u00f3\u00f0 h\u00e6\u00f0 \u00ed lest gerir me\u00f0fer\u00f0 afla au\u00f0velda.[\/et_pb_text][\/et_pb_column][et_pb_column type=&#8220;1_2&#8243; _builder_version=&#8220;4.16&#8243; custom_padding=&#8220;0px|25px|0px|&#8220; global_colors_info=&#8220;{}&#8220; custom_padding__hover=&#8220;|||&#8220;][et_pb_image src=&#8220;https:\/\/cleopatra.is\/wp-content\/uploads\/2015\/07\/IMG_6210.jpg&#8220; force_fullwidth=&#8220;on&#8220; align_tablet=&#8220;center&#8220; align_phone=&#8220;&#8220; align_last_edited=&#8220;on|desktop&#8220; admin_label=&#8220;Image&#8220; _builder_version=&#8220;4.16&#8243; custom_margin=&#8220;0px||&#8220; animation_style=&#8220;slide&#8220; animation_direction=&#8220;left&#8220; animation_duration=&#8220;500ms&#8220; animation_intensity_slide=&#8220;10%&#8220; animation=&#8220;left&#8220; sticky=&#8220;off&#8220; use_border_color=&#8220;off&#8220; border_color=&#8220;#ffffff&#8220; border_style=&#8220;solid&#8220; global_colors_info=&#8220;{}&#8220;][\/et_pb_image][\/et_pb_column][\/et_pb_row][et_pb_row column_structure=&#8220;1_2,1_2&#8243; _builder_version=&#8220;4.16&#8243; background_size=&#8220;initial&#8220; background_position=&#8220;top_left&#8220; background_repeat=&#8220;repeat&#8220; custom_padding=&#8220;0|0px|40px|0px|false|false&#8220; global_colors_info=&#8220;{}&#8220;][et_pb_column type=&#8220;1_2&#8243; _builder_version=&#8220;4.16&#8243; custom_padding=&#8220;|||&#8220; global_colors_info=&#8220;{}&#8220; custom_padding__hover=&#8220;|||&#8220;][et_pb_image src=&#8220;https:\/\/cleopatra.is\/wp-content\/uploads\/2015\/07\/IMG_3379.jpg&#8220; force_fullwidth=&#8220;on&#8220; align_tablet=&#8220;center&#8220; align_phone=&#8220;&#8220; align_last_edited=&#8220;on|desktop&#8220; disabled_on=&#8220;on|on|off&#8220; admin_label=&#8220;Image&#8220; _builder_version=&#8220;4.16&#8243; animation_style=&#8220;slide&#8220; animation_direction=&#8220;left&#8220; animation_duration=&#8220;500ms&#8220; animation_intensity_slide=&#8220;10%&#8220; animation=&#8220;left&#8220; sticky=&#8220;off&#8220; use_border_color=&#8220;off&#8220; border_color=&#8220;#ffffff&#8220; border_style=&#8220;solid&#8220; global_colors_info=&#8220;{}&#8220;][\/et_pb_image][\/et_pb_column][et_pb_column type=&#8220;1_2&#8243; _builder_version=&#8220;4.16&#8243; custom_padding=&#8220;|||&#8220; global_colors_info=&#8220;{}&#8220; custom_padding__hover=&#8220;|||&#8220;][et_pb_text admin_label=&#8220;Text&#8220; _builder_version=&#8220;4.16&#8243; background_size=&#8220;initial&#8220; background_position=&#8220;top_left&#8220; background_repeat=&#8220;repeat&#8220; use_border_color=&#8220;off&#8220; border_color=&#8220;#ffffff&#8220; border_style=&#8220;solid&#8220; global_colors_info=&#8220;{}&#8220;]&nbsp;<\/p>\n<p>Sta\u00f0setning lestarr\u00fdmis gerir a\u00f0 verkum a\u00f0 b\u00e1turinn hle\u00f0st vel og er\u00a0einkar st\u00f6\u00f0ugur undir vei\u00f0arf\u00e6rum.<br \/>\nH\u00e6gt er a\u00f0 \u00fatb\u00faa lest b\u00e1tsins fyrir \u00fdmsar st\u00e6r\u00f0ir af fiskik\u00f6rum.<\/p>\n<p>&nbsp;<\/p>\n<p>&nbsp;<\/p>\n<p>Cleopatra 33 er bygg\u00f0ur eftir Nor\u00f0urlandareglum\u00a0til notkunar \u00e1 erfi\u00f0um hafsv\u00e6\u00f0um allt \u00e1ri\u00f0 um kring.<\/p>\n<p>Cleopatra Fisherman 33 er hra\u00f0skrei\u00f0ur, sterkur og \u00f6ruggur b\u00e1tur sem au\u00f0velt er a\u00f0 b\u00faa \u00e1 l\u00ednu, net e\u00f0a handf\u00e6ravei\u00f0ar.<\/p>\n<div id=\"jwts_tab\" class=\"jwts_tabber\"><\/div>\n<p>[\/et_pb_text][\/et_pb_column][\/et_pb_row][\/et_pb_section][et_pb_section fb_built=&#8220;1&#8243; module_class=&#8220;grayfix&#8220; _builder_version=&#8220;4.16&#8243; custom_padding=&#8220;22px|0px|19px|0px|false|false&#8220; top_divider_color=&#8220;#8300e9&#8243; bottom_divider_style=&#8220;curve&#8220; bottom_divider_color=&#8220;rgba(0,0,0,0.1)&#8220; locked=&#8220;off&#8220; global_colors_info=&#8220;{}&#8220;][et_pb_row _builder_version=&#8220;4.16&#8243; custom_padding=&#8220;40px|0px|80px|0px|false|false&#8220; global_colors_info=&#8220;{}&#8220;][et_pb_column type=&#8220;4_4&#8243; _builder_version=&#8220;4.16&#8243; custom_padding=&#8220;|||&#8220; global_colors_info=&#8220;{}&#8220; custom_padding__hover=&#8220;|||&#8220;][et_pb_text _builder_version=&#8220;4.16&#8243; text_font=&#8220;||||||||&#8220; text_text_color=&#8220;#e02b20&#8243; header_font=&#8220;||||||||&#8220; inline_fonts=&#8220;Acme,Actor&#8220; global_colors_info=&#8220;{}&#8220;]<\/p>\n<p style=\"text-align: center;\"><span style=\"color: #e02b20; font-family: Actor; font-size: x-large;\"><i>Hefur \u00fe\u00fa\u00a0<strong>efni<\/strong> \u00e1 a\u00f0 s\u00e6tta \u00feig vi\u00f0 minna?<\/i><\/span><\/p>\n<p>[\/et_pb_text][\/et_pb_column][\/et_pb_row][\/et_pb_section][et_pb_section fb_built=&#8220;1&#8243; module_class=&#8220;grayfix&#8220; _builder_version=&#8220;4.16&#8243; background_color=&#8220;rgba(0,0,0,0.1)&#8220; custom_padding=&#8220;||39px|||&#8220; locked=&#8220;off&#8220; global_colors_info=&#8220;{}&#8220;][et_pb_row _builder_version=&#8220;4.16&#8243; custom_padding=&#8220;25px|||||&#8220; global_colors_info=&#8220;{}&#8220;][et_pb_column type=&#8220;4_4&#8243; _builder_version=&#8220;4.16&#8243; custom_padding=&#8220;|||&#8220; global_colors_info=&#8220;{}&#8220; custom_padding__hover=&#8220;|||&#8220;][et_pb_tabs admin_label=&#8220;Tabs&#8220; _builder_version=&#8220;4.24.2&#8243; background_size=&#8220;initial&#8220; background_position=&#8220;top_left&#8220; background_repeat=&#8220;repeat&#8220; hover_enabled=&#8220;0&#8243; use_border_color=&#8220;off&#8220; border_color=&#8220;#ffffff&#8220; border_style=&#8220;solid&#8220; global_colors_info=&#8220;{}&#8220; sticky_enabled=&#8220;0&#8243;][et_pb_tab title=&#8220;Helstu kostir&#8220; _builder_version=&#8220;4.16&#8243; background_size=&#8220;initial&#8220; background_position=&#8220;top_left&#8220; background_repeat=&#8220;repeat&#8220; global_colors_info=&#8220;{}&#8220;]<\/p>\n<div class=\"specs\">\n<p><strong>SM\u00cd\u00d0I<\/strong><br \/>\nHandlagt trefjaplast<br \/>\nIsotals gelh\u00fa\u00f0 og polyestri<br \/>\nBotnfarvi<br \/>\nVinnudekk me\u00f0 kjarna \u00far balsavi\u00f0i<br \/>\nSj\u00f3\u00feolin krossvi\u00f0ur \u00ed \u00feilum og st\u00edfingum<\/p>\n<p><strong>FYRIRKOMULAG<\/strong><br \/>\n\u00derj\u00fa vatns\u00fe\u00e9tt r\u00fdmi: L\u00fakar\/st\u00fdrish\u00fas,<br \/>\nfiskilest og v\u00e9larr\u00fam<br \/>\nR\u00famg\u00f3\u00f0ur l\u00fakar me\u00f0 eldunara\u00f0st\u00f6\u00f0u<br \/>\nSt\u00f3r fiskilest fyrir k\u00f6r<br \/>\nV\u00e9larr\u00fam aftast d\u00edselv\u00e9l me\u00f0 V-g\u00edr<\/p>\n<p><strong>INNRA R\u00ddMI<\/strong><br \/>\nTekk innr\u00e9tting<br \/>\nTv\u00e6r kojur \u00ed fullri st\u00e6r\u00f0<br \/>\nEldunara\u00f0sta\u00f0a me\u00f0 gaseldav\u00e9l og vaski<\/p>\n<p><strong>\u00cdHLUTIR<\/strong><br \/>\nStj\u00f3rnt\u00e6ki fyrir v\u00e9l<br \/>\nRafgeymar<br \/>\nR\u00fa\u00f0u\u00feurrkur<br \/>\nV\u00f6kvast\u00fdri<br \/>\nFlipast\u00fdri<br \/>\nVHF Talst\u00f6\u00f0<br \/>\n\u00datvarp\/geislaspilari<br \/>\nKomp\u00e1s<br \/>\nFlapsar<br \/>\nSj\u00e1lfvirkar og handst\u00fdr\u00f0ar lensid\u00e6lur<\/p>\n<\/div>\n<div class=\"specs\"><strong>VALM\u00d6GULEIKAR<\/strong><br \/>\nLandtenging 230V<br \/>\n\u00d6rbylgjuofn<br \/>\nKaffiv\u00e9l<br \/>\n\u00cdssk\u00e1pur<br \/>\nSj\u00f3nvarp \/ DVD spilar<br \/>\nLoftk\u00e6ling<br \/>\nUpphita\u00f0ar r\u00fa\u00f0ur<br \/>\nOl\u00edumi\u00f0st\u00f6\u00f0<br \/>\nVatnsmi\u00f0st\u00f6\u00f0<br \/>\nSj\u00e1lfst\u00fdring<br \/>\nGPS plotter<br \/>\nPC \u2013 t\u00f6lva<br \/>\nD\u00fdptarm\u00e6lir<br \/>\nGMDSS<br \/>\n\u00c1ri\u00f0ill\/Hle\u00f0slut\u00e6ki<br \/>\nCD player<br \/>\nSm\u00fald\u00e6la<br \/>\nLeitarlj\u00f3s<br \/>\nLj\u00f3sav\u00e9l<br \/>\nB\u00f3gskr\u00fafa<br \/>\n<em>Annar b\u00fana\u00f0ur samkv\u00e6mt \u00f3skum<\/em><\/div>\n<div class=\"specs\"><strong>\u00d6RYGGISB\u00daNA\u00d0UR<\/strong><br \/>\nL\u00edfb\u00e1tur me\u00f0 \u00f6ryggisb\u00fana\u00f0i<br \/>\nBjarghringur<br \/>\nRekkverk og handlistar<br \/>\n\u00d6ryggisstigi<br \/>\nSj\u00e1lfvirkt sl\u00f6kkvikerfi<br \/>\nHandsl\u00f6kkvit\u00e6ki<br \/>\nAkkeri og ke\u00f0ja<br \/>\nSiglingalj\u00f3s<br \/>\nA\u00f0v\u00f6runarkerfi<\/div>\n<p>[\/et_pb_tab][et_pb_tab title=&#8220;T\u00e6knil\u00fdsing&#8220; _builder_version=&#8220;4.16&#8243; background_size=&#8220;initial&#8220; background_position=&#8220;top_left&#8220; background_repeat=&#8220;repeat&#8220; global_colors_info=&#8220;{}&#8220;]<\/p>\n<div class=\"specs\">\n<dt>Lengd (Loa)<\/dt>\n<dd>9.9m (32\u2019 5\u2019\u2019)<\/dd>\n<dt>Breidd<\/dt>\n<dd>3.6m (11\u2019 10\u2019\u2019)<\/dd>\n<dt>M\u00f3tu\u00f0 d\u00fdpt<\/dt>\n<dd>1.4m (4\u2019 7\u2019\u2019)<\/dd>\n<dt>Dj\u00faprista<\/dt>\n<dd>1.0m (3\u2019 3\u2019\u2019)<\/dd>\n<dt>Vinnudekk<\/dt>\n<dd>18.7m<sup>2<\/sup> (208 ft<sup>2<\/sup> )<\/dd>\n<dt>Ol\u00edugeymar<\/dt>\n<dd>900 l\u00edtrar (238 US gall.)<\/dd>\n<dt>Vatnsgeymar<\/dt>\n<dd>120 l\u00edtrar (32 US gall.)<\/dd>\n<dt>Fiskilest<\/dt>\n<dd>10m<sup>3<\/sup> (353 ft<sup>3<\/sup> )<\/dd>\n<\/div>\n<div class=\"specs\">\n<dt>A\u00f0alv\u00e9l*<\/dt>\n<dd><span class=\"specs_one\">Caterpillar C.7<\/span> <span class=\"specs_two\">406hp\/2600rpm<\/span> <span class=\"specs_three\">7L<\/span><\/dd>\n<dd><span class=\"specs_one\">Caterpillar C9.3<\/span> <span class=\"specs_two\">483hp\/2300rpm<\/span> <span class=\"specs_three\">9.3L<\/span><\/dd>\n<dd><span class=\"specs_one\">Cummins QSC8.3<\/span> <span class=\"specs_two\">493hp\/2600rpm<\/span> <span class=\"specs_three\">8.3L<\/span><\/dd>\n<dd><span class=\"specs_one\">Doosan L086<\/span> <span class=\"specs_two\">315hp\/2300rpm<\/span> <span class=\"specs_three\">8.1L<\/span><\/dd>\n<dd><span class=\"specs_one\">FPT (Iveco) C90 380<\/span> <span class=\"specs_two\">410hp\/2000rpm<\/span> <span class=\"specs_three\">8.7L<\/span><\/dd>\n<dd><span class=\"specs_one\">FPT (Iveco) C90 620<\/span> <span class=\"specs_two\">500hp\/2530rpm<\/span> <span class=\"specs_three\">8.7L<\/span><\/dd>\n<dd><span class=\"specs_one\">Volvo Penta D9<\/span> <span class=\"specs_two\">500hp\/2600rpm<\/span> <span class=\"specs_three\">9.4L<\/span><\/dd>\n<dd><span class=\"specs_one\"> Yanmar 6CXBM-GT<\/span> <span class=\"specs_two\">509hp\/2700rpm<\/span> <span class=\"specs_three\">7.4L<\/span><\/dd>\n<\/div>\n<div class=\"specs\">\n<dt>G\u00edrkassi<\/dt>\n<dd><span class=\"specs_one\">ZF<\/span> <span class=\"specs_two\">286IV<\/span> <span class=\"specs_three\">2.01:1<\/span><\/dd>\n<dt>Skr\u00fafub\u00fana\u00f0ur<\/dt>\n<dd>Fj\u00f6gra e\u00f0a fimm bla\u00f0a skr\u00fafa<\/dd>\n<dt>Topphra\u00f0i<\/dt>\n<dd>18 \u2013 27 hn\u00fatar<\/dd>\n<dt>Vinnuhra\u00f0i<\/dt>\n<dd>12 \u2013 18 hn\u00fatar<\/dd>\n<dt>Vinnugeiri<\/dt>\n<dd>200 nm<\/dd>\n<p><em>*A\u00f0rar v\u00e9lar samkv\u00e6mt \u00f3skum.<\/em>\n<\/p>\n<\/div>\n<p>[\/et_pb_tab][et_pb_tab title=&#8220;Vei\u00f0arf\u00e6ri&#8220; _builder_version=&#8220;4.16&#8243; background_size=&#8220;initial&#8220; background_position=&#8220;top_left&#8220; background_repeat=&#8220;repeat&#8220; global_colors_info=&#8220;{}&#8220;]L\u00ednuvei\u00f0ar<br \/>\nNetavei\u00f0ar<br \/>\nHandf\u00e6ravei\u00f0ar<br \/>\nGildruvei\u00f0ar[\/et_pb_tab][\/et_pb_tabs][\/et_pb_column][\/et_pb_row][\/et_pb_section][et_pb_section fb_built=&#8220;1&#8243; _builder_version=&#8220;4.16&#8243; global_colors_info=&#8220;{}&#8220;][et_pb_row _builder_version=&#8220;4.16&#8243; background_size=&#8220;initial&#8220; background_position=&#8220;top_left&#8220; background_repeat=&#8220;repeat&#8220; global_colors_info=&#8220;{}&#8220;][et_pb_column type=&#8220;4_4&#8243; _builder_version=&#8220;4.16&#8243; custom_padding=&#8220;|||&#8220; global_colors_info=&#8220;{}&#8220; custom_padding__hover=&#8220;|||&#8220;][et_pb_gallery gallery_ids=&#8220;287,288,289,290,291,292,293,294,295,296,297,298,299,300,301,302,303,304,305,306,307,308,309,310,311,312,313,314,315,316,317,318,319,320&#8243; posts_number=&#8220;99&#8243; show_title_and_caption=&#8220;off&#8220; show_pagination=&#8220;off&#8220; admin_label=&#8220;Gallery&#8220; _builder_version=&#8220;4.16&#8243; use_border_color=&#8220;off&#8220; border_color=&#8220;#ffffff&#8220; border_style=&#8220;solid&#8220; global_colors_info=&#8220;{}&#8220;][\/et_pb_gallery][\/et_pb_column][\/et_pb_row][\/et_pb_section]<\/p>\n","protected":false},"excerpt":{"rendered":"<p>Sj\u00f3h\u00e6fni, kraftur og\u00a0hra\u00f0iCleopatra Fisherman 33 er hanna\u00f0ur sem vinnub\u00e1tur me\u00f0 miki\u00f0 lestarr\u00fdmi.\u00a0 30 \u00e1ra reynsla Trefja og kr\u00f6fur \u00edslenskra sj\u00f3manna sem s\u00e6kja sj\u00f3 vi\u00f0 strendur \u00cdslands hafa skila\u00f0 okkur b\u00e1t framt\u00ed\u00f0arinnar. St\u00f6\u00f0ugur og \u00f6ruggur b\u00e1tur sem uppfyllir allar \u00f6ryggiskr\u00f6fur flokkunarf\u00e9laga.\u00a0 V\u00e9lar\u00fam aftast og 10r\u00fammetra lestarr\u00fdmi mi\u00f0skips.\u00a0 G\u00f3\u00f0 h\u00e6\u00f0 \u00ed lest gerir me\u00f0fer\u00f0 afla au\u00f0velda.&nbsp; Sta\u00f0setning [&hellip;]<\/p>\n","protected":false},"author":2,"featured_media":0,"parent":108,"menu_order":0,"comment_status":"open","ping_status":"open","template":"","meta":{"_et_pb_use_builder":"on","_et_pb_old_content":"","_et_gb_content_width":"","footnotes":""},"class_list":["post-322","page","type-page","status-publish","hentry"],"_links":{"self":[{"href":"https:\/\/cleopatra.is\/is\/wp-json\/wp\/v2\/pages\/322","targetHints":{"allow":["GET"]}}],"collection":[{"href":"https:\/\/cleopatra.is\/is\/wp-json\/wp\/v2\/pages"}],"about":[{"href":"https:\/\/cleopatra.is\/is\/wp-json\/wp\/v2\/types\/page"}],"author":[{"embeddable":true,"href":"https:\/\/cleopatra.is\/is\/wp-json\/wp\/v2\/users\/2"}],"replies":[{"embeddable":true,"href":"https:\/\/cleopatra.is\/is\/wp-json\/wp\/v2\/comments?post=322"}],"version-history":[{"count":1,"href":"https:\/\/cleopatra.is\/is\/wp-json\/wp\/v2\/pages\/322\/revisions"}],"predecessor-version":[{"id":15760,"href":"https:\/\/cleopatra.is\/is\/wp-json\/wp\/v2\/pages\/322\/revisions\/15760"}],"up":[{"embeddable":true,"href":"https:\/\/cleopatra.is\/is\/wp-json\/wp\/v2\/pages\/108"}],"wp:attachment":[{"href":"https:\/\/cleopatra.is\/is\/wp-json\/wp\/v2\/media?parent=322"}],"curies":[{"name":"wp","href":"https:\/\/api.w.org\/{rel}","templated":true}]}}