{"id":278,"date":"2015-07-03T00:13:22","date_gmt":"2015-07-03T00:13:22","guid":{"rendered":"https:\/\/nytt.cleopatra.is\/is\/?page_id=278"},"modified":"2020-02-21T13:43:02","modified_gmt":"2020-02-21T13:43:02","slug":"cleopatra-31","status":"publish","type":"page","link":"https:\/\/cleopatra.is\/is\/fiskibatar\/cleopatra-31\/","title":{"rendered":"Cleopatra 31"},"content":{"rendered":"<p>[et_pb_section fb_built=&#8220;1&#8243; _builder_version=&#8220;3.27.3&#8243; custom_padding=&#8220;||4px|||&#8220; top_divider_color=&#8220;#d30300&#8243; locked=&#8220;off&#8220;][et_pb_row _builder_version=&#8220;3.25&#8243; custom_padding=&#8220;3px|0px|4px|0px|false|false&#8220;][et_pb_column type=&#8220;4_4&#8243; _builder_version=&#8220;3.25&#8243; custom_padding=&#8220;|||&#8220; custom_padding__hover=&#8220;|||&#8220;][et_pb_image src=&#8220;https:\/\/cleopatra.is\/wp-content\/uploads\/2019\/08\/c31logo.png&#8220; align_tablet=&#8220;center&#8220; align_phone=&#8220;&#8220; align_last_edited=&#8220;on|desktop&#8220; _builder_version=&#8220;3.27.3&#8243; transform_scale=&#8220;47%|47%&#8220; transform_translate=&#8220;-8px|58px&#8220; animation_style=&#8220;fade&#8220;][\/et_pb_image][\/et_pb_column][\/et_pb_row][et_pb_row column_structure=&#8220;1_5,3_5,1_5&#8243; _builder_version=&#8220;3.25&#8243;][et_pb_column type=&#8220;1_5&#8243; _builder_version=&#8220;3.25&#8243; custom_padding=&#8220;|||&#8220; custom_padding__hover=&#8220;|||&#8220;][\/et_pb_column][et_pb_column type=&#8220;3_5&#8243; _builder_version=&#8220;3.25&#8243; custom_padding=&#8220;|||&#8220; custom_padding__hover=&#8220;|||&#8220;][et_pb_text admin_label=&#8220;Text&#8220; _builder_version=&#8220;3.27.4&#8243; background_size=&#8220;initial&#8220; background_position=&#8220;top_left&#8220; background_repeat=&#8220;repeat&#8220; custom_padding=&#8220;0px|||||&#8220; use_border_color=&#8220;off&#8220; border_color=&#8220;#ffffff&#8220; border_style=&#8220;solid&#8220;]<\/p>\n<h4 style=\"text-align: center;\"><strong>Margur er kn\u00e1r \u00fe\u00f3tt hann s\u00e9 sm\u00e1r<\/strong><\/h4>\n<p>[\/et_pb_text][\/et_pb_column][et_pb_column type=&#8220;1_5&#8243; _builder_version=&#8220;3.25&#8243; custom_padding=&#8220;|||&#8220; custom_padding__hover=&#8220;|||&#8220;][\/et_pb_column][\/et_pb_row][et_pb_row column_structure=&#8220;1_2,1_2&#8243; make_equal=&#8220;on&#8220; _builder_version=&#8220;3.25&#8243; custom_padding=&#8220;40px|0px|39px|0px|false|false&#8220;][et_pb_column type=&#8220;1_2&#8243; _builder_version=&#8220;3.25&#8243; custom_padding=&#8220;|||&#8220; custom_padding__hover=&#8220;|||&#8220;][et_pb_text admin_label=&#8220;Text&#8220; _builder_version=&#8220;3.27.4&#8243; background_size=&#8220;initial&#8220; background_position=&#8220;top_left&#8220; background_repeat=&#8220;repeat&#8220; use_border_color=&#8220;off&#8220; border_color=&#8220;#ffffff&#8220; border_style=&#8220;solid&#8220;]<strong>Cleopatra Fisherman 31 er arftaki hins vins\u00e6la Cleopatra 28 sem vi\u00f0 framleiddum um margra \u00e1ra skei\u00f0.\u00a0 B\u00e1turinn er einkar hentugur fyrir sm\u00e6rri \u00fatger\u00f0ir.\u00a0 Vi\u00f0 h\u00f6nnun b\u00e1tsins var hra\u00f0i og mikil bur\u00f0argeta h\u00f6f\u00f0 a\u00f0 lei\u00f0arlj\u00f3si.\u00a0 Miki\u00f0 dekkpl\u00e1ss og st\u00f3r lest mi\u00f0a\u00f0 vi\u00f0 b\u00e1tsst\u00e6r\u00f0.<\/strong><\/p>\n<p>&nbsp;<\/p>\n<p>&nbsp;<\/p>\n<p>\u00der\u00e1tt fyrir a\u00f0 b\u00e1turinn s\u00e9 minnsti b\u00e1turinn sem vi\u00f0 bj\u00f3\u00f0um er \u00ed engu slegi\u00f0 af hef\u00f0bundum kr\u00f6fum okkar um g\u00e6\u00f0i og a\u00f0b\u00fana\u00f0 \u00e1hafnar.\u00a0B\u00e1tinn er h\u00e6gt a\u00f0 f\u00e1 \u00ed \u00fdmsum \u00fatg\u00e1fum hvort heldur er veri\u00f0 a\u00f0 leita eftir miklum hra\u00f0a e\u00f0a mikilli bur\u00f0argetu.<\/p>\n<p>&nbsp;<\/p>\n<p>&nbsp;<\/p>\n<p>B\u00e1turinn er einkar hentugur til hef\u00f0bundna l\u00ednuvei\u00f0a, handf\u00e6ravei\u00f0a, netavei\u00f0a e\u00f0a sj\u00f3stangvei\u00f0a.[\/et_pb_text][\/et_pb_column][et_pb_column type=&#8220;1_2&#8243; _builder_version=&#8220;3.25&#8243; custom_padding=&#8220;0px|25px|0px|&#8220; custom_padding__hover=&#8220;|||&#8220;][et_pb_image src=&#8220;https:\/\/cleopatra.is\/wp-content\/uploads\/2015\/07\/Boat_IMG_9272crop.jpg&#8220; force_fullwidth=&#8220;on&#8220; align_tablet=&#8220;center&#8220; align_phone=&#8220;&#8220; align_last_edited=&#8220;on|desktop&#8220; admin_label=&#8220;Image&#8220; _builder_version=&#8220;3.27.3&#8243; custom_margin=&#8220;0px||&#8220; animation_style=&#8220;slide&#8220; animation_direction=&#8220;left&#8220; animation_duration=&#8220;500ms&#8220; animation_intensity_slide=&#8220;10%&#8220; animation=&#8220;left&#8220; sticky=&#8220;off&#8220; use_border_color=&#8220;off&#8220; border_color=&#8220;#ffffff&#8220; border_style=&#8220;solid&#8220;][\/et_pb_image][\/et_pb_column][\/et_pb_row][\/et_pb_section][et_pb_section fb_built=&#8220;1&#8243; module_class=&#8220;grayfix&#8220; _builder_version=&#8220;3.22.7&#8243; custom_padding=&#8220;22px|0px|19px|0px|false|false&#8220; top_divider_color=&#8220;#8300e9&#8243; bottom_divider_style=&#8220;curve&#8220; bottom_divider_color=&#8220;rgba(0,0,0,0.1)&#8220; locked=&#8220;off&#8220;][et_pb_row _builder_version=&#8220;3.25&#8243; custom_padding=&#8220;40px|0px|80px|0px|false|false&#8220;][et_pb_column type=&#8220;4_4&#8243; _builder_version=&#8220;3.25&#8243; custom_padding=&#8220;|||&#8220; custom_padding__hover=&#8220;|||&#8220;][et_pb_text _builder_version=&#8220;3.27.4&#8243; text_font=&#8220;||||||||&#8220; text_text_color=&#8220;#e02b20&#8243; header_font=&#8220;||||||||&#8220; inline_fonts=&#8220;Acme,Actor&#8220;]<\/p>\n<p style=\"text-align: center;\"><span style=\"color: #e02b20; font-family: Actor; font-size: x-large;\"><i>Hefur \u00fe\u00fa <strong>efni <\/strong>\u00e1 a\u00f0 s\u00e6tta \u00feig vi\u00f0 minna?<\/i><\/span><\/p>\n<p>[\/et_pb_text][\/et_pb_column][\/et_pb_row][\/et_pb_section][et_pb_section fb_built=&#8220;1&#8243; module_class=&#8220;grayfix&#8220; _builder_version=&#8220;3.22.7&#8243; background_color=&#8220;rgba(0,0,0,0.1)&#8220; custom_padding=&#8220;||39px|||&#8220; locked=&#8220;off&#8220;][et_pb_row _builder_version=&#8220;3.25&#8243;][et_pb_column type=&#8220;4_4&#8243; _builder_version=&#8220;3.25&#8243; custom_padding=&#8220;|||&#8220; custom_padding__hover=&#8220;|||&#8220;][et_pb_tabs admin_label=&#8220;Tabs&#8220; _builder_version=&#8220;4.3.2&#8243; background_size=&#8220;initial&#8220; background_position=&#8220;top_left&#8220; background_repeat=&#8220;repeat&#8220; use_border_color=&#8220;off&#8220; border_color=&#8220;#ffffff&#8220; border_style=&#8220;solid&#8220;][et_pb_tab title=&#8220;Helstu kostir&#8220; _builder_version=&#8220;3.27.3&#8243; background_size=&#8220;initial&#8220; background_position=&#8220;top_left&#8220; background_repeat=&#8220;repeat&#8220;]<\/p>\n<div class=\"specs\">\n<p><strong>SM\u00cd\u00d0I<\/strong><br \/>\nHandlagt trefjaplast<br \/>\nIsotals gelh\u00fa\u00f0 og polyestri<br \/>\nBotnfarvi<br \/>\nVinnudekk me\u00f0 kjarna \u00far balsavi\u00f0i<br \/>\nSj\u00f3\u00feolin krossvi\u00f0ur \u00ed \u00feilum og st\u00edfingum<\/p>\n<p><strong>FYRIRKOMULAG<\/strong><br \/>\n\u00derj\u00fa vatns\u00fe\u00e9tt r\u00fdmi: L\u00fakar\/st\u00fdrish\u00fas,<br \/>\nfiskilest og v\u00e9larr\u00fam<br \/>\nR\u00famg\u00f3\u00f0ur l\u00fakar me\u00f0 eldunara\u00f0st\u00f6\u00f0u<br \/>\nSt\u00f3r fiskilest fyrir k\u00f6r<br \/>\nV\u00e9larr\u00fam aftast d\u00edselv\u00e9l me\u00f0 V-g\u00edr<\/p>\n<p><strong>INNRA R\u00ddMI<\/strong><br \/>\nTekk innr\u00e9tting<br \/>\nTv\u00e6r kojur \u00ed fullri st\u00e6r\u00f0<br \/>\nEldunara\u00f0sta\u00f0a me\u00f0 gaseldav\u00e9l og vaski<\/p>\n<\/div>\n<div class=\"specs\">\n<p><strong>\u00cdHLUTIR<\/strong><br \/>\nStj\u00f3rnt\u00e6ki fyrir v\u00e9l<br \/>\nRafgeymar<br \/>\nR\u00fa\u00f0u\u00feurrkur<br \/>\nV\u00f6kvast\u00fdri<br \/>\nFlipast\u00fdri<br \/>\nVHF Talst\u00f6\u00f0<br \/>\n\u00datvarp\/geislaspilari<br \/>\nKomp\u00e1s<br \/>\nFlapsar<br \/>\nSj\u00e1lfvirkar og handst\u00fdr\u00f0ar lensid\u00e6lur<\/p>\n<p><strong>VALM\u00d6GULEIKAR<\/strong><br \/>\nLandtenging 230V<br \/>\n\u00d6rbylgjuofn<br \/>\nKaffiv\u00e9l<br \/>\n\u00cdssk\u00e1pur<br \/>\nSj\u00f3nvarp \/ DVD spilar<br \/>\nLoftk\u00e6ling<br \/>\nUpphita\u00f0ar r\u00fa\u00f0ur<br \/>\nOl\u00edumi\u00f0st\u00f6\u00f0<br \/>\nVatnsmi\u00f0st\u00f6\u00f0<br \/>\nSj\u00e1lfst\u00fdring<br \/>\nGPS plotter<br \/>\nPC \u2013 t\u00f6lva<br \/>\nD\u00fdptarm\u00e6lir<br \/>\nGMDSS<br \/>\n\u00c1ri\u00f0ill\/Hle\u00f0slut\u00e6ki<br \/>\nCD player<br \/>\nSm\u00fald\u00e6la<br \/>\nLeitarlj\u00f3s<br \/>\nLj\u00f3sav\u00e9l<br \/>\nB\u00f3gskr\u00fafa<br \/>\n<em>Annar b\u00fana\u00f0ur samkv\u00e6mt \u00f3skum<\/em><\/p>\n<\/div>\n<div class=\"specs\"><strong>\u00d6RYGGISB\u00daNA\u00d0UR<\/strong><br \/>\nL\u00edfb\u00e1tur me\u00f0 \u00f6ryggisb\u00fana\u00f0i<br \/>\nBjarghringur<br \/>\nRekkverk og handlistar<br \/>\n\u00d6ryggisstigi<br \/>\nSj\u00e1lfvirkt sl\u00f6kkvikerfi<br \/>\nHandsl\u00f6kkvit\u00e6ki<br \/>\nAkkeri og ke\u00f0ja<br \/>\nSiglingalj\u00f3s<br \/>\nA\u00f0v\u00f6runarkerfi\n<\/div>\n<p>[\/et_pb_tab][et_pb_tab title=&#8220;T\u00e6knil\u00fdsing&#8220; _builder_version=&#8220;4.3.2&#8243; background_size=&#8220;initial&#8220; background_position=&#8220;top_left&#8220; background_repeat=&#8220;repeat&#8220;]<\/p>\n<div class=\"specs\">\n<dt>Lengd (Loa)<\/dt>\n<dd>9.6m (31\u2019 6\u2019\u2019)<\/dd>\n<dt>Breidd<\/dt>\n<dd>3.0m (9\u2019 10\u2019\u2019)<\/dd>\n<dt>M\u00f3tu\u00f0 d\u00fdpt<\/dt>\n<dd>1.2m (3\u2019 11\u2019\u2019)<\/dd>\n<dt>Dj\u00faprista<\/dt>\n<dd>0.9m (2\u2019 10\u2019\u2019)<\/dd>\n<dt>Vinnudekk<\/dt>\n<dd>18.0m<sup>2<\/sup> (194 ft<sup>2<\/sup> )<\/dd>\n<dt>Ol\u00edugeymar<\/dt>\n<dd>700 litre (185 US gall.)<\/dd>\n<dt>Vatnsgeymar<\/dt>\n<dd>100 litre (26.4 US gall.)<\/dd>\n<dt>Fiskilest<\/dt>\n<dd>10m<sup>3<\/sup> (353 ft<sup>3<\/sup> )<\/dd>\n<\/div>\n<div class=\"specs\">\n<dt>A\u00f0alv\u00e9l*<\/dt>\n<dd><span class=\"specs_one\">Caterpillar C.7<\/span> <span class=\"specs_two\">406hp\/2600prm<\/span> <span class=\"specs_three\">7L<\/span><\/dd>\n<dd><span class=\"specs_one\">Cummins QSC8.3<\/span> <span class=\"specs_two\">493hp\/2600rpm<\/span> <span class=\"specs_three\">8.3L<\/span><\/dd>\n<dd><span class=\"specs_one\">Doosan L086<\/span> <span class=\"specs_two\">315hp\/2300rpm<\/span> <span class=\"specs_three\">8.1L<\/span><\/dd>\n<dd><span class=\"specs_one\">FPT (Iveco)N67 450<\/span> <span class=\"specs_two\">420hp\/3000rpm<\/span> <span class=\"specs_three\">6.7L<\/span><\/dd>\n<dd><span class=\"specs_one\">Perkins\/Sabre 265Ti<\/span> <span class=\"specs_two\">265hp\/2500rpm<\/span> <span class=\"specs_three\">6.0L<\/span><\/dd>\n<dd><span class=\"specs_one\">Volvo Penta D6<\/span> <span class=\"specs_two\">370hp\/3500rpm<\/span> <span class=\"specs_three\">5.5L<\/span><\/dd>\n<dd><span class=\"specs_one\">Yanmar 6CXBM-GT<\/span> <span class=\"specs_two\">509hp\/2700rpm<\/span><span class=\"specs_three\">7.4L<\/span><\/span><\/dd>\n<\/div>\n<div class=\"specs\">\n<dt>G\u00edrkassi<\/dt>\n<dd><span class=\"specs_one\">ZF<\/span> <span class=\"specs_two\">286IV<\/span> <span class=\"specs_three\">2.01:1<\/span><\/dd>\n<dd><span class=\"specs_one\">ZF<\/span> <span class=\"specs_two\">80IV<\/span> <span class=\"specs_three\">1.64:1<\/span><\/dd>\n<dt>Skr\u00fafub\u00fana\u00f0ur<\/dt>\n<dd>Fj\u00f6gra e\u00f0a fimm bla\u00f0a skr\u00fafa<\/dd>\n<dt>Topphra\u00f0i<\/dt>\n<dd>18 \u2013 28 hn\u00fatar<\/dd>\n<dt>Vinnuhra\u00f0i<\/dt>\n<dd>12 \u2013 18 hn\u00fatar<\/dd>\n<dt>Vinnugeiri<\/dt>\n<dd>200 nm<\/dd>\n<p><i>*A\u00f0rar v\u00e9lar samkv\u00e6mt \u00f3skum.<\/i>\n<\/p>\n<\/div>\n<p>[\/et_pb_tab][et_pb_tab title=&#8220;Vei\u00f0arf\u00e6ri&#8220; _builder_version=&#8220;3.27.3&#8243; background_size=&#8220;initial&#8220; background_position=&#8220;top_left&#8220; background_repeat=&#8220;repeat&#8220;]L\u00ednuvei\u00f0ar<br \/>\nNetavei\u00f0ar<br \/>\nHandf\u00e6ravei\u00f0ar<br \/>\nGildruvei\u00f0ar[\/et_pb_tab][\/et_pb_tabs][\/et_pb_column][\/et_pb_row][\/et_pb_section][et_pb_section fb_built=&#8220;1&#8243; admin_label=&#8220;section&#8220; _builder_version=&#8220;3.22&#8243;][et_pb_row admin_label=&#8220;row&#8220; _builder_version=&#8220;3.25&#8243; background_size=&#8220;initial&#8220; background_position=&#8220;top_left&#8220; background_repeat=&#8220;repeat&#8220;][et_pb_column type=&#8220;4_4&#8243; _builder_version=&#8220;3.25&#8243; custom_padding=&#8220;|||&#8220; custom_padding__hover=&#8220;|||&#8220;][et_pb_gallery gallery_ids=&#8220;122,123,124,125,126,127,128,129,130,131,132,133,120,121,119,134,135,136,137,138,139,140,141,142,143,144,145&#8243; posts_number=&#8220;99&#8243; show_title_and_caption=&#8220;off&#8220; show_pagination=&#8220;off&#8220; admin_label=&#8220;Gallery&#8220; _builder_version=&#8220;3.0.87&#8243; use_border_color=&#8220;off&#8220; border_color=&#8220;#ffffff&#8220; border_style=&#8220;solid&#8220;] [\/et_pb_gallery][\/et_pb_column][\/et_pb_row][\/et_pb_section]<\/p>\n","protected":false},"excerpt":{"rendered":"<p>Margur er kn\u00e1r \u00fe\u00f3tt hann s\u00e9 sm\u00e1rCleopatra Fisherman 31 er arftaki hins vins\u00e6la Cleopatra 28 sem vi\u00f0 framleiddum um margra \u00e1ra skei\u00f0.\u00a0 B\u00e1turinn er einkar hentugur fyrir sm\u00e6rri \u00fatger\u00f0ir.\u00a0 Vi\u00f0 h\u00f6nnun b\u00e1tsins var hra\u00f0i og mikil bur\u00f0argeta h\u00f6f\u00f0 a\u00f0 lei\u00f0arlj\u00f3si.\u00a0 Miki\u00f0 dekkpl\u00e1ss og st\u00f3r lest mi\u00f0a\u00f0 vi\u00f0 b\u00e1tsst\u00e6r\u00f0. &nbsp; &nbsp; \u00der\u00e1tt fyrir a\u00f0 b\u00e1turinn s\u00e9 [&hellip;]<\/p>\n","protected":false},"author":2,"featured_media":0,"parent":108,"menu_order":0,"comment_status":"open","ping_status":"open","template":"","meta":{"_et_pb_use_builder":"on","_et_pb_old_content":"","_et_gb_content_width":"","footnotes":""},"class_list":["post-278","page","type-page","status-publish","hentry"],"_links":{"self":[{"href":"https:\/\/cleopatra.is\/is\/wp-json\/wp\/v2\/pages\/278","targetHints":{"allow":["GET"]}}],"collection":[{"href":"https:\/\/cleopatra.is\/is\/wp-json\/wp\/v2\/pages"}],"about":[{"href":"https:\/\/cleopatra.is\/is\/wp-json\/wp\/v2\/types\/page"}],"author":[{"embeddable":true,"href":"https:\/\/cleopatra.is\/is\/wp-json\/wp\/v2\/users\/2"}],"replies":[{"embeddable":true,"href":"https:\/\/cleopatra.is\/is\/wp-json\/wp\/v2\/comments?post=278"}],"version-history":[{"count":0,"href":"https:\/\/cleopatra.is\/is\/wp-json\/wp\/v2\/pages\/278\/revisions"}],"up":[{"embeddable":true,"href":"https:\/\/cleopatra.is\/is\/wp-json\/wp\/v2\/pages\/108"}],"wp:attachment":[{"href":"https:\/\/cleopatra.is\/is\/wp-json\/wp\/v2\/media?parent=278"}],"curies":[{"name":"wp","href":"https:\/\/api.w.org\/{rel}","templated":true}]}}