{"id":227,"date":"2015-07-02T09:01:53","date_gmt":"2015-07-02T09:01:53","guid":{"rendered":"https:\/\/nytt.cleopatra.is\/is\/front-page\/"},"modified":"2023-02-27T15:05:35","modified_gmt":"2023-02-27T15:05:35","slug":"front-page","status":"publish","type":"page","link":"https:\/\/cleopatra.is\/is\/","title":{"rendered":"Fors\u00ed\u00f0a"},"content":{"rendered":"<p>[et_pb_section fb_built=&#8220;1&#8243; _builder_version=&#8220;3.27.3&#8243; background_enable_color=&#8220;off&#8220; use_background_color_gradient=&#8220;on&#8220; background_color_gradient_start=&#8220;#ffffff&#8220; background_color_gradient_end=&#8220;#d8d8d8&#8243; custom_margin=&#8220;0px||-20px&#8220; custom_padding=&#8220;6px||45px|||&#8220; top_divider_color=&#8220;#ffffff&#8220; bottom_divider_color=&#8220;#161616&#8243; global_colors_info=&#8220;{}&#8220;][et_pb_row _builder_version=&#8220;3.27.2&#8243; transform_scale=&#8220;118%|118%&#8220; custom_padding=&#8220;0px|||||&#8220; custom_css_main_element=&#8220;    margin-top: -11px !important;&#8220; global_colors_info=&#8220;{}&#8220;][et_pb_column type=&#8220;4_4&#8243; _builder_version=&#8220;3.25&#8243; custom_padding=&#8220;0px|0px|0px|0px&#8220; global_colors_info=&#8220;{}&#8220; custom_padding__hover=&#8220;|||&#8220;][et_pb_post_slider show_arrows=&#8220;off&#8220; show_pagination=&#8220;off&#8220; excerpt_length=&#8220;160&#8243; show_meta=&#8220;off&#8220; show_image=&#8220;off&#8220; use_bg_overlay=&#8220;off&#8220; use_text_overlay=&#8220;off&#8220; show_image_video_mobile=&#8220;on&#8220; disabled_on=&#8220;off|on|on&#8220; admin_label=&#8220;Post slider mobile&#8220; _builder_version=&#8220;3.27.3&#8243; header_font=&#8220;||||||||&#8220; background_color=&#8220;rgba(126,190,197,0)&#8220; background_layout=&#8220;light&#8220; custom_margin=&#8220;4px||||false|false&#8220; custom_padding=&#8220;63px|||||&#8220; custom_css_slide_description=&#8220;margin-top: 66px;&#8220; custom_css_slide_image=&#8220;width: 79%;||margin-bottom: 20px;&#8220; global_colors_info=&#8220;{}&#8220; background__hover_enabled=&#8220;on&#8220;][\/et_pb_post_slider][et_pb_post_slider show_pagination=&#8220;off&#8220; excerpt_length=&#8220;160&#8243; show_meta=&#8220;off&#8220; image_placement=&#8220;left&#8220; use_bg_overlay=&#8220;off&#8220; use_text_overlay=&#8220;off&#8220; show_image_video_mobile=&#8220;on&#8220; disabled_on=&#8220;on|off|off&#8220; module_id=&#8220;frontpageslider&#8220; _builder_version=&#8220;3.27.3&#8243; header_font=&#8220;||||||||&#8220; header_font_size=&#8220;38px&#8220; background_color=&#8220;rgba(126,190,197,0)&#8220; background_layout=&#8220;light&#8220; custom_margin=&#8220;-57px||-109px&#8220; custom_padding=&#8220;222px||124px|||&#8220; animation_style=&#8220;fade&#8220; header_text_shadow_style=&#8220;preset5&#8243; header_text_shadow_color=&#8220;#b3b3b3&#8243; border_radii_image=&#8220;on|12px|12px|12px|12px&#8220; box_shadow_style_image=&#8220;preset4&#8243; global_colors_info=&#8220;{}&#8220; background__hover_enabled=&#8220;on&#8220;][\/et_pb_post_slider][\/et_pb_column][\/et_pb_row][\/et_pb_section][et_pb_section fb_built=&#8220;1&#8243; disabled_on=&#8220;on|on|on&#8220; _builder_version=&#8220;3.27.3&#8243; background_color=&#8220;#e0514c&#8220; use_background_color_gradient=&#8220;on&#8220; background_color_gradient_start=&#8220;#b3b3b3&#8243; background_color_gradient_end=&#8220;#8f8f8f&#8220; custom_margin=&#8220;0px||-20px&#8220; custom_padding=&#8220;6px||45px|||&#8220; top_divider_style=&#8220;wave2&#8243; top_divider_color=&#8220;#ffffff&#8220; bottom_divider_color=&#8220;#161616&#8243; disabled=&#8220;on&#8220; global_colors_info=&#8220;{}&#8220;][et_pb_row _builder_version=&#8220;3.27.2&#8243; transform_scale=&#8220;118%|118%&#8220; custom_padding=&#8220;0px|||||&#8220; custom_css_main_element=&#8220;    margin-top: -11px !important;&#8220; global_colors_info=&#8220;{}&#8220;][et_pb_column type=&#8220;4_4&#8243; _builder_version=&#8220;3.25&#8243; custom_padding=&#8220;0px|0px|0px|0px&#8220; global_colors_info=&#8220;{}&#8220; custom_padding__hover=&#8220;|||&#8220;][et_pb_post_slider show_arrows=&#8220;off&#8220; show_pagination=&#8220;off&#8220; excerpt_length=&#8220;160&#8243; show_meta=&#8220;off&#8220; show_image=&#8220;off&#8220; use_bg_overlay=&#8220;off&#8220; use_text_overlay=&#8220;off&#8220; show_image_video_mobile=&#8220;on&#8220; disabled_on=&#8220;off|on|on&#8220; admin_label=&#8220;Post slider mobile&#8220; _builder_version=&#8220;3.27.2&#8243; header_font=&#8220;||||||||&#8220; background_color=&#8220;rgba(126,190,197,0)&#8220; custom_margin=&#8220;4px||||false|false&#8220; custom_padding=&#8220;63px|||||&#8220; custom_css_slide_description=&#8220;margin-top: 66px;&#8220; custom_css_slide_image=&#8220;width: 79%;||margin-bottom: 20px;&#8220; global_colors_info=&#8220;{}&#8220; background__hover_enabled=&#8220;on&#8220;][\/et_pb_post_slider][et_pb_post_slider show_pagination=&#8220;off&#8220; excerpt_length=&#8220;160&#8243; show_meta=&#8220;off&#8220; image_placement=&#8220;left&#8220; use_bg_overlay=&#8220;off&#8220; use_text_overlay=&#8220;off&#8220; show_image_video_mobile=&#8220;on&#8220; disabled_on=&#8220;on|off|off&#8220; module_id=&#8220;frontpageslider&#8220; _builder_version=&#8220;3.27.3&#8243; header_font=&#8220;||||||||&#8220; header_font_size=&#8220;38px&#8220; background_color=&#8220;rgba(126,190,197,0)&#8220; custom_margin=&#8220;-57px||-109px&#8220; custom_padding=&#8220;222px||124px|||&#8220; animation_style=&#8220;fade&#8220; header_text_shadow_style=&#8220;preset5&#8243; border_radii_image=&#8220;on|12px|12px|12px|12px&#8220; box_shadow_style_image=&#8220;preset4&#8243; global_colors_info=&#8220;{}&#8220; background__hover_enabled=&#8220;on&#8220;][\/et_pb_post_slider][\/et_pb_column][\/et_pb_row][\/et_pb_section][et_pb_section fb_built=&#8220;1&#8243; disabled_on=&#8220;on|on|on&#8220; _builder_version=&#8220;3.27.3&#8243; custom_padding=&#8220;87px|0px|96px|0px|false|false&#8220; top_divider_style=&#8220;wave2&#8243; top_divider_color=&#8220;#8f8f8f&#8220; bottom_divider_style=&#8220;wave2&#8243; bottom_divider_color=&#8220;#e02b20&#8243; disabled=&#8220;on&#8220; locked=&#8220;off&#8220; global_colors_info=&#8220;{}&#8220;][et_pb_row column_structure=&#8220;1_2,1_2&#8243; _builder_version=&#8220;3.25&#8243; custom_margin=&#8220;0px||&#8220; custom_padding=&#8220;0|0px|0|0px|false|false&#8220; global_colors_info=&#8220;{}&#8220;][et_pb_column type=&#8220;1_2&#8243; _builder_version=&#8220;3.25&#8243; custom_padding=&#8220;30px|||&#8220; global_colors_info=&#8220;{}&#8220; custom_padding__hover=&#8220;|||&#8220;][et_pb_image src=&#8220;https:\/\/cleopatra.is\/wp-content\/uploads\/2019\/03\/news.png&#8220; align=&#8220;center&#8220; align_tablet=&#8220;center&#8220; align_phone=&#8220;&#8220; align_last_edited=&#8220;on|desktop&#8220; _builder_version=&#8220;3.23&#8243; max_width=&#8220;16%&#8220; custom_margin=&#8220;||-52px&#8220; global_colors_info=&#8220;{}&#8220;][\/et_pb_image][et_pb_cta title=&#8220;Clepatra fr\u00e9ttir&#8220; button_url=&#8220;https:\/\/cleopatra.is\/is\/frettir\/&#8220; button_text=&#8220;Sj\u00e1 allar fr\u00e9ttir&#8220; _builder_version=&#8220;3.20&#8243; header_font=&#8220;||||||||&#8220; header_text_color=&#8220;rgba(0,0,0,0.53)&#8220; use_background_color=&#8220;off&#8220; custom_button=&#8220;on&#8220; button_text_color=&#8220;#e02b20&#8243; button_font=&#8220;||||||||&#8220; background_layout=&#8220;light&#8220; custom_margin=&#8220;19px||&#8220; custom_padding=&#8220;52px||38px&#8220; custom_css_main_element=&#8220;height: 100%;&#8220; global_colors_info=&#8220;{}&#8220;]<\/p>\n<p>Sko\u00f0a allar fr\u00e9ttir um Cleopatra b\u00e1tana<\/p>\n<p>[\/et_pb_cta][\/et_pb_column][et_pb_column type=&#8220;1_2&#8243; _builder_version=&#8220;3.25&#8243; custom_padding=&#8220;|||&#8220; global_colors_info=&#8220;{}&#8220; custom_padding__hover=&#8220;|||&#8220;][et_pb_image src=&#8220;https:\/\/cleopatra.is\/wp-content\/uploads\/2019\/03\/cruise.png&#8220; align=&#8220;center&#8220; align_tablet=&#8220;center&#8220; align_phone=&#8220;&#8220; align_last_edited=&#8220;on|desktop&#8220; _builder_version=&#8220;3.23&#8243; max_width=&#8220;16%&#8220; custom_margin=&#8220;31px||-52px&#8220; global_colors_info=&#8220;{}&#8220;][\/et_pb_image][et_pb_cta title=&#8220;Cleopatra b\u00e1tar&#8220; button_url=&#8220;https:\/\/cleopatra.is\/is\/fiskibatar\/&#8220; button_text=&#8220;Sko\u00f0a b\u00e1tana&#8220; _builder_version=&#8220;3.27.3&#8243; header_font=&#8220;||||||||&#8220; header_text_color=&#8220;rgba(0,0,0,0.53)&#8220; use_background_color=&#8220;off&#8220; custom_button=&#8220;on&#8220; button_text_color=&#8220;#e02b20&#8243; button_font=&#8220;||||||||&#8220; background_layout=&#8220;light&#8220; custom_margin=&#8220;19px||&#8220; custom_padding=&#8220;52px||38px&#8220; custom_css_main_element=&#8220;height: 100%;&#8220; global_colors_info=&#8220;{}&#8220;]<\/p>\n<p>Sko\u00f0a alla Cleopatra b\u00e1tana<\/p>\n<p>[\/et_pb_cta][\/et_pb_column][\/et_pb_row][\/et_pb_section][et_pb_section fb_built=&#8220;1&#8243; _builder_version=&#8220;4.2.2&#8243; custom_padding=&#8220;87px|0px|96px|0px|false|false&#8220; top_divider_style=&#8220;wave&#8220; top_divider_color=&#8220;#d8d8d8&#8243; bottom_divider_color=&#8220;#e02b20&#8243; locked=&#8220;off&#8220; global_colors_info=&#8220;{}&#8220;][et_pb_row column_structure=&#8220;1_2,1_2&#8243; _builder_version=&#8220;3.25&#8243; custom_margin=&#8220;0px||&#8220; custom_padding=&#8220;0|0px|0|0px|false|false&#8220; global_colors_info=&#8220;{}&#8220;][et_pb_column type=&#8220;1_2&#8243; _builder_version=&#8220;3.25&#8243; custom_padding=&#8220;30px|||&#8220; global_colors_info=&#8220;{}&#8220; custom_padding__hover=&#8220;|||&#8220;][et_pb_image src=&#8220;https:\/\/cleopatra.is\/wp-content\/uploads\/2019\/03\/news.png&#8220; align=&#8220;center&#8220; align_tablet=&#8220;center&#8220; align_phone=&#8220;&#8220; align_last_edited=&#8220;on|desktop&#8220; _builder_version=&#8220;3.23&#8243; max_width=&#8220;16%&#8220; custom_margin=&#8220;||-52px&#8220; global_colors_info=&#8220;{}&#8220;][\/et_pb_image][et_pb_cta title=&#8220;Fr\u00e9ttir af Cleopatra b\u00e1tum&#8220; button_url=&#8220;https:\/\/cleopatra.is\/is\/news\/&#8220; button_text=&#8220;Sj\u00e1 allar fr\u00e9ttir&#8220; _builder_version=&#8220;4.12.1&#8243; header_font=&#8220;||||||||&#8220; header_text_color=&#8220;rgba(0,0,0,0.53)&#8220; use_background_color=&#8220;off&#8220; custom_button=&#8220;on&#8220; button_text_color=&#8220;#e02b20&#8243; button_font=&#8220;||||||||&#8220; background_layout=&#8220;light&#8220; custom_margin=&#8220;19px||&#8220; custom_padding=&#8220;52px||38px&#8220; hover_enabled=&#8220;0&#8243; custom_css_main_element=&#8220;height: 100%;&#8220; global_colors_info=&#8220;{}&#8220; sticky_enabled=&#8220;0&#8243;]<\/p>\n<p>Sko\u00f0a allar fr\u00e9ttir um Cleopatra b\u00e1tana<\/p>\n<p>[\/et_pb_cta][\/et_pb_column][et_pb_column type=&#8220;1_2&#8243; _builder_version=&#8220;3.25&#8243; custom_padding=&#8220;|||&#8220; global_colors_info=&#8220;{}&#8220; custom_padding__hover=&#8220;|||&#8220;][et_pb_image src=&#8220;https:\/\/cleopatra.is\/wp-content\/uploads\/2019\/03\/cruise.png&#8220; align=&#8220;center&#8220; align_tablet=&#8220;center&#8220; align_phone=&#8220;&#8220; align_last_edited=&#8220;on|desktop&#8220; _builder_version=&#8220;3.23&#8243; max_width=&#8220;16%&#8220; custom_margin=&#8220;31px||-52px&#8220; global_colors_info=&#8220;{}&#8220;][\/et_pb_image][et_pb_cta title=&#8220;Cleopatra b\u00e1tar&#8220; button_url=&#8220;https:\/\/cleopatra.is\/is\/fiskibatar\/&#8220; button_text=&#8220;Sko\u00f0a b\u00e1tana&#8220; _builder_version=&#8220;3.27.3&#8243; header_font=&#8220;||||||||&#8220; header_text_color=&#8220;rgba(0,0,0,0.53)&#8220; use_background_color=&#8220;off&#8220; custom_button=&#8220;on&#8220; button_text_color=&#8220;#e02b20&#8243; button_font=&#8220;||||||||&#8220; background_layout=&#8220;light&#8220; custom_margin=&#8220;19px||&#8220; custom_padding=&#8220;52px||38px&#8220; custom_css_main_element=&#8220;height: 100%;&#8220; global_colors_info=&#8220;{}&#8220;]<\/p>\n<p>Browse through all the Cleopatra boats<\/p>\n<p>[\/et_pb_cta][\/et_pb_column][\/et_pb_row][\/et_pb_section]<\/p>\n","protected":false},"excerpt":{"rendered":"<p>Sko\u00f0a allar fr\u00e9ttir um Cleopatra b\u00e1tanaSko\u00f0a alla Cleopatra b\u00e1tanaSko\u00f0a allar fr\u00e9ttir um Cleopatra b\u00e1tanaBrowse through all the Cleopatra boats<\/p>\n","protected":false},"author":2,"featured_media":0,"parent":0,"menu_order":0,"comment_status":"open","ping_status":"open","template":"","meta":{"_et_pb_use_builder":"on","_et_pb_old_content":"","_et_gb_content_width":"","footnotes":""},"class_list":["post-227","page","type-page","status-publish","hentry"],"_links":{"self":[{"href":"https:\/\/cleopatra.is\/is\/wp-json\/wp\/v2\/pages\/227","targetHints":{"allow":["GET"]}}],"collection":[{"href":"https:\/\/cleopatra.is\/is\/wp-json\/wp\/v2\/pages"}],"about":[{"href":"https:\/\/cleopatra.is\/is\/wp-json\/wp\/v2\/types\/page"}],"author":[{"embeddable":true,"href":"https:\/\/cleopatra.is\/is\/wp-json\/wp\/v2\/users\/2"}],"replies":[{"embeddable":true,"href":"https:\/\/cleopatra.is\/is\/wp-json\/wp\/v2\/comments?post=227"}],"version-history":[{"count":4,"href":"https:\/\/cleopatra.is\/is\/wp-json\/wp\/v2\/pages\/227\/revisions"}],"predecessor-version":[{"id":14848,"href":"https:\/\/cleopatra.is\/is\/wp-json\/wp\/v2\/pages\/227\/revisions\/14848"}],"wp:attachment":[{"href":"https:\/\/cleopatra.is\/is\/wp-json\/wp\/v2\/media?parent=227"}],"curies":[{"name":"wp","href":"https:\/\/api.w.org\/{rel}","templated":true}]}}