{"id":14623,"date":"2022-11-02T14:24:00","date_gmt":"2022-11-02T14:24:00","guid":{"rendered":"https:\/\/cleopatra.is\/vinnubatar\/thjonustubatar\/"},"modified":"2022-11-02T14:24:00","modified_gmt":"2022-11-02T14:24:00","slug":"thjonustubatar","status":"publish","type":"page","link":"https:\/\/cleopatra.is\/is\/vinnubatar\/thjonustubatar\/","title":{"rendered":"\u00dej\u00f3nustub\u00e1tar"},"content":{"rendered":"<p>[et_pb_section fb_built=&#8220;1&#8243; _builder_version=&#8220;4.3.2&#8243; custom_padding=&#8220;34px||2px|||&#8220; top_divider_color=&#8220;#d30300&#8243;][et_pb_row _builder_version=&#8220;3.25&#8243; custom_padding=&#8220;3px|0px|4px|0px|false|false&#8220;][et_pb_column type=&#8220;4_4&#8243; _builder_version=&#8220;3.25&#8243; custom_padding=&#8220;|||&#8220; custom_padding__hover=&#8220;|||&#8220;][et_pb_image src=&#8220;https:\/\/cleopatra.is\/wp-content\/uploads\/2020\/02\/c32trans.png&#8220; align_tablet=&#8220;center&#8220; align_phone=&#8220;&#8220; align_last_edited=&#8220;on|desktop&#8220; _builder_version=&#8220;4.3.2&#8243; transform_scale=&#8220;47%|47%&#8220; transform_translate=&#8220;-8px|58px&#8220; animation_style=&#8220;fade&#8220;][\/et_pb_image][et_pb_text _builder_version=&#8220;4.3.2&#8243;]<\/p>\n<h1 style=\"text-align: center;\"><strong>Seismic workboat<\/strong><\/h1>\n<p>[\/et_pb_text][\/et_pb_column][\/et_pb_row][et_pb_row column_structure=&#8220;1_2,1_2&#8243; make_equal=&#8220;on&#8220; _builder_version=&#8220;3.25&#8243; custom_padding=&#8220;40px|0px|0px|0px|false|false&#8220;][et_pb_column type=&#8220;1_2&#8243; _builder_version=&#8220;3.25&#8243; custom_padding=&#8220;|||&#8220; custom_padding__hover=&#8220;|||&#8220;][et_pb_text admin_label=&#8220;Text&#8220; _builder_version=&#8220;4.3.2&#8243; background_size=&#8220;initial&#8220; background_position=&#8220;top_left&#8220; background_repeat=&#8220;repeat&#8220; use_border_color=&#8220;off&#8220; border_color=&#8220;#ffffff&#8220; border_style=&#8220;solid&#8220;]<\/p>\n<h4><b>Efficient, swift and sopisticated<\/b><span style=\"font-size: 14px; color: #666666;\">&nbsp;<\/span><\/h4>\n<p>The Cleopatra Surveyor 32 is a multi purpose Workboat designed to meet all your offshore workboat demands.<\/p>\n<p>The boat is type approved by a Classification Society (DNV) and is designed to meet all National Authority requirements.<\/p>\n<p>The workboat has excellent sea keeping abilities, manoeuvrability and performance.&nbsp; The high gunwales and flush decks makes her an exceptionally comfortable and safe platform to work on, even in heavy seas.&nbsp; Due to the flexibility in layout, she can be easily fitted out for various applications, such as:<\/p>\n<ul>\n<li>Seismic work<\/li>\n<li>Survey work<\/li>\n<li>Dive support<\/li>\n<li>Towing applications<\/li>\n<li>Windfarming<\/li>\n<li>Fishing<\/li>\n<\/ul>\n<p>&nbsp;<\/p>\n<div id=\"jwts_tab\" class=\"jwts_tabber\"><\/div>\n<p>[\/et_pb_text][\/et_pb_column][et_pb_column type=&#8220;1_2&#8243; _builder_version=&#8220;3.25&#8243; custom_padding=&#8220;0px|25px|0px|&#8220; custom_padding__hover=&#8220;|||&#8220;][et_pb_image src=&#8220;https:\/\/cleopatra.is\/wp-content\/uploads\/2020\/02\/Screenshot-2020-02-16-at-13.27.25-1.png&#8220; force_fullwidth=&#8220;on&#8220; align_tablet=&#8220;center&#8220; align_phone=&#8220;&#8220; align_last_edited=&#8220;on|desktop&#8220; admin_label=&#8220;Image&#8220; _builder_version=&#8220;4.3.2&#8243; custom_margin=&#8220;0px||&#8220; animation_style=&#8220;slide&#8220; animation_direction=&#8220;left&#8220; animation_duration=&#8220;500ms&#8220; animation_intensity_slide=&#8220;10%&#8220; use_border_color=&#8220;off&#8220; border_color=&#8220;#ffffff&#8220; border_style=&#8220;solid&#8220; animation=&#8220;left&#8220; sticky=&#8220;off&#8220;][\/et_pb_image][\/et_pb_column][\/et_pb_row][\/et_pb_section][et_pb_section fb_built=&#8220;1&#8243; _builder_version=&#8220;3.22.3&#8243; custom_padding=&#8220;22px|0px|19px|0px|false|false&#8220; top_divider_color=&#8220;#8300e9&#8243; bottom_divider_style=&#8220;curve&#8220; bottom_divider_color=&#8220;rgba(0,0,0,0.11)&#8220;][et_pb_row _builder_version=&#8220;3.25&#8243; custom_padding=&#8220;40px|0px|80px|0px|false|false&#8220;][et_pb_column type=&#8220;4_4&#8243; _builder_version=&#8220;3.25&#8243; custom_padding=&#8220;|||&#8220; custom_padding__hover=&#8220;|||&#8220;][et_pb_text _builder_version=&#8220;4.3.2&#8243; text_font=&#8220;||||||||&#8220; text_text_color=&#8220;#e02b20&#8243; header_font=&#8220;||||||||&#8220; inline_fonts=&#8220;Acme,Actor&#8220;]<\/p>\n<p style=\"text-align: center;\"><span style=\"font-size: x-large;\"><strong><span style=\"font-family: Actor; color: #000000;\"><em>Cleopatra is your key to success!<\/em><\/span><\/strong><\/span><\/p>\n<p>[\/et_pb_text][\/et_pb_column][\/et_pb_row][\/et_pb_section][et_pb_section fb_built=&#8220;1&#8243; _builder_version=&#8220;3.22.3&#8243; background_color=&#8220;rgba(0,0,0,0.1)&#8220; custom_padding=&#8220;84px||84px|||&#8220;][et_pb_row column_structure=&#8220;1_2,1_2&#8243; _builder_version=&#8220;4.3.2&#8243;][et_pb_column type=&#8220;1_2&#8243; _builder_version=&#8220;4.3.2&#8243;][et_pb_text _builder_version=&#8220;4.3.2&#8243; text_orientation=&#8220;center&#8220; hover_enabled=&#8220;0&#8243;]<\/p>\n<h3><strong>Principal Characteristics<\/strong><\/h3>\n<div class=\"specsX\">\n<dt>Length Overall<\/dt>\n<dd>9.84m<\/dd>\n<dt>Beam (Max)<\/dt>\n<dd>3.40m<\/dd>\n<dt>Drought<\/dt>\n<dd>0.69m<\/dd>\n<dt>Top Speed<\/dt>\n<dd>32 Knots<\/dd>\n<dt>Main Engines<\/dt>\n<dd>2 x FPT N67 M45 420hp\/3000rpm<\/dd>\n<dt>Gearbox<\/dt>\n<dd>2 x ZF 286<\/dd>\n<dt>Propulsion<\/dt>\n<dd>2 ULTRAJET 305HT JETS<\/dd>\n<dt>Fuel<\/dt>\n<dd>2 x 350L<\/dd>\n<\/div>\n<p>[\/et_pb_text][\/et_pb_column][et_pb_column type=&#8220;1_2&#8243; _builder_version=&#8220;4.3.2&#8243;][et_pb_text _builder_version=&#8220;4.3.2&#8243; text_orientation=&#8220;center&#8220;]<\/p>\n<h3><strong>Drawings<\/strong><\/h3>\n<p><a href=\"https:\/\/cleopatra.is\/wp-content\/uploads\/2020\/02\/c32drawing.png\"><img loading=\"lazy\" decoding=\"async\" src=\"https:\/\/cleopatra.is\/wp-content\/uploads\/2020\/02\/c32drawing-300x232.png\" width=\"300\" height=\"232\" alt=\"\" class=\"wp-image-10218 alignnone size-medium\"><\/a><\/p>\n<p>[\/et_pb_text][\/et_pb_column][\/et_pb_row][\/et_pb_section][et_pb_section fb_built=&#8220;1&#8243; disabled_on=&#8220;on|on|on&#8220; _builder_version=&#8220;3.22.3&#8243; background_color=&#8220;rgba(0,0,0,0.1)&#8220; disabled=&#8220;on&#8220;][et_pb_row _builder_version=&#8220;3.25&#8243;][et_pb_column type=&#8220;4_4&#8243; _builder_version=&#8220;3.25&#8243; custom_padding=&#8220;|||&#8220; custom_padding__hover=&#8220;|||&#8220;][et_pb_tabs admin_label=&#8220;Tabs&#8220; _builder_version=&#8220;3.21&#8243; background_size=&#8220;initial&#8220; background_position=&#8220;top_left&#8220; background_repeat=&#8220;repeat&#8220; use_border_color=&#8220;off&#8220; border_color=&#8220;#ffffff&#8220; border_style=&#8220;solid&#8220;][et_pb_tab title=&#8220;Helstu kostir&#8220; _builder_version=&#8220;3.21&#8243; background_size=&#8220;initial&#8220; background_position=&#8220;top_left&#8220; background_repeat=&#8220;repeat&#8220;]<\/p>\n<div class=\"specs\"><strong>CONSTRUCTION<\/strong><br \/>\nHand-laid GRP<br \/>\nIsophtalic gelcoat and polyester resin<br \/>\nAnti fouling paint below waterline<br \/>\nBalsawood sandwich deck<br \/>\nPlywood frames, stringers and stiffeners<\/p>\n<p><strong>ARRANGEMENT<\/strong><br \/>\nThree watertight spaces: Cabin\/wheelhouse, fish hold and engine room<br \/>\nSpacious forward cabin with galley<br \/>\nLarge fish hold for standard fish containers<br \/>\nAft mounted diesel engine with V-drive gearbox<\/p>\n<p><strong>ACCOMMODATION<\/strong><br \/>\nTeak interior<br \/>\nTwo full size berths<br \/>\nDinette with table for four people<br \/>\nWater toiletGalley with gas cooker and sink<\/p>\n<p><strong>COMPONENTS<\/strong><br \/>\nEngine controls<br \/>\nBatteries<br \/>\nWindow wipers<br \/>\nHydraulic steering<br \/>\nFlap rudder<br \/>\nVHF Radio<br \/>\nRadio\/cassette player<br \/>\nCompass<br \/>\nTrim tabs<br \/>\nAutomatic and manual bilge pumps<\/p>\n<\/div>\n<div class=\"specs\">\n<strong>OPTIONS<\/strong><br \/>\nDockside connection 230V<br \/>\nMicrowave oven<br \/>\nCoffee maker<br \/>\nRefrigerator<br \/>\nTV \/ VCR<br \/>\nAir conditioning<br \/>\nHeated windows<br \/>\nDiesel heater<br \/>\nWater heater from main engine<br \/>\nAutopilot<br \/>\nGPS chartplotter<br \/>\nPC &#8211; Computer<br \/>\nFish finder\/echosounder<br \/>\nGMDSS<br \/>\nInverter\/Battery charger<br \/>\nCD player<br \/>\nDeck washing pump<br \/>\nSearchlight<br \/>\nGenerator<br \/>\nBow thrusterOther equipment upon request.<\/div>\n<div class=\"specs\">\n<strong>SAFETY EQUIPMENT<\/strong><br \/>\nInflateable life raft with safety equipment<br \/>\nLife buoy<br \/>\nSafety handrails<br \/>\nSafety stair for easy entrance<br \/>\nAutomatic fire extinguisher<br \/>\nManual fire extinguisher<br \/>\nAnchors and chains<br \/>\nNavigation lights<br \/>\nAlarm system<\/p>\n<p><strong>FISHING EQUIPMENT<\/strong><br \/>\nAutomatic longline system: longline hauler, bait cutter, random baiter or baiting machine<br \/>\nJigging reels<br \/>\nGillnet system<br \/>\nTuna longline system<br \/>\nPottingOther types of fishing equipment upon request.<\/p>\n<\/div>\n<p>[\/et_pb_tab][et_pb_tab title=&#8220;T\u00e6knil\u00fdsing&#8220; _builder_version=&#8220;3.21&#8243; background_size=&#8220;initial&#8220; background_position=&#8220;top_left&#8220; background_repeat=&#8220;repeat&#8220;]<\/p>\n<div class=\"specs\">\n<dt>Length overall(hull)<\/dt>\n<dd>11.3m (37\u2019 1\u2019\u2019)<\/dd>\n<dt>Length overall with platform *<\/dt>\n<dd>11.9m (39\u2019 1\u2019\u2019)<\/dd>\n<dt>Beam<\/dt>\n<dd>3.8m (12\u2019 6\u2019\u2019)<\/dd>\n<dt>Moulded Depth<\/dt>\n<dd>1.5m (4\u2019 11\u2019\u2019)<\/dd>\n<dt>Draught<\/dt>\n<dd>1.1m (3\u2019 7\u2019\u2019)<\/dd>\n<dt>Working Deck<\/dt>\n<dd>21.7m2 (234 ft2 )<\/dd>\n<dt>Fuel capacity<\/dt>\n<dd>2 x 1000 litre (529 US gall.)<\/dd>\n<dt>Water capacity<\/dt>\n<dd>120 litre (32 US gall.)<\/dd>\n<dt>Fish hold<\/dt>\n<dd>13.5m3 (483 ft3 )<\/dd>\n<\/div>\n<div class=\"specs\">\n<dt>Engine **<\/dt>\n<dd><span class=\"specs_one\">Caterpillar C9<\/span> <span class=\"specs_two\">503hp<\/span> <span class=\"specs_three\">8.8L<\/span><\/dd>\n<dd><span class=\"specs_one\">Caterpillar C12<\/span> <span class=\"specs_two\">660hp<\/span> <span class=\"specs_three\">12L<\/span><\/dd>\n<dd><span class=\"specs_one\">Cummins 6CTA8.3M<\/span> <span class=\"specs_two\">430hp<\/span> <span class=\"specs_three\">8.3L<\/span><\/dd>\n<dd><span class=\"specs_one\">Cummins QSM11<\/span> <span class=\"specs_two\">610hp<\/span> <span class=\"specs_three\">10.8L<\/span><\/dd>\n<dd><span class=\"specs_one\">Doosan LO126TI<\/span> <span class=\"specs_two\">400hp<\/span> <span class=\"specs_three\">11.1L<\/span><\/dd>\n<dd><span class=\"specs_one\">Scania DI12<\/span> <span class=\"specs_two\">625hp<\/span> <span class=\"specs_three\">11.7L<\/span><\/dd>\n<dd><span class=\"specs_one\">Volvo Penta D9<\/span> <span class=\"specs_two\">500hp<\/span> <span class=\"specs_three\">9.4L<\/span><\/dd>\n<dd><span class=\"specs_one\">Volvo Penta D12<\/span> <span class=\"specs_two\">650hp<\/span> <span class=\"specs_three\">12.1L<\/span><\/dd>\n<dd><span class=\"specs_one\">Yanmar 6HYM-ETE<\/span> <span class=\"specs_two\">700hp<\/span> <span class=\"specs_three\">13.7L<\/span><\/dd>\n<dt>Twin engine installations:<\/dt>\n<dd><span class=\"specs_one\">Volvo Penta IPS 450<\/span> <span class=\"specs_two\">2 x 330hp<\/span> <span class=\"specs_three\">5.5L<\/span><\/dd>\n<dd><span class=\"specs_one\">Volvo Penta IPS 500<\/span> <span class=\"specs_two\">2 x 370hp<\/span> <span class=\"specs_three\">5.5L<\/span><\/dd>\n<dd><span class=\"specs_one\">2 x Yanmar LY-STP<\/span> <span class=\"specs_two\">2 x 370hp<\/span> <span class=\"specs_three\">5.1L<\/span><\/dd>\n<\/div>\n<div class=\"specs\">\n<dt>Gearbox<\/dt>\n<dd><span class=\"specs_one\">ZF<\/span> <span class=\"specs_two\">325IV<\/span> <span class=\"specs_three\">2.03:1<\/span><\/dd>\n<dd><span class=\"specs_one\">ZF<\/span> <span class=\"specs_two\">302IV<\/span> <span class=\"specs_three\">2.18:1<\/span><\/dd>\n<dd><span class=\"specs_one\">ZF<\/span> <span class=\"specs_two\">286IV<\/span> <span class=\"specs_three\">2.01:1<\/span><\/dd>\n<dd><span class=\"specs_one\">2 x<\/span> <span class=\"specs_two\">ZF80IV<\/span> <span class=\"specs_three\">2.01:1<\/span><\/dd>\n<dt>Propulsion<\/dt>\n<dd>Fourbladed propeller<\/dd>\n<dt>Top speed<\/dt>\n<dd>18 &#8211;&nbsp;37 knots<\/dd>\n<dt>Working speed<\/dt>\n<dd>12 &#8211; 22 knots<\/dd>\n<dt>Cruising range<\/dt>\n<dd>400 nm<\/dd>\n<p><i>* &nbsp;&nbsp;&nbsp;Platform is an option<br \/>\n**&nbsp; Other engines upon request.<\/i><\/p>\n<\/div>\n<p>[\/et_pb_tab][et_pb_tab title=&#8220;Vei\u00f0arf\u00e6ri&#8220; _builder_version=&#8220;3.21&#8243; background_size=&#8220;initial&#8220; background_position=&#8220;top_left&#8220; background_repeat=&#8220;repeat&#8220;]<\/p>\n<p>Longlining<br \/>\nGillnetting<br \/>\nJigging<br \/>\nPotting<br \/>\nTuna longlining<\/p>\n<p>[\/et_pb_tab][et_pb_tab title=&#8220;Teikningar&#8220; _builder_version=&#8220;3.0.48&#8243; background_size=&#8220;initial&#8220; background_position=&#8220;top_left&#8220; background_repeat=&#8220;repeat&#8220;]<\/p>\n<ul class=\"et_post_gallery clearfix\">\n\t\t\t\t\t<li class=\"et_gallery_item et_pb_gallery_image\">\n\t\t\t\t\t\t<a href=\"https:\/\/cleopatra.is\/wp-content\/uploads\/2015\/07\/cleopatra38_drawing_1.jpg\" title=\"cleopatra38_drawing_1\">\n\t\t\t\t\t\t\t<span class=\"et_portfolio_image\">\n\t\t\t\t\t\t\t\t<img loading=\"lazy\" decoding=\"async\" width=\"400\" height=\"284\" src=\"https:\/\/cleopatra.is\/wp-content\/uploads\/2015\/07\/cleopatra38_drawing_1-400x284.jpg\" class=\"attachment-et-pb-portfolio-image size-et-pb-portfolio-image\" alt=\"\" \/>\n\t\t\t\t\t\t\t\t<span class=\"et_overlay\"><\/span>\n\t\t\t\t\t\t\t<\/span>\n\t\t\t\t\t\t<\/a>\n\t\t\t\t\t\t\n\t\t\t\t\t<\/li><li class=\"et_gallery_item et_pb_gallery_image\">\n\t\t\t\t\t\t<a href=\"https:\/\/cleopatra.is\/wp-content\/uploads\/2015\/07\/cleopatra38_drawing_2.jpg\" title=\"cleopatra38_drawing_2\">\n\t\t\t\t\t\t\t<span class=\"et_portfolio_image\">\n\t\t\t\t\t\t\t\t<img loading=\"lazy\" decoding=\"async\" width=\"400\" height=\"284\" src=\"https:\/\/cleopatra.is\/wp-content\/uploads\/2015\/07\/cleopatra38_drawing_2-400x284.jpg\" class=\"attachment-et-pb-portfolio-image size-et-pb-portfolio-image\" alt=\"\" \/>\n\t\t\t\t\t\t\t\t<span class=\"et_overlay\"><\/span>\n\t\t\t\t\t\t\t<\/span>\n\t\t\t\t\t\t<\/a>\n\t\t\t\t\t\t\n\t\t\t\t\t<\/li><li class=\"et_gallery_item et_pb_gallery_image\">\n\t\t\t\t\t\t<a href=\"https:\/\/cleopatra.is\/wp-content\/uploads\/2015\/07\/cleopatra38_drawing_3.jpg\" title=\"cleopatra38_drawing_3\">\n\t\t\t\t\t\t\t<span class=\"et_portfolio_image\">\n\t\t\t\t\t\t\t\t<img loading=\"lazy\" decoding=\"async\" width=\"400\" height=\"284\" src=\"https:\/\/cleopatra.is\/wp-content\/uploads\/2015\/07\/cleopatra38_drawing_3-400x284.jpg\" class=\"attachment-et-pb-portfolio-image size-et-pb-portfolio-image\" alt=\"\" \/>\n\t\t\t\t\t\t\t\t<span class=\"et_overlay\"><\/span>\n\t\t\t\t\t\t\t<\/span>\n\t\t\t\t\t\t<\/a>\n\t\t\t\t\t\t\n\t\t\t\t\t<\/li>\n\t\t\t\t<\/ul>\n<p>[\/et_pb_tab][et_pb_tab title=&#8220;B\u00e6klingur&#8220; _builder_version=&#8220;3.0.48&#8243; background_size=&#8220;initial&#8220; background_position=&#8220;top_left&#8220; background_repeat=&#8220;repeat&#8220;]<a href=\"\/wp-content\/uploads\/2015\/07\/cleo38.pdf\"><img loading=\"lazy\" decoding=\"async\" class=\"alignnone size-medium wp-image-725\" src=\"https:\/\/cleopatra.is\/wp-content\/uploads\/2015\/07\/cleo38pdf-300x142.png\" alt=\"cleo38pdf\" width=\"300\" height=\"142\" srcset=\"https:\/\/cleopatra.is\/wp-content\/uploads\/2015\/07\/cleo38pdf-300x142.png 300w, https:\/\/cleopatra.is\/wp-content\/uploads\/2015\/07\/cleo38pdf.png 400w\" sizes=\"(max-width: 300px) 100vw, 300px\" \/><\/a><\/p>\n<p><a href=\"images\/stories\/boats\/Cleopatra38\/cleo38.pdf\">Download PDF brochure<\/a><br \/>\n[\/et_pb_tab][\/et_pb_tabs][\/et_pb_column][\/et_pb_row][\/et_pb_section][et_pb_section fb_built=&#8220;1&#8243; prev_background_color=&#8220;rgba(0,0,0,0.1)&#8220; _builder_version=&#8220;3.22.3&#8243; custom_padding=&#8220;97px|||||&#8220; top_divider_style=&#8220;wave&#8220;][et_pb_row _builder_version=&#8220;3.25&#8243; background_size=&#8220;initial&#8220; background_position=&#8220;top_left&#8220; background_repeat=&#8220;repeat&#8220; custom_padding=&#8220;67.5px|0px|66px|0px|false|false&#8220;][et_pb_column type=&#8220;4_4&#8243; _builder_version=&#8220;3.25&#8243; custom_padding=&#8220;|||&#8220; custom_padding__hover=&#8220;|||&#8220;]<\/p>\n<p>[et_pb_gallery gallery_ids=&#8220;10228,10253,10248,10288,10243,10283,10278,10223,10273,10258,10238,10233,10263,10268&#8243; posts_number=&#8220;99&#8243; show_title_and_caption=&#8220;off&#8220; show_pagination=&#8220;off&#8220; zoom_icon_color=&#8220;#f1dd38&#8243; admin_label=&#8220;Gallery&#8220; _builder_version=&#8220;4.3.2&#8243; use_border_color=&#8220;off&#8220; border_color=&#8220;#ffffff&#8220; border_style=&#8220;solid&#8220;][\/et_pb_gallery]<\/p>\n<p>[\/et_pb_column][\/et_pb_row][et_pb_row _builder_version=&#8220;4.3.2&#8243;][et_pb_column type=&#8220;4_4&#8243; _builder_version=&#8220;4.3.2&#8243;]<\/p>\n<p>[et_pb_video src=&#8220;https:\/\/www.youtube.com\/watch?v=LE9DnbCcC80&#8243; _builder_version=&#8220;4.3.2&#8243;][\/et_pb_video]<\/p>\n<p>[\/et_pb_column][\/et_pb_row][\/et_pb_section]<\/p>\n","protected":false},"excerpt":{"rendered":"<p>Seismic workboat Efficient, swift and sopisticated&nbsp; The Cleopatra Surveyor 32 is a multi purpose Workboat designed to meet all your offshore workboat demands. The boat is type approved by a Classification Society (DNV) and is designed to meet all National Authority requirements. The workboat has excellent sea keeping abilities, manoeuvrability and performance.&nbsp; The high gunwales [&hellip;]<\/p>\n","protected":false},"author":2,"featured_media":0,"parent":503,"menu_order":0,"comment_status":"closed","ping_status":"closed","template":"","meta":{"_et_pb_use_builder":"on","_et_pb_old_content":"","_et_gb_content_width":"","footnotes":""},"class_list":["post-14623","page","type-page","status-publish","hentry"],"_links":{"self":[{"href":"https:\/\/cleopatra.is\/is\/wp-json\/wp\/v2\/pages\/14623","targetHints":{"allow":["GET"]}}],"collection":[{"href":"https:\/\/cleopatra.is\/is\/wp-json\/wp\/v2\/pages"}],"about":[{"href":"https:\/\/cleopatra.is\/is\/wp-json\/wp\/v2\/types\/page"}],"author":[{"embeddable":true,"href":"https:\/\/cleopatra.is\/is\/wp-json\/wp\/v2\/users\/2"}],"replies":[{"embeddable":true,"href":"https:\/\/cleopatra.is\/is\/wp-json\/wp\/v2\/comments?post=14623"}],"version-history":[{"count":2,"href":"https:\/\/cleopatra.is\/is\/wp-json\/wp\/v2\/pages\/14623\/revisions"}],"predecessor-version":[{"id":14625,"href":"https:\/\/cleopatra.is\/is\/wp-json\/wp\/v2\/pages\/14623\/revisions\/14625"}],"up":[{"embeddable":true,"href":"https:\/\/cleopatra.is\/is\/wp-json\/wp\/v2\/pages\/503"}],"wp:attachment":[{"href":"https:\/\/cleopatra.is\/is\/wp-json\/wp\/v2\/media?parent=14623"}],"curies":[{"name":"wp","href":"https:\/\/api.w.org\/{rel}","templated":true}]}}