{"id":108,"date":"2015-07-02T11:20:22","date_gmt":"2015-07-02T11:20:22","guid":{"rendered":"https:\/\/nytt.cleopatra.is\/?page_id=108&#038;lang=is"},"modified":"2023-01-11T17:37:52","modified_gmt":"2023-01-11T17:37:52","slug":"fiskibatar","status":"publish","type":"page","link":"https:\/\/cleopatra.is\/is\/fiskibatar\/","title":{"rendered":"Fiskib\u00e1tar"},"content":{"rendered":"<p>[et_pb_section fb_built=&#8220;1&#8243; fullwidth=&#8220;on&#8220; admin_label=&#8220;Header Divider&#8220; _builder_version=&#8220;4.2.2&#8243; top_divider_color=&#8220;#d30300&#8243; global_module=&#8220;7496&#8243; saved_tabs=&#8220;all&#8220; global_colors_info=&#8220;{}&#8220;][\/et_pb_section][et_pb_section fb_built=&#8220;1&#8243; _builder_version=&#8220;3.22&#8243; global_colors_info=&#8220;{}&#8220;][et_pb_row column_structure=&#8220;2_3,1_3&#8243; _builder_version=&#8220;3.25&#8243; background_size=&#8220;initial&#8220; background_position=&#8220;top_left&#8220; background_repeat=&#8220;repeat&#8220; global_colors_info=&#8220;{}&#8220;][et_pb_column type=&#8220;2_3&#8243; _builder_version=&#8220;3.25&#8243; custom_padding=&#8220;|||&#8220; global_colors_info=&#8220;{}&#8220; custom_padding__hover=&#8220;|||&#8220;][et_pb_text admin_label=&#8220;Text&#8220; _builder_version=&#8220;3.27.4&#8243; background_size=&#8220;initial&#8220; background_position=&#8220;top_left&#8220; background_repeat=&#8220;repeat&#8220; use_border_color=&#8220;off&#8220; border_color=&#8220;#ffffff&#8220; border_style=&#8220;solid&#8220; global_colors_info=&#8220;{}&#8220;]<strong>Sj\u00f3f\u00e6rni, kraftur og hra\u00f0i<\/strong><\/p>\n<p>Cleopatra Fisherman b\u00e1tarnir eru hra\u00f0fiskib\u00e1tar hanna\u00f0ir til a\u00f0 \u00feola erfitt sj\u00f3lag og ve\u00f0urfar \u00e1 \u00cdslandsmi\u00f0um. B\u00e1tarnir eru bygg\u00f0ir \u00far trefjaplasti, \u00ed samr\u00e6mi vi\u00f0 Nor\u00f0urlandareglur um sm\u00ed\u00f0i sm\u00e1b\u00e1ta.<\/p>\n<p>Cleopatra Fisherman b\u00e1tarnir eru hanna\u00f0ir me\u00f0 \u00fdtrustu \u00fearfir atvinnusj\u00f3manna \u00ed huga var\u00f0andi sj\u00f3h\u00e6fni, hra\u00f0a og hagkv\u00e6mni.<\/p>\n<p>B\u00e1tarnir eru b\u00fanir n\u00fdjustu t\u00e6kjum til vei\u00f0a og h\u00e6gt er a\u00f0 f\u00e1 \u00fe\u00e1 \u00fatb\u00fana til l\u00ednuvei\u00f0a, handf\u00e6ravei\u00f0a, netavei\u00f0a, gildruvei\u00f0a o.s.frv.  Cleopatra Fisherman er hvoru tveggja g\u00f3\u00f0ur kostur fyrir einyrkja \u00ed \u00fatger\u00f0 og st\u00e6rri \u00fatger\u00f0arfyrirt\u00e6ki, \u00fear sem l\u00e1gur rekstrarkostna\u00f0ur er lykilatri\u00f0i.<\/p>\n<p>H\u00f6nnun Cleopatra b\u00e1tanna b\u00fd\u00f0ur einnig upp \u00e1 \u00fdmsa a\u00f0ra m\u00f6guleika eins og sj\u00f3stangavei\u00f0i og far\u00feegaflutninga.<br \/>\n[\/et_pb_text][\/et_pb_column][et_pb_column type=&#8220;1_3&#8243; _builder_version=&#8220;3.25&#8243; custom_padding=&#8220;|||&#8220; global_colors_info=&#8220;{}&#8220; custom_padding__hover=&#8220;|||&#8220;][et_pb_image src=&#8220;https:\/\/cleopatra.is\/wp-content\/uploads\/2015\/07\/6batar.jpg&#8220; align_tablet=&#8220;center&#8220; align_phone=&#8220;&#8220; align_last_edited=&#8220;on|desktop&#8220; admin_label=&#8220;Image&#8220; _builder_version=&#8220;3.23&#8243; animation_style=&#8220;slide&#8220; animation_direction=&#8220;left&#8220; animation_duration=&#8220;500ms&#8220; animation_intensity_slide=&#8220;10%&#8220; use_border_color=&#8220;off&#8220; border_color=&#8220;#ffffff&#8220; border_style=&#8220;solid&#8220; animation=&#8220;left&#8220; sticky=&#8220;off&#8220; always_center_on_mobile=&#8220;on&#8220; global_colors_info=&#8220;{}&#8220;][\/et_pb_image][\/et_pb_column][\/et_pb_row][\/et_pb_section][et_pb_section fb_built=&#8220;1&#8243; custom_padding_last_edited=&#8220;on|desktop&#8220; _builder_version=&#8220;3.22&#8243; custom_padding_tablet=&#8220;50px|0|50px|0&#8243; custom_padding_phone=&#8220;&#8220; transparent_background=&#8220;off&#8220; padding_mobile=&#8220;off&#8220; make_fullwidth=&#8220;off&#8220; use_custom_width=&#8220;off&#8220; width_unit=&#8220;on&#8220; global_colors_info=&#8220;{}&#8220;][et_pb_row column_structure=&#8220;1_2,1_2&#8243; _builder_version=&#8220;3.25&#8243; background_size=&#8220;initial&#8220; background_position=&#8220;top_left&#8220; background_repeat=&#8220;repeat&#8220; global_colors_info=&#8220;{}&#8220;][et_pb_column type=&#8220;1_2&#8243; _builder_version=&#8220;3.25&#8243; custom_padding=&#8220;|||&#8220; global_colors_info=&#8220;{}&#8220; custom_padding__hover=&#8220;|||&#8220;][et_pb_blurb title=&#8220;Cleopatra 26&#8243; url=&#8220;https:\/\/cleopatra.is\/?page_id=435&#8243; image=&#8220;https:\/\/cleopatra.is\/wp-content\/uploads\/2015\/07\/c26.png&#8220; image_max_width=&#8220;100&#8243; disabled_on=&#8220;on|on|on&#8220; admin_label=&#8220;c26&#8243; _builder_version=&#8220;4.2.2&#8243; background_size=&#8220;initial&#8220; background_position=&#8220;top_left&#8220; background_repeat=&#8220;repeat&#8220; text_orientation=&#8220;center&#8220; use_border_color=&#8220;off&#8220; border_color=&#8220;#ffffff&#8220; border_style=&#8220;solid&#8220; disabled=&#8220;on&#8220; global_colors_info=&#8220;{}&#8220;]Ergonomic design<\/p>\n<p>&nbsp;<br \/>\n[\/et_pb_blurb][et_pb_blurb title=&#8220;Cleopatra 31&#8243; url=&#8220;https:\/\/cleopatra.is\/is\/fiskibatar\/cleopatra-31\/&#8220; image=&#8220;https:\/\/cleopatra.is\/wp-content\/uploads\/2015\/07\/c31.png&#8220; image_max_width=&#8220;100&#8243; admin_label=&#8220;c31&#8243; _builder_version=&#8220;4.2.2&#8243; background_size=&#8220;initial&#8220; background_position=&#8220;top_left&#8220; background_repeat=&#8220;repeat&#8220; text_orientation=&#8220;center&#8220; use_border_color=&#8220;off&#8220; border_color=&#8220;#ffffff&#8220; border_style=&#8220;solid&#8220; global_colors_info=&#8220;{}&#8220;]Hra\u00f0i og mikil bur\u00f0argeta h\u00f6f\u00f0 a\u00f0 lei\u00f0arlj\u00f3si.<br \/>\n[\/et_pb_blurb][et_pb_blurb title=&#8220;Cleopatra 33&#8243; url=&#8220;https:\/\/cleopatra.is\/is\/fiskibatar\/cleopatra-33\/&#8220; image=&#8220;https:\/\/cleopatra.is\/wp-content\/uploads\/2015\/07\/cleo33.png&#8220; image_max_width=&#8220;100&#8243; admin_label=&#8220;c33&#8243; _builder_version=&#8220;4.2.2&#8243; background_size=&#8220;initial&#8220; background_position=&#8220;top_left&#8220; background_repeat=&#8220;repeat&#8220; text_orientation=&#8220;center&#8220; use_border_color=&#8220;off&#8220; border_color=&#8220;#ffffff&#8220; border_style=&#8220;solid&#8220; global_colors_info=&#8220;{}&#8220;]Sj\u00f3h\u00e6fni, kraftur og hra\u00f0i<br \/>\n[\/et_pb_blurb][\/et_pb_column][et_pb_column type=&#8220;1_2&#8243; _builder_version=&#8220;3.25&#8243; custom_padding=&#8220;|||&#8220; global_colors_info=&#8220;{}&#8220; custom_padding__hover=&#8220;|||&#8220;][et_pb_blurb title=&#8220;Cleopatra 38&#8243; url=&#8220;https:\/\/cleopatra.is\/is\/fiskibatar\/cleopatra-38\/&#8220; image=&#8220;https:\/\/cleopatra.is\/wp-content\/uploads\/2015\/07\/c38.png&#8220; image_max_width=&#8220;100&#8243; admin_label=&#8220;c38&#8243; _builder_version=&#8220;4.2.2&#8243; background_size=&#8220;initial&#8220; background_position=&#8220;top_left&#8220; background_repeat=&#8220;repeat&#8220; text_orientation=&#8220;center&#8220; use_border_color=&#8220;off&#8220; border_color=&#8220;#ffffff&#8220; border_style=&#8220;solid&#8220; global_colors_info=&#8220;{}&#8220;]Flaggskip \u00edslenska sm\u00e1b\u00e1taflotans<br \/>\n[\/et_pb_blurb][et_pb_blurb title=&#8220;Cleopatra 50&#8243; url=&#8220;https:\/\/cleopatra.is\/is\/fiskibatar\/cleopatra-50\/&#8220; image=&#8220;https:\/\/cleopatra.is\/wp-content\/uploads\/2015\/07\/c50.png&#8220; image_max_width=&#8220;100&#8243; admin_label=&#8220;c50&#8243; _builder_version=&#8220;4.2.2&#8243; background_size=&#8220;initial&#8220; background_position=&#8220;top_left&#8220; background_repeat=&#8220;repeat&#8220; text_orientation=&#8220;center&#8220; use_border_color=&#8220;off&#8220; border_color=&#8220;#ffffff&#8220; border_style=&#8220;solid&#8220; global_colors_info=&#8220;{}&#8220;]N\u00fd, st\u00e6rri og \u00f6flugri Cleopatra<br \/>\n[\/et_pb_blurb][\/et_pb_column][\/et_pb_row][et_pb_row _builder_version=&#8220;4.12.1&#8243; _module_preset=&#8220;default&#8220;][et_pb_column _builder_version=&#8220;4.12.1&#8243; _module_preset=&#8220;default&#8220; type=&#8220;4_4&#8243;][\/et_pb_column][\/et_pb_row][\/et_pb_section]<\/p>\n","protected":false},"excerpt":{"rendered":"<p>Sj\u00f3f\u00e6rni, kraftur og hra\u00f0i Cleopatra Fisherman b\u00e1tarnir eru hra\u00f0fiskib\u00e1tar hanna\u00f0ir til a\u00f0 \u00feola erfitt sj\u00f3lag og ve\u00f0urfar \u00e1 \u00cdslandsmi\u00f0um. B\u00e1tarnir eru bygg\u00f0ir \u00far trefjaplasti, \u00ed samr\u00e6mi vi\u00f0 Nor\u00f0urlandareglur um sm\u00ed\u00f0i sm\u00e1b\u00e1ta. Cleopatra Fisherman b\u00e1tarnir eru hanna\u00f0ir me\u00f0 \u00fdtrustu \u00fearfir atvinnusj\u00f3manna \u00ed huga var\u00f0andi sj\u00f3h\u00e6fni, hra\u00f0a og hagkv\u00e6mni. B\u00e1tarnir eru b\u00fanir n\u00fdjustu t\u00e6kjum til vei\u00f0a og [&hellip;]<\/p>\n","protected":false},"author":2,"featured_media":0,"parent":0,"menu_order":0,"comment_status":"open","ping_status":"open","template":"","meta":{"_et_pb_use_builder":"on","_et_pb_old_content":"","_et_gb_content_width":"","footnotes":""},"class_list":["post-108","page","type-page","status-publish","hentry"],"_links":{"self":[{"href":"https:\/\/cleopatra.is\/is\/wp-json\/wp\/v2\/pages\/108","targetHints":{"allow":["GET"]}}],"collection":[{"href":"https:\/\/cleopatra.is\/is\/wp-json\/wp\/v2\/pages"}],"about":[{"href":"https:\/\/cleopatra.is\/is\/wp-json\/wp\/v2\/types\/page"}],"author":[{"embeddable":true,"href":"https:\/\/cleopatra.is\/is\/wp-json\/wp\/v2\/users\/2"}],"replies":[{"embeddable":true,"href":"https:\/\/cleopatra.is\/is\/wp-json\/wp\/v2\/comments?post=108"}],"version-history":[{"count":12,"href":"https:\/\/cleopatra.is\/is\/wp-json\/wp\/v2\/pages\/108\/revisions"}],"predecessor-version":[{"id":14814,"href":"https:\/\/cleopatra.is\/is\/wp-json\/wp\/v2\/pages\/108\/revisions\/14814"}],"wp:attachment":[{"href":"https:\/\/cleopatra.is\/is\/wp-json\/wp\/v2\/media?parent=108"}],"curies":[{"name":"wp","href":"https:\/\/api.w.org\/{rel}","templated":true}]}}