{"id":876,"date":"2015-07-08T15:36:39","date_gmt":"2015-07-08T15:36:39","guid":{"rendered":"https:\/\/nytt.cleopatra.is\/fr\/?page_id=876"},"modified":"2023-01-11T17:21:14","modified_gmt":"2023-01-11T17:21:14","slug":"trefjar","status":"publish","type":"page","link":"https:\/\/cleopatra.is\/fr\/trefjar\/","title":{"rendered":"Trefjar"},"content":{"rendered":"<p>[et_pb_section fb_built=\u00a0\u00bb1&Prime; fullwidth=\u00a0\u00bbon\u00a0\u00bb admin_label=\u00a0\u00bbsection\u00a0\u00bb _builder_version=\u00a0\u00bb3.27.3&Prime; top_divider_style=\u00a0\u00bbwave2&Prime; top_divider_color=\u00a0\u00bb#ffffff\u00a0\u00bb][et_pb_fullwidth_image src=\u00a0\u00bbhttps:\/\/cleopatra.is\/wp-content\/uploads\/2015\/07\/cleopatra_boat.jpg\u00a0\u00bb admin_label=\u00a0\u00bbFullwidth Image\u00a0\u00bb _builder_version=\u00a0\u00bb3.0.87&Prime; custom_padding=\u00a0\u00bb0px|||||\u00a0\u00bb use_border_color=\u00a0\u00bboff\u00a0\u00bb border_color=\u00a0\u00bb#ffffff\u00a0\u00bb border_style=\u00a0\u00bbsolid\u00a0\u00bb animation=\u00a0\u00bboff\u00a0\u00bb] [\/et_pb_fullwidth_image][\/et_pb_section][et_pb_section fb_built=\u00a0\u00bb1&Prime; admin_label=\u00a0\u00bbsection\u00a0\u00bb _builder_version=\u00a0\u00bb3.22&Prime;][et_pb_row column_structure=\u00a0\u00bb2_3,1_3&Prime; admin_label=\u00a0\u00bbRow\u00a0\u00bb _builder_version=\u00a0\u00bb3.25&Prime; background_size=\u00a0\u00bbinitial\u00a0\u00bb background_position=\u00a0\u00bbtop_left\u00a0\u00bb background_repeat=\u00a0\u00bbrepeat\u00a0\u00bb][et_pb_column type=\u00a0\u00bb2_3&Prime; _builder_version=\u00a0\u00bb3.25&Prime; custom_padding=\u00a0\u00bb|||\u00a0\u00bb custom_padding__hover=\u00a0\u00bb|||\u00a0\u00bb][et_pb_text admin_label=\u00a0\u00bbText\u00a0\u00bb _builder_version=\u00a0\u00bb3.27.4&Prime; background_size=\u00a0\u00bbinitial\u00a0\u00bb background_position=\u00a0\u00bbtop_left\u00a0\u00bb background_repeat=\u00a0\u00bbrepeat\u00a0\u00bb use_border_color=\u00a0\u00bboff\u00a0\u00bb border_color=\u00a0\u00bb#ffffff\u00a0\u00bb border_style=\u00a0\u00bbsolid\u00a0\u00bb]Trefjar Ltd. est un fabricant de bateaux, d\u2019\u00e9quipement d\u2019aquaculture et de pi\u00e8ces acrylique qui sont fabriqu\u00e9 dans la ville de Hafnarfj\u00f6r\u00f0ur en Island depuis 1977. Son directeur g\u00e9n\u00e9ral est Mr. Auoun N.Oskarsson. La compagnie \u00e0 commenc\u00e9 ces op\u00e9rations avec un employ\u00e9, charg\u00e9 de la coque et du renforcement \u00e0 l\u2019aide de fibre de verre. La compagnie ces consid\u00e9rablement d\u00e9velopp\u00e9e depuis 1977 et maintenant elle fait partis des plus grandes. Elle est de loin, la principale fabricante de sa cat\u00e9gorie en Islande. L\u2019entreprise compte deux usines de production, une depuis 1996 de 3500 m\u00b2 de site de production, dont 15000 m\u00b2 d\u2019espace de travail ouvert. Depuis 2008, elle poss\u00e8de une seconde usine d\u2019une surface de 3800 m\u00b2 et qui a pour but la fabrication de bateaux avec 8000 m\u00b2 d\u2019espace de travail ouvert.<br \/>\n[\/et_pb_text][\/et_pb_column][et_pb_column type=\u00a0\u00bb1_3&Prime; _builder_version=\u00a0\u00bb3.25&Prime; custom_padding=\u00a0\u00bb|||\u00a0\u00bb custom_padding__hover=\u00a0\u00bb|||\u00a0\u00bb][et_pb_image src=\u00a0\u00bbhttps:\/\/cleopatra.is\/wp-content\/uploads\/2015\/07\/profile01.jpg\u00a0\u00bb align_tablet=\u00a0\u00bbcenter\u00a0\u00bb align_phone=\u00a0\u00bb\u00a0\u00bb align_last_edited=\u00a0\u00bbon|desktop\u00a0\u00bb admin_label=\u00a0\u00bbImage\u00a0\u00bb _builder_version=\u00a0\u00bb3.23&Prime; animation_style=\u00a0\u00bbslide\u00a0\u00bb animation_direction=\u00a0\u00bbleft\u00a0\u00bb animation_duration=\u00a0\u00bb500ms\u00a0\u00bb animation_intensity_slide=\u00a0\u00bb10%\u00a0\u00bb use_border_color=\u00a0\u00bboff\u00a0\u00bb border_color=\u00a0\u00bb#ffffff\u00a0\u00bb border_style=\u00a0\u00bbsolid\u00a0\u00bb animation=\u00a0\u00bbleft\u00a0\u00bb sticky=\u00a0\u00bboff\u00a0\u00bb always_center_on_mobile=\u00a0\u00bbon\u00a0\u00bb][\/et_pb_image][\/et_pb_column][\/et_pb_row][\/et_pb_section][et_pb_section fb_built=\u00a0\u00bb1&Prime; custom_padding_last_edited=\u00a0\u00bbon|desktop\u00a0\u00bb admin_label=\u00a0\u00bbSection\u00a0\u00bb _builder_version=\u00a0\u00bb3.22&Prime; background_color=\u00a0\u00bb#eeeeee\u00a0\u00bb custom_padding_tablet=\u00a0\u00bb50px|0|50px|0&Prime; custom_padding_phone=\u00a0\u00bb\u00a0\u00bb transparent_background=\u00a0\u00bboff\u00a0\u00bb padding_mobile=\u00a0\u00bboff\u00a0\u00bb make_fullwidth=\u00a0\u00bboff\u00a0\u00bb use_custom_width=\u00a0\u00bboff\u00a0\u00bb width_unit=\u00a0\u00bbon\u00a0\u00bb][et_pb_row admin_label=\u00a0\u00bbRow\u00a0\u00bb _builder_version=\u00a0\u00bb3.25&Prime; background_size=\u00a0\u00bbinitial\u00a0\u00bb background_position=\u00a0\u00bbtop_left\u00a0\u00bb background_repeat=\u00a0\u00bbrepeat\u00a0\u00bb][et_pb_column type=\u00a0\u00bb4_4&Prime; _builder_version=\u00a0\u00bb3.25&Prime; custom_padding=\u00a0\u00bb|||\u00a0\u00bb custom_padding__hover=\u00a0\u00bb|||\u00a0\u00bb][et_pb_text admin_label=\u00a0\u00bbText\u00a0\u00bb _builder_version=\u00a0\u00bb3.27.4&Prime; background_size=\u00a0\u00bbinitial\u00a0\u00bb background_position=\u00a0\u00bbtop_left\u00a0\u00bb background_repeat=\u00a0\u00bbrepeat\u00a0\u00bb use_border_color=\u00a0\u00bboff\u00a0\u00bb border_color=\u00a0\u00bb#ffffff\u00a0\u00bb border_style=\u00a0\u00bbsolid\u00a0\u00bb]Trefjar Ltd. a fabriqu\u00e9 plus de 400 types diff\u00e9rents de bateaux depuis 1979. Ces bateaux de p\u00eache, SKEL 26, SKEL 80 et SKEL 86 \u00e9taient les plus populaires en Islande dans les ann\u00e9es quatre vingt.<br \/>\nLes SKEL \u00e9taient un nouveau concept dans l\u2019univers des petits bateaux de p\u00eache, puisqu\u2019ils \u00e9taient inspir\u00e9s d\u2019un petit bateau artisanal, \u00ab le breidarfjardarlag \u00bb, c\u2019\u00e9tait un bateau qui avait prouv\u00e9 ses capacit\u00e9s en travaillant dans les mers rugueuses d\u2019Islande depuis le d\u00e9but du si\u00e8cle. Le SKEL est une combinaison des meilleurs pour le pass\u00e9 et le pr\u00e9sent.<br \/>\n[\/et_pb_text][\/et_pb_column][\/et_pb_row][\/et_pb_section][et_pb_section fb_built=\u00a0\u00bb1&Prime; admin_label=\u00a0\u00bbSection\u00a0\u00bb _builder_version=\u00a0\u00bb3.22&Prime;][et_pb_row column_structure=\u00a0\u00bb1_3,2_3&Prime; admin_label=\u00a0\u00bbRow\u00a0\u00bb _builder_version=\u00a0\u00bb3.25&Prime; background_size=\u00a0\u00bbinitial\u00a0\u00bb background_position=\u00a0\u00bbtop_left\u00a0\u00bb background_repeat=\u00a0\u00bbrepeat\u00a0\u00bb][et_pb_column type=\u00a0\u00bb1_3&Prime; _builder_version=\u00a0\u00bb3.25&Prime; custom_padding=\u00a0\u00bb|||\u00a0\u00bb custom_padding__hover=\u00a0\u00bb|||\u00a0\u00bb][et_pb_image src=\u00a0\u00bbhttps:\/\/cleopatra.is\/wp-content\/uploads\/2015\/07\/profile02.jpg\u00a0\u00bb align_tablet=\u00a0\u00bbcenter\u00a0\u00bb align_phone=\u00a0\u00bb\u00a0\u00bb align_last_edited=\u00a0\u00bbon|desktop\u00a0\u00bb admin_label=\u00a0\u00bbImage\u00a0\u00bb _builder_version=\u00a0\u00bb3.23&Prime; animation_style=\u00a0\u00bbslide\u00a0\u00bb animation_direction=\u00a0\u00bbleft\u00a0\u00bb animation_duration=\u00a0\u00bb500ms\u00a0\u00bb animation_intensity_slide=\u00a0\u00bb10%\u00a0\u00bb use_border_color=\u00a0\u00bboff\u00a0\u00bb border_color=\u00a0\u00bb#ffffff\u00a0\u00bb border_style=\u00a0\u00bbsolid\u00a0\u00bb animation=\u00a0\u00bbleft\u00a0\u00bb sticky=\u00a0\u00bboff\u00a0\u00bb always_center_on_mobile=\u00a0\u00bbon\u00a0\u00bb][\/et_pb_image][\/et_pb_column][et_pb_column type=\u00a0\u00bb2_3&Prime; _builder_version=\u00a0\u00bb3.25&Prime; custom_padding=\u00a0\u00bb|||\u00a0\u00bb custom_padding__hover=\u00a0\u00bb|||\u00a0\u00bb][et_pb_text admin_label=\u00a0\u00bbText\u00a0\u00bb _builder_version=\u00a0\u00bb3.27.4&Prime; background_size=\u00a0\u00bbinitial\u00a0\u00bb background_position=\u00a0\u00bbtop_left\u00a0\u00bb background_repeat=\u00a0\u00bbrepeat\u00a0\u00bb use_border_color=\u00a0\u00bboff\u00a0\u00bb border_color=\u00a0\u00bb#ffffff\u00a0\u00bb border_style=\u00a0\u00bbsolid\u00a0\u00bb]En 1994, Trefjar.Ltd d\u00e9veloppe une nouvelle gamme de bateau de p\u00eache, la s\u00e9rie des Cleopatra qui est aujourd\u2019hui fabriqu\u00e9e en quatre formats : le Cleopatra Fisherman 31, le Cleopatra Fisherman 33, le Cleopatra Fisherman 38 et le Cleopatra Fisherman 50. Le Cleopatra est un bateau tr\u00e8s rapide, con\u00e7u pour permettre aux professionnels d\u2019assurer efficacit\u00e9, rapidit\u00e9 et bonne navigabilit\u00e9. Ils ont la particularit\u00e9 d\u2019\u00eatre spacieux tout en restant des petits bateaux de p\u00eache. Ils peuvent embarquer diff\u00e9rents mat\u00e9riaux pour p\u00eacher, la palangre m\u00eame \u00e9quip\u00e9 avec un syst\u00e8me automatique et ont peut y mettre des casiers, rouleaux, filets, long-line, etc. Les Cleopatra sont con\u00e7us pour atteindre des terres de p\u00eache au large, avec la rapidit\u00e9 des long-liners et l\u2019\u00e9conomie et l\u2019efficacit\u00e9 des petits chalutiers.<br \/>\nLes bateaux Cleopatra sont un tr\u00e8s bon choix pour les compagnies de p\u00eache et les p\u00eacheurs professionnels puisqu\u2019ils permettent de d\u00e9livrer de tr\u00e8s bonnes revenues pour un investissement de d\u00e9part qui lui est faible. Avec un pedigree enviable, le p\u00eacheur d\u2019un Cleopatra devient vite connu autour de l\u2019atlantique nord, et il peut faire p\u00e2lir la concurrence, en \u00e9tant un sacr\u00e9 comp\u00e9titeur.<br \/>\n[\/et_pb_text][\/et_pb_column][\/et_pb_row][\/et_pb_section][et_pb_section fb_built=\u00a0\u00bb1&Prime; custom_padding_last_edited=\u00a0\u00bbon|desktop\u00a0\u00bb admin_label=\u00a0\u00bbSection\u00a0\u00bb _builder_version=\u00a0\u00bb3.22&Prime; background_color=\u00a0\u00bb#eeeeee\u00a0\u00bb custom_padding_tablet=\u00a0\u00bb50px|0|50px|0&Prime; custom_padding_phone=\u00a0\u00bb\u00a0\u00bb transparent_background=\u00a0\u00bboff\u00a0\u00bb padding_mobile=\u00a0\u00bboff\u00a0\u00bb make_fullwidth=\u00a0\u00bboff\u00a0\u00bb use_custom_width=\u00a0\u00bboff\u00a0\u00bb width_unit=\u00a0\u00bbon\u00a0\u00bb][et_pb_row admin_label=\u00a0\u00bbRow\u00a0\u00bb _builder_version=\u00a0\u00bb3.25&Prime; background_size=\u00a0\u00bbinitial\u00a0\u00bb background_position=\u00a0\u00bbtop_left\u00a0\u00bb background_repeat=\u00a0\u00bbrepeat\u00a0\u00bb][et_pb_column type=\u00a0\u00bb4_4&Prime; _builder_version=\u00a0\u00bb3.25&Prime; custom_padding=\u00a0\u00bb|||\u00a0\u00bb custom_padding__hover=\u00a0\u00bb|||\u00a0\u00bb][et_pb_text admin_label=\u00a0\u00bbText\u00a0\u00bb _builder_version=\u00a0\u00bb3.27.4&Prime; background_size=\u00a0\u00bbinitial\u00a0\u00bb background_position=\u00a0\u00bbtop_left\u00a0\u00bb background_repeat=\u00a0\u00bbrepeat\u00a0\u00bb use_border_color=\u00a0\u00bboff\u00a0\u00bb border_color=\u00a0\u00bb#ffffff\u00a0\u00bb border_style=\u00a0\u00bbsolid\u00a0\u00bb]Trefjar Ltd. ont r\u00e9cemment lanc\u00e9 une nouvelle ligne de bateaux de loisirs nomm\u00e9e Cleopatra. Les bateaux de loisirs Cleopatra sont des bateaux de luxe qui peuvent atteindre des grandes vitesses, ils sont con\u00e7us pour satisfaire tous les besoins du loisir en croisant sur un bateau, la qualit\u00e9 et la possibilit\u00e9 d\u2019atteindre de grande vitesse.<\/p>\n<p>Tous les bateaux Cleopatra sont fabriqu\u00e9s en Islande par trefjar ltd. et sont construits sur des standards, ils sont conformes aux r\u00e8glements mis en place par les normes fran\u00e7aises.<br \/>\n[\/et_pb_text][\/et_pb_column][\/et_pb_row][\/et_pb_section][et_pb_section fb_built=\u00a0\u00bb1&Prime; admin_label=\u00a0\u00bbsection\u00a0\u00bb _builder_version=\u00a0\u00bb3.22&Prime;][et_pb_row column_structure=\u00a0\u00bb1_3,1_3,1_3&Prime; admin_label=\u00a0\u00bbrow\u00a0\u00bb _builder_version=\u00a0\u00bb3.25&Prime; background_size=\u00a0\u00bbinitial\u00a0\u00bb background_position=\u00a0\u00bbtop_left\u00a0\u00bb background_repeat=\u00a0\u00bbrepeat\u00a0\u00bb][et_pb_column type=\u00a0\u00bb1_3&Prime; _builder_version=\u00a0\u00bb3.25&Prime; custom_padding=\u00a0\u00bb|||\u00a0\u00bb custom_padding__hover=\u00a0\u00bb|||\u00a0\u00bb][et_pb_blurb url=\u00a0\u00bbhttp:\/\/greenmarinetechnology.is\/\u00a0\u00bb image=\u00a0\u00bbhttps:\/\/cleopatra.is\/wp-content\/uploads\/2015\/07\/green_marina.jpg\u00a0\u00bb image_max_width=\u00a0\u00bbnone\u00a0\u00bb admin_label=\u00a0\u00bbBlurb\u00a0\u00bb _builder_version=\u00a0\u00bb3.0.87&Prime; background_size=\u00a0\u00bbinitial\u00a0\u00bb background_position=\u00a0\u00bbtop_left\u00a0\u00bb background_repeat=\u00a0\u00bbrepeat\u00a0\u00bb use_border_color=\u00a0\u00bboff\u00a0\u00bb border_color=\u00a0\u00bb#ffffff\u00a0\u00bb border_style=\u00a0\u00bbsolid\u00a0\u00bb][\/et_pb_blurb][\/et_pb_column][et_pb_column type=\u00a0\u00bb1_3&Prime; _builder_version=\u00a0\u00bb3.25&Prime; custom_padding=\u00a0\u00bb|||\u00a0\u00bb custom_padding__hover=\u00a0\u00bb|||\u00a0\u00bb][et_pb_blurb url=\u00a0\u00bbhttps:\/\/cleopatra.is\/trefjar-receives-the-icelandic-export-awards-for-2012\/\u00a0\u00bb image=\u00a0\u00bbhttps:\/\/cleopatra.is\/wp-content\/uploads\/2015\/07\/utflutningsverdlaun_en.png\u00a0\u00bb image_max_width=\u00a0\u00bbnone\u00a0\u00bb admin_label=\u00a0\u00bbBlurb\u00a0\u00bb _builder_version=\u00a0\u00bb3.0.87&Prime; background_size=\u00a0\u00bbinitial\u00a0\u00bb background_position=\u00a0\u00bbtop_left\u00a0\u00bb background_repeat=\u00a0\u00bbrepeat\u00a0\u00bb use_border_color=\u00a0\u00bboff\u00a0\u00bb border_color=\u00a0\u00bb#ffffff\u00a0\u00bb border_style=\u00a0\u00bbsolid\u00a0\u00bb][\/et_pb_blurb][\/et_pb_column][et_pb_column type=\u00a0\u00bb1_3&Prime; _builder_version=\u00a0\u00bb3.25&Prime; custom_padding=\u00a0\u00bb|||\u00a0\u00bb custom_padding__hover=\u00a0\u00bb|||\u00a0\u00bb][et_pb_blurb url=\u00a0\u00bbhttps:\/\/cleopatra.is\/trefjar-receives-the-icelandic-fisheries-awards\/\u00a0\u00bb image=\u00a0\u00bbhttps:\/\/cleopatra.is\/wp-content\/uploads\/2015\/07\/winner.png\u00a0\u00bb image_max_width=\u00a0\u00bbnone\u00a0\u00bb admin_label=\u00a0\u00bbBlurb\u00a0\u00bb _builder_version=\u00a0\u00bb3.0.87&Prime; background_size=\u00a0\u00bbinitial\u00a0\u00bb background_position=\u00a0\u00bbtop_left\u00a0\u00bb background_repeat=\u00a0\u00bbrepeat\u00a0\u00bb use_border_color=\u00a0\u00bboff\u00a0\u00bb border_color=\u00a0\u00bb#ffffff\u00a0\u00bb border_style=\u00a0\u00bbsolid\u00a0\u00bb][\/et_pb_blurb][\/et_pb_column][\/et_pb_row][\/et_pb_section]<\/p>\n","protected":false},"excerpt":{"rendered":"<p>Trefjar Ltd. est un fabricant de bateaux, d\u2019\u00e9quipement d\u2019aquaculture et de pi\u00e8ces acrylique qui sont fabriqu\u00e9 dans la ville de Hafnarfj\u00f6r\u00f0ur en Island depuis 1977. Son directeur g\u00e9n\u00e9ral est Mr. Auoun N.Oskarsson. La compagnie \u00e0 commenc\u00e9 ces op\u00e9rations avec un employ\u00e9, charg\u00e9 de la coque et du renforcement \u00e0 l\u2019aide de fibre de verre. La [&hellip;]<\/p>\n","protected":false},"author":2,"featured_media":0,"parent":0,"menu_order":0,"comment_status":"open","ping_status":"open","template":"","meta":{"_et_pb_use_builder":"on","_et_pb_old_content":"","_et_gb_content_width":"","footnotes":""},"class_list":["post-876","page","type-page","status-publish","hentry"],"_links":{"self":[{"href":"https:\/\/cleopatra.is\/fr\/wp-json\/wp\/v2\/pages\/876","targetHints":{"allow":["GET"]}}],"collection":[{"href":"https:\/\/cleopatra.is\/fr\/wp-json\/wp\/v2\/pages"}],"about":[{"href":"https:\/\/cleopatra.is\/fr\/wp-json\/wp\/v2\/types\/page"}],"author":[{"embeddable":true,"href":"https:\/\/cleopatra.is\/fr\/wp-json\/wp\/v2\/users\/2"}],"replies":[{"embeddable":true,"href":"https:\/\/cleopatra.is\/fr\/wp-json\/wp\/v2\/comments?post=876"}],"version-history":[{"count":6,"href":"https:\/\/cleopatra.is\/fr\/wp-json\/wp\/v2\/pages\/876\/revisions"}],"predecessor-version":[{"id":14790,"href":"https:\/\/cleopatra.is\/fr\/wp-json\/wp\/v2\/pages\/876\/revisions\/14790"}],"wp:attachment":[{"href":"https:\/\/cleopatra.is\/fr\/wp-json\/wp\/v2\/media?parent=876"}],"curies":[{"name":"wp","href":"https:\/\/api.w.org\/{rel}","templated":true}]}}