{"id":858,"date":"2015-07-08T15:19:34","date_gmt":"2015-07-08T15:19:34","guid":{"rendered":"https:\/\/nytt.cleopatra.is\/fr\/?page_id=858"},"modified":"2020-02-21T13:38:53","modified_gmt":"2020-02-21T13:38:53","slug":"cleopatra-50","status":"publish","type":"page","link":"https:\/\/cleopatra.is\/fr\/peche-pro\/cleopatra-50\/","title":{"rendered":"Cleopatra 50"},"content":{"rendered":"<p>[et_pb_section fb_built=\u00a0\u00bb1&Prime; _builder_version=\u00a0\u00bb3.27.3&Prime; custom_padding=\u00a0\u00bb||4px|||\u00a0\u00bb top_divider_color=\u00a0\u00bb#d30300&Prime; locked=\u00a0\u00bboff\u00a0\u00bb][et_pb_row _builder_version=\u00a0\u00bb3.25&Prime; custom_padding=\u00a0\u00bb3px|0px|4px|0px|false|false\u00a0\u00bb][et_pb_column type=\u00a0\u00bb4_4&Prime; _builder_version=\u00a0\u00bb3.25&Prime; custom_padding=\u00a0\u00bb|||\u00a0\u00bb custom_padding__hover=\u00a0\u00bb|||\u00a0\u00bb][et_pb_image src=\u00a0\u00bbhttps:\/\/cleopatra.is\/wp-content\/uploads\/2019\/08\/c50logo.png\u00a0\u00bb align_tablet=\u00a0\u00bbcenter\u00a0\u00bb align_phone=\u00a0\u00bb\u00a0\u00bb align_last_edited=\u00a0\u00bbon|desktop\u00a0\u00bb _builder_version=\u00a0\u00bb3.27.3&Prime; transform_scale=\u00a0\u00bb47%|47%\u00a0\u00bb transform_translate=\u00a0\u00bb-8px|58px\u00a0\u00bb animation_style=\u00a0\u00bbfade\u00a0\u00bb][\/et_pb_image][\/et_pb_column][\/et_pb_row][et_pb_row column_structure=\u00a0\u00bb1_5,3_5,1_5&Prime; _builder_version=\u00a0\u00bb3.25&Prime;][et_pb_column type=\u00a0\u00bb1_5&Prime; _builder_version=\u00a0\u00bb3.25&Prime; custom_padding=\u00a0\u00bb|||\u00a0\u00bb custom_padding__hover=\u00a0\u00bb|||\u00a0\u00bb][\/et_pb_column][et_pb_column type=\u00a0\u00bb3_5&Prime; _builder_version=\u00a0\u00bb3.25&Prime; custom_padding=\u00a0\u00bb|||\u00a0\u00bb custom_padding__hover=\u00a0\u00bb|||\u00a0\u00bb][et_pb_text admin_label=\u00a0\u00bbText\u00a0\u00bb _builder_version=\u00a0\u00bb3.27.4&Prime; background_size=\u00a0\u00bbinitial\u00a0\u00bb background_position=\u00a0\u00bbtop_left\u00a0\u00bb background_repeat=\u00a0\u00bbrepeat\u00a0\u00bb custom_padding=\u00a0\u00bb0px|||||\u00a0\u00bb use_border_color=\u00a0\u00bboff\u00a0\u00bb border_color=\u00a0\u00bb#ffffff\u00a0\u00bb border_style=\u00a0\u00bbsolid\u00a0\u00bb]<\/p>\n<h4 style=\"text-align: center;\"><strong>15 m\u00e8tres de longue, notre bateau le plus grand avec un pont tr\u00e8s spacieux et grande cabine. Le Cleopatra Fisherman 50 est le bateau le plus grand que nous ayons construit jusqu\u2019\u00e0 maintenant, tout en suivant les origines des bateaux nordiques.<\/strong><\/h4>\n<p>[\/et_pb_text][\/et_pb_column][et_pb_column type=\u00a0\u00bb1_5&Prime; _builder_version=\u00a0\u00bb3.25&Prime; custom_padding=\u00a0\u00bb|||\u00a0\u00bb custom_padding__hover=\u00a0\u00bb|||\u00a0\u00bb][\/et_pb_column][\/et_pb_row][et_pb_row column_structure=\u00a0\u00bb1_2,1_2&Prime; make_equal=\u00a0\u00bbon\u00a0\u00bb _builder_version=\u00a0\u00bb3.25&Prime; custom_padding=\u00a0\u00bb40px|0px|39px|0px|false|false\u00a0\u00bb][et_pb_column type=\u00a0\u00bb1_2&Prime; _builder_version=\u00a0\u00bb3.25&Prime; custom_padding=\u00a0\u00bb|||\u00a0\u00bb custom_padding__hover=\u00a0\u00bb|||\u00a0\u00bb][et_pb_text admin_label=\u00a0\u00bbText\u00a0\u00bb _builder_version=\u00a0\u00bb3.27.4&Prime; background_size=\u00a0\u00bbinitial\u00a0\u00bb background_position=\u00a0\u00bbtop_left\u00a0\u00bb background_repeat=\u00a0\u00bbrepeat\u00a0\u00bb use_border_color=\u00a0\u00bboff\u00a0\u00bb border_color=\u00a0\u00bb#ffffff\u00a0\u00bb border_style=\u00a0\u00bbsolid\u00a0\u00bb]Le Cleopatra Fisherman 50 est id\u00e9ale pour la p\u00eache, il utilise les derni\u00e8res technologies invent\u00e9es. Sa longueur de 14.99 m\u00e8tres et sa largeur de 4.60 m\u00e8tres jusqu\u2019au bien en-dessous de la ligne de flottaison lui donne son stabilit\u00e9 et font que ce bateau est tr\u00e8s spacieux. Il est appropri\u00e9 pour environ tout types de p\u00eache, avec une surface de travail sur le pont de 40m\u00b2 et une cale \u00e0 poissons pouvant contenir 35m\u00b3 de marchandises. Le Cleopatra Fisherman 50 peut \u00eatre \u00e9quip\u00e9 de lignes, de filets, de lignes automatiques, casiers. Sa cabine peut accueillir de 4 \u00e0 6 personnes selon les besoins.<\/p>\n<p>Comme tous nos mod\u00e8les de bateaux, le Cleopatra Fisherman 50 sera adaptable selon vos besoins. Il est disponible avec diff\u00e9rentes options comme pour le moteur, ou vous pouvez en mettre 1 ou 2. Les Z-drives et jet-drives sont optionnel.<\/p>\n<p>Notre Cleopatra Fisherman 50 n\u2019est pas seulement destin\u00e9 \u00e0 la p\u00eache, en effet il intervient pour d\u2019autres mod\u00e8les tels que le tourisme passager, la p\u00eache touristique, surveillance et autres services en mer.<\/p>\n<p>Le Cleopatra 50 est l\u2019assurance d\u2019un avenir efficace.[\/et_pb_text][\/et_pb_column][et_pb_column type=\u00a0\u00bb1_2&Prime; _builder_version=\u00a0\u00bb3.25&Prime; custom_padding=\u00a0\u00bb0px|25px|0px|\u00a0\u00bb custom_padding__hover=\u00a0\u00bb|||\u00a0\u00bb][et_pb_image src=\u00a0\u00bbhttps:\/\/cleopatra.is\/wp-content\/uploads\/2015\/07\/Boat349_1.jpg\u00a0\u00bb force_fullwidth=\u00a0\u00bbon\u00a0\u00bb align_tablet=\u00a0\u00bbcenter\u00a0\u00bb align_phone=\u00a0\u00bb\u00a0\u00bb align_last_edited=\u00a0\u00bbon|desktop\u00a0\u00bb admin_label=\u00a0\u00bbImage\u00a0\u00bb _builder_version=\u00a0\u00bb3.27.3&Prime; custom_margin=\u00a0\u00bb0px||\u00a0\u00bb animation_style=\u00a0\u00bbslide\u00a0\u00bb animation_direction=\u00a0\u00bbleft\u00a0\u00bb animation_duration=\u00a0\u00bb500ms\u00a0\u00bb animation_intensity_slide=\u00a0\u00bb10%\u00a0\u00bb animation=\u00a0\u00bbleft\u00a0\u00bb sticky=\u00a0\u00bboff\u00a0\u00bb use_border_color=\u00a0\u00bboff\u00a0\u00bb border_color=\u00a0\u00bb#ffffff\u00a0\u00bb border_style=\u00a0\u00bbsolid\u00a0\u00bb][\/et_pb_image][\/et_pb_column][\/et_pb_row][\/et_pb_section][et_pb_section fb_built=\u00a0\u00bb1&Prime; module_class=\u00a0\u00bbgrayfix\u00a0\u00bb _builder_version=\u00a0\u00bb3.22.7&Prime; custom_padding=\u00a0\u00bb22px|0px|19px|0px|false|false\u00a0\u00bb top_divider_color=\u00a0\u00bb#8300e9&Prime; bottom_divider_style=\u00a0\u00bbcurve\u00a0\u00bb bottom_divider_color=\u00a0\u00bbrgba(0,0,0,0.1)\u00a0\u00bb locked=\u00a0\u00bboff\u00a0\u00bb][et_pb_row _builder_version=\u00a0\u00bb3.25&Prime; custom_padding=\u00a0\u00bb40px|0px|80px|0px|false|false\u00a0\u00bb][et_pb_column type=\u00a0\u00bb4_4&Prime; _builder_version=\u00a0\u00bb3.25&Prime; custom_padding=\u00a0\u00bb|||\u00a0\u00bb custom_padding__hover=\u00a0\u00bb|||\u00a0\u00bb][et_pb_text _builder_version=\u00a0\u00bb3.27.4&Prime; text_font=\u00a0\u00bb||||||||\u00a0\u00bb text_text_color=\u00a0\u00bb#e02b20&Prime; header_font=\u00a0\u00bb||||||||\u00a0\u00bb inline_fonts=\u00a0\u00bbAcme,Actor\u00a0\u00bb]<\/p>\n<p style=\"text-align: center;\"><span style=\"font-size: x-large; font-family: Actor; font-weight: normal; color: #e02b20;\"><em><i>Votre bateau Cleopatra, fiabilit\u00e9, cl\u00e9 en mains !<\/i><\/em><\/span><\/p>\n<p>[\/et_pb_text][\/et_pb_column][\/et_pb_row][\/et_pb_section][et_pb_section fb_built=\u00a0\u00bb1&Prime; module_class=\u00a0\u00bbgrayfix\u00a0\u00bb _builder_version=\u00a0\u00bb3.22.7&Prime; background_color=\u00a0\u00bbrgba(0,0,0,0.1)\u00a0\u00bb custom_padding=\u00a0\u00bb||39px|||\u00a0\u00bb locked=\u00a0\u00bboff\u00a0\u00bb][et_pb_row _builder_version=\u00a0\u00bb3.25&Prime;][et_pb_column type=\u00a0\u00bb4_4&Prime; _builder_version=\u00a0\u00bb3.25&Prime; custom_padding=\u00a0\u00bb|||\u00a0\u00bb custom_padding__hover=\u00a0\u00bb|||\u00a0\u00bb][et_pb_tabs admin_label=\u00a0\u00bbTabs\u00a0\u00bb _builder_version=\u00a0\u00bb3.27.3&Prime; background_size=\u00a0\u00bbinitial\u00a0\u00bb background_position=\u00a0\u00bbtop_left\u00a0\u00bb background_repeat=\u00a0\u00bbrepeat\u00a0\u00bb use_border_color=\u00a0\u00bboff\u00a0\u00bb border_color=\u00a0\u00bb#ffffff\u00a0\u00bb border_style=\u00a0\u00bbsolid\u00a0\u00bb][et_pb_tab title=\u00a0\u00bbCaract\u00e9ristiques principales\u00a0\u00bb _builder_version=\u00a0\u00bb3.27.3&Prime; background_size=\u00a0\u00bbinitial\u00a0\u00bb background_position=\u00a0\u00bbtop_left\u00a0\u00bb background_repeat=\u00a0\u00bbrepeat\u00a0\u00bb]<\/p>\n<div class=\"specs\">\n<p><strong>CONSTRUCTION<\/strong><br \/>\nPolyester renforc\u00e9 de fibres de verre textile (P.R.V.T.) pos\u00e9 main.<br \/>\nGel-coat isophtalique et r\u00e9sine de polyester.<br \/>\nPont en bois de balsa stratifi\u00e9 recto\/verso.<br \/>\nCadres et renforts en contre-plaqu\u00e9 stratifi\u00e9.<\/p>\n<p><strong>DISPOSITION<\/strong><br \/>\nTrois compartiment \u00e9tanches : salle des machines, cabine \/ timonerie, cale \u00e0 poissons.<br \/>\nCabine avant spacieuse avec coin cuisine.<br \/>\nGrande cale \u00e0 poissons pour bacs \u00e0 poissons.<br \/>\nMoteur(s) diesel mont\u00e9(s) \u00e0 l\u2019arri\u00e8re.<\/p>\n<p><strong>AM\u00c9NAGEMENTS<br \/>\n<\/strong>Int\u00e9rieur en Teck.<br \/>\nTrois cabines s\u00e9par\u00e9es pouvant accueillir jusqu\u2019\u00e0 6 personnes pour dormir.<br \/>\nCompartiment avec cuisine, \u00e9vier et cuisini\u00e8re \u00e0 gaz.<br \/>\nDouche.<br \/>\nWC \u00e0 eau.<br \/>\nDouble commande moteur : pont et timonerie.<\/p>\n<p><strong>COMPOSANTS<\/strong><br \/>\nParc de batteries.<br \/>\nEssuie-glaces.<br \/>\nDirection hydraulique.<br \/>\nMain-courante de s\u00e9curit\u00e9.<br \/>\nRadio transmetteur VHF.<br \/>\nRadio\/ lecteur de cassette \/ CD.<br \/>\nBoussole.<br \/>\nStabilisateurs (flaps) maniables ind\u00e9pendants.<br \/>\nPompes d\u2019ass\u00e8chement automatique et manuel.<\/p>\n<p><strong>COMPOSANTS<\/strong><br \/>\nEngine controls<br \/>\nBatteries<br \/>\nWindow wipers<br \/>\nHydraulic steering<br \/>\nFlap rudder<br \/>\nVHF Radio<br \/>\nRadio\/cassette player<br \/>\nCompass<br \/>\nTrim tabs<br \/>\nAutomatic and manual bilge pumps<\/p>\n<\/div>\n<div class=\"specs\"><strong>OPTIONS<\/strong><br \/>\n<em><em>Connexion portuaire 230V.<br \/>\nFour \u00e0 micro-ondes.<br \/>\nMachine \u00e0 caf\u00e9.<br \/>\nR\u00e9frig\u00e9rateur.<br \/>\nT\u00e9l\u00e9vision \/ DVD.<br \/>\nQuatri\u00e8me couchette.<br \/>\nAir conditionn\u00e9.<br \/>\nFen\u00eatres chauff\u00e9es.<br \/>\nChauffage diesel.<br \/>\nChauffage d\u2019eau.<br \/>\nPilote automatique.<br \/>\nGPS (Traceur sur cartes marines).<br \/>\nPC-Ordinateur.<br \/>\nSonde sous marine.<br \/>\nGMDSS.<br \/>\nInverseur \/ Chargeur de batterie.<br \/>\nLecteur CD.<br \/>\nLavage pont.<br \/>\nProjecteur.<br \/>\nGroupe \u00e9lectrog\u00e8ne.<br \/>\nPropulseur d\u2019\u00e9trave.<\/em><\/em><em>*Autres \u00e9quipements sur demande<\/em><em>.<\/em><\/p>\n<\/div>\n<div class=\"specs\">\n<p><strong>EQUIPEMENTS DE S\u00c9CURIT\u00c9<\/strong><br \/>\nRadeaux de sauvetage avec \u00e9quipement de s\u00e9curit\u00e9.<br \/>\nBou\u00e9e de sauvetage.<br \/>\nBarre de s\u00e9curit\u00e9.<br \/>\nEscalier de s\u00e9curit\u00e9 pour une entr\u00e9 facile.<br \/>\nExtincteur automatique.<br \/>\nExtincteur manuel.<br \/>\nAncres et cha\u00eenes.<br \/>\nFeux de navigation.<br \/>\nSyst\u00e8me d\u2019alarme<\/p>\n<\/div>\n<p>[\/et_pb_tab][et_pb_tab title=\u00a0\u00bbSpecification\u00a0\u00bb _builder_version=\u00a0\u00bb3.27.3&Prime; background_size=\u00a0\u00bbinitial\u00a0\u00bb background_position=\u00a0\u00bbtop_left\u00a0\u00bb background_repeat=\u00a0\u00bbrepeat\u00a0\u00bb]<\/p>\n<div class=\"specs\">\n<dt>Length (Loa)<\/dt>\n<dd>14.99m (49\u2019 3\u2019\u2019)<\/dd>\n<dt>Largeur<\/dt>\n<dd>4.65m (15\u2019 3\u2019\u2019)<\/dd>\n<dt> Creux au milieu<\/dt>\n<dd>2.23m (7\u2019 4\u2019\u2019)<\/dd>\n<dt>Tirant d\u2019eau<\/dt>\n<dd>1.52m (5\u2019 0\u2019\u2019)<\/dd>\n<dt>Surface de travail sur le pont<\/dt>\n<dd>39m<sup>2<\/sup> (420 ft<sup>2<\/sup> )<\/dd>\n<dt>R\u00e9servoir gazole<\/dt>\n<dd>3000 litre (793 US gall.)<\/dd>\n<dt>R\u00e9servoir d\u2019eau<\/dt>\n<dd>400 litre (106 US gall.)<\/dd>\n<dt>Volume cale \u00e0 poissons<\/dt>\n<dd>34m<sup>3<\/sup> (1200 ft<sup>3<\/sup> )<\/dd>\n<\/div>\n<div class=\"specs\">\n<dt>Moteur*<\/dt>\n<dd><span class=\"specs_one\">Caterpillar C18<\/span> <span class=\"specs_two\">715hp\/2100rpm<\/span> <span class=\"specs_three\">18.1L<\/span><\/dd>\n<dd><span class=\"specs_one\">Doosan 4V158TIM<\/span> <span class=\"specs_two\">600hp\/2100rpm<\/span> <span class=\"specs_three\">14.6L<\/span><\/dd>\n<dd><span class=\"specs_one\">Doosan 4V222TI<\/span> <span class=\"specs_two\">880hp\/2100rpm<\/span> <span class=\"specs_three\">21.9L<\/span><\/dd>\n<dd><span class=\"specs_one\">FTP (Iveco) C16<\/span> <span class=\"specs_two\">800hp\/2300rpm<\/span> <span class=\"specs_three\">16L<\/span><\/dd>\n<dd><span class=\"specs_one\">Scania DI16<\/span> <span class=\"specs_two\">800hp\/2100rpm<\/span> <span class=\"specs_three\">16.4L<\/span><\/dd>\n<dd><span class=\"specs_one\">Volvo Penta D16 M4<\/span> <span class=\"specs_two\">750hp\/1900rpm<\/span> <span class=\"specs_three\">16.1L<\/span><\/dd>\n<dd><span class=\"specs_one\">Yanmar 6AYM-WGT<\/span> <span class=\"specs_two\">911hp\/1938rpm<\/span> <span class=\"specs_three\">20.3L<\/span><\/dd>\n<dt>Deux moteurs*<\/dt>\n<dd><span class=\"specs_one\">2 x FTP (Iveco) C90 380<\/span> <span class=\"specs_two\">2 x 410hp\/2000rpm<\/span> <span class=\"specs_three\">8.7L<\/span><\/dd>\n<dd><span class=\"specs_one\">2 x Volvo Penta D9<\/span> <span class=\"specs_two\">2 x 500hp\/2600rpm<\/span> <span class=\"specs_three\">9.4L<\/span><\/dd>\n<dd><span class=\"specs_one\">Volvo Penta D11 IPS 800<\/span> <span class=\"specs_two\">2 x 625hp\/2300rpm<\/span> <span class=\"specs_three\">10.8L<\/span><\/dd>\n<dt>Bo\u00eete \u00e0 vitesse<\/dt>\n<dd><span class=\"specs_one\"><\/span> <span class=\"specs_two\">ZF500IV<\/span> <span class=\"specs_three\">2.20:1<\/span><\/dd>\n<dd><span class=\"specs_one\"><\/span> <span class=\"specs_two\">ZF360IV<\/span> <span class=\"specs_three\">2.19:1<\/span><\/dd>\n<dd><span class=\"specs_one\"><\/span> <span class=\"specs_two\">ZF325IV<\/span> <span class=\"specs_three\">2.03:1<\/span><\/dd>\n<dd><span class=\"specs_one\"><\/span> <span class=\"specs_two\">2 x ZF286IV<\/span> <span class=\"specs_three\">2.01:1<\/span><\/dd>\n<\/div>\n<dt>Propulsion<\/dt>\n<dd>H\u00e9lices \u00e0 4 pales<\/dd>\n<dt>Vitesse maximale<\/dt>\n<dd>15 &#8211; 37 n\u0153uds<\/dd>\n<dt>Vitesse de croisi\u00e8re<\/dt>\n<dd>10 &#8211; 22 n\u0153uds<\/dd>\n<dt>Autonomie de croisi\u00e8re<\/dt>\n<dd>500 nm<\/dd>\n<p><em>*\u00a0 Autres moteurs sur demande.<\/em>[\/et_pb_tab][et_pb_tab title=\u00a0\u00bbApplication \u00e0 la p\u00eache\u00a0\u00bb _builder_version=\u00a0\u00bb3.27.3&Prime; background_size=\u00a0\u00bbinitial\u00a0\u00bb background_position=\u00a0\u00bbtop_left\u00a0\u00bb background_repeat=\u00a0\u00bbrepeat\u00a0\u00bb]Palangres<br \/>\nFilets<br \/>\nRouleaux<br \/>\nCasiers<br \/>\nLong-line<br \/>\nPalangres Thoniers[\/et_pb_tab][et_pb_tab title=\u00a0\u00bbPlan\u00a0\u00bb _builder_version=\u00a0\u00bb3.27.3&Prime; background_size=\u00a0\u00bbinitial\u00a0\u00bb background_position=\u00a0\u00bbtop_left\u00a0\u00bb background_repeat=\u00a0\u00bbrepeat\u00a0\u00bb]<ul class=\"et_post_gallery clearfix\">\n\t\t\t\t\t<li class=\"et_gallery_item et_pb_gallery_image\">\n\t\t\t\t\t\t<a href=\"https:\/\/cleopatra.is\/wp-content\/uploads\/2015\/07\/Cleo50vefsida.jpg\" title=\"Y:CADCleopatraCleo 50C50 Opinn Krabbi Model (1)\">\n\t\t\t\t\t\t\t<span class=\"et_portfolio_image\">\n\t\t\t\t\t\t\t\t<img loading=\"lazy\" decoding=\"async\" width=\"400\" height=\"284\" src=\"https:\/\/cleopatra.is\/wp-content\/uploads\/2015\/07\/Cleo50vefsida-400x284.jpg\" class=\"attachment-et-pb-portfolio-image size-et-pb-portfolio-image\" alt=\"\" \/>\n\t\t\t\t\t\t\t\t<span class=\"et_overlay\"><\/span>\n\t\t\t\t\t\t\t<\/span>\n\t\t\t\t\t\t<\/a>\n\t\t\t\t\t\t\n\t\t\t\t\t<\/li><li class=\"et_gallery_item et_pb_gallery_image\">\n\t\t\t\t\t\t<a href=\"https:\/\/cleopatra.is\/wp-content\/uploads\/2015\/07\/Cleo50yfirbvefsida.jpg\" title=\"Y:CADCleopatraCleo 50C50  yfirbygg.ur h Model (1)\">\n\t\t\t\t\t\t\t<span class=\"et_portfolio_image\">\n\t\t\t\t\t\t\t\t<img loading=\"lazy\" decoding=\"async\" width=\"400\" height=\"284\" src=\"https:\/\/cleopatra.is\/wp-content\/uploads\/2015\/07\/Cleo50yfirbvefsida-400x284.jpg\" class=\"attachment-et-pb-portfolio-image size-et-pb-portfolio-image\" alt=\"\" \/>\n\t\t\t\t\t\t\t\t<span class=\"et_overlay\"><\/span>\n\t\t\t\t\t\t\t<\/span>\n\t\t\t\t\t\t<\/a>\n\t\t\t\t\t\t\n\t\t\t\t\t<\/li>\n\t\t\t\t<\/ul>[\/et_pb_tab][\/et_pb_tabs][\/et_pb_column][\/et_pb_row][\/et_pb_section][et_pb_section fb_built=\u00a0\u00bb1&Prime; _builder_version=\u00a0\u00bb3.22&Prime;][et_pb_row _builder_version=\u00a0\u00bb3.25&Prime; background_size=\u00a0\u00bbinitial\u00a0\u00bb background_position=\u00a0\u00bbtop_left\u00a0\u00bb background_repeat=\u00a0\u00bbrepeat\u00a0\u00bb][et_pb_column type=\u00a0\u00bb4_4&Prime; _builder_version=\u00a0\u00bb3.25&Prime; custom_padding=\u00a0\u00bb|||\u00a0\u00bb custom_padding__hover=\u00a0\u00bb|||\u00a0\u00bb][et_pb_gallery gallery_ids=\u00a0\u00bb387,388,389,390,391,392,393,394,395,396,397,398,399,400,401,402,403,404,405,406,407,408,409,410,411,412,413&Prime; posts_number=\u00a0\u00bb99&Prime; show_title_and_caption=\u00a0\u00bboff\u00a0\u00bb show_pagination=\u00a0\u00bboff\u00a0\u00bb admin_label=\u00a0\u00bbGallery\u00a0\u00bb _builder_version=\u00a0\u00bb3.0.87&Prime; use_border_color=\u00a0\u00bboff\u00a0\u00bb border_color=\u00a0\u00bb#ffffff\u00a0\u00bb border_style=\u00a0\u00bbsolid\u00a0\u00bb][\/et_pb_gallery][\/et_pb_column][\/et_pb_row][\/et_pb_section]<\/p>\n","protected":false},"excerpt":{"rendered":"<p>15 m\u00e8tres de longue, notre bateau le plus grand avec un pont tr\u00e8s spacieux et grande cabine. Le Cleopatra Fisherman 50 est le bateau le plus grand que nous ayons construit jusqu\u2019\u00e0 maintenant, tout en suivant les origines des bateaux nordiques.Le Cleopatra Fisherman 50 est id\u00e9ale pour la p\u00eache, il utilise les derni\u00e8res technologies invent\u00e9es. [&hellip;]<\/p>\n","protected":false},"author":2,"featured_media":0,"parent":844,"menu_order":0,"comment_status":"open","ping_status":"open","template":"","meta":{"_et_pb_use_builder":"on","_et_pb_old_content":"","_et_gb_content_width":"","footnotes":""},"class_list":["post-858","page","type-page","status-publish","hentry"],"_links":{"self":[{"href":"https:\/\/cleopatra.is\/fr\/wp-json\/wp\/v2\/pages\/858","targetHints":{"allow":["GET"]}}],"collection":[{"href":"https:\/\/cleopatra.is\/fr\/wp-json\/wp\/v2\/pages"}],"about":[{"href":"https:\/\/cleopatra.is\/fr\/wp-json\/wp\/v2\/types\/page"}],"author":[{"embeddable":true,"href":"https:\/\/cleopatra.is\/fr\/wp-json\/wp\/v2\/users\/2"}],"replies":[{"embeddable":true,"href":"https:\/\/cleopatra.is\/fr\/wp-json\/wp\/v2\/comments?post=858"}],"version-history":[{"count":0,"href":"https:\/\/cleopatra.is\/fr\/wp-json\/wp\/v2\/pages\/858\/revisions"}],"up":[{"embeddable":true,"href":"https:\/\/cleopatra.is\/fr\/wp-json\/wp\/v2\/pages\/844"}],"wp:attachment":[{"href":"https:\/\/cleopatra.is\/fr\/wp-json\/wp\/v2\/media?parent=858"}],"curies":[{"name":"wp","href":"https:\/\/api.w.org\/{rel}","templated":true}]}}