{"id":856,"date":"2015-07-08T15:17:44","date_gmt":"2015-07-08T15:17:44","guid":{"rendered":"https:\/\/nytt.cleopatra.is\/fr\/?page_id=856"},"modified":"2024-04-02T22:40:55","modified_gmt":"2024-04-02T22:40:55","slug":"cleopatra-38","status":"publish","type":"page","link":"https:\/\/cleopatra.is\/fr\/peche-pro\/cleopatra-38\/","title":{"rendered":"Cleopatra 38"},"content":{"rendered":"<p>[et_pb_section fb_built=\u00a0\u00bb1&Prime; _builder_version=\u00a0\u00bb4.16&Prime; custom_padding=\u00a0\u00bb||4px|||\u00a0\u00bb top_divider_color=\u00a0\u00bb#d30300&Prime; locked=\u00a0\u00bboff\u00a0\u00bb global_colors_info=\u00a0\u00bb{}\u00a0\u00bb][et_pb_row _builder_version=\u00a0\u00bb4.16&Prime; custom_padding=\u00a0\u00bb3px|0px|4px|0px|false|false\u00a0\u00bb global_colors_info=\u00a0\u00bb{}\u00a0\u00bb][et_pb_column type=\u00a0\u00bb4_4&Prime; _builder_version=\u00a0\u00bb4.16&Prime; custom_padding=\u00a0\u00bb|||\u00a0\u00bb global_colors_info=\u00a0\u00bb{}\u00a0\u00bb custom_padding__hover=\u00a0\u00bb|||\u00a0\u00bb][et_pb_image src=\u00a0\u00bbhttps:\/\/cleopatra.is\/wp-content\/uploads\/2019\/04\/c38logo.png\u00a0\u00bb align_tablet=\u00a0\u00bbcenter\u00a0\u00bb align_phone=\u00a0\u00bb\u00a0\u00bb align_last_edited=\u00a0\u00bbon|desktop\u00a0\u00bb _builder_version=\u00a0\u00bb4.16&Prime; transform_scale=\u00a0\u00bb47%|47%\u00a0\u00bb transform_translate=\u00a0\u00bb-8px|58px\u00a0\u00bb animation_style=\u00a0\u00bbfade\u00a0\u00bb global_colors_info=\u00a0\u00bb{}\u00a0\u00bb][\/et_pb_image][\/et_pb_column][\/et_pb_row][et_pb_row column_structure=\u00a0\u00bb1_5,3_5,1_5&Prime; _builder_version=\u00a0\u00bb4.16&Prime; global_colors_info=\u00a0\u00bb{}\u00a0\u00bb][et_pb_column type=\u00a0\u00bb1_5&Prime; _builder_version=\u00a0\u00bb4.16&Prime; custom_padding=\u00a0\u00bb|||\u00a0\u00bb global_colors_info=\u00a0\u00bb{}\u00a0\u00bb custom_padding__hover=\u00a0\u00bb|||\u00a0\u00bb][\/et_pb_column][et_pb_column type=\u00a0\u00bb3_5&Prime; _builder_version=\u00a0\u00bb4.16&Prime; custom_padding=\u00a0\u00bb|||\u00a0\u00bb global_colors_info=\u00a0\u00bb{}\u00a0\u00bb custom_padding__hover=\u00a0\u00bb|||\u00a0\u00bb][et_pb_text admin_label=\u00a0\u00bbText\u00a0\u00bb _builder_version=\u00a0\u00bb4.16&Prime; background_size=\u00a0\u00bbinitial\u00a0\u00bb background_position=\u00a0\u00bbtop_left\u00a0\u00bb background_repeat=\u00a0\u00bbrepeat\u00a0\u00bb custom_padding=\u00a0\u00bb0px|||||\u00a0\u00bb use_border_color=\u00a0\u00bboff\u00a0\u00bb border_color=\u00a0\u00bb#ffffff\u00a0\u00bb border_style=\u00a0\u00bbsolid\u00a0\u00bb global_colors_info=\u00a0\u00bb{}\u00a0\u00bb]<\/p>\n<h4 style=\"text-align: center;\"><strong>Rapide, de grande capacit\u00e9 et de qualit\u00e9 ! Le Cleopatra 38 fait partis des meilleurs bateaux dans sa cat\u00e9gorie<\/strong><\/h4>\n<p>[\/et_pb_text][\/et_pb_column][et_pb_column type=\u00a0\u00bb1_5&Prime; _builder_version=\u00a0\u00bb4.16&Prime; custom_padding=\u00a0\u00bb|||\u00a0\u00bb global_colors_info=\u00a0\u00bb{}\u00a0\u00bb custom_padding__hover=\u00a0\u00bb|||\u00a0\u00bb][\/et_pb_column][\/et_pb_row][et_pb_row column_structure=\u00a0\u00bb1_2,1_2&Prime; make_equal=\u00a0\u00bbon\u00a0\u00bb _builder_version=\u00a0\u00bb4.16&Prime; custom_padding=\u00a0\u00bb40px|0px|39px|0px|false|false\u00a0\u00bb global_colors_info=\u00a0\u00bb{}\u00a0\u00bb][et_pb_column type=\u00a0\u00bb1_2&Prime; _builder_version=\u00a0\u00bb4.16&Prime; custom_padding=\u00a0\u00bb|||\u00a0\u00bb global_colors_info=\u00a0\u00bb{}\u00a0\u00bb custom_padding__hover=\u00a0\u00bb|||\u00a0\u00bb][et_pb_text admin_label=\u00a0\u00bbText\u00a0\u00bb _builder_version=\u00a0\u00bb4.16&Prime; background_size=\u00a0\u00bbinitial\u00a0\u00bb background_position=\u00a0\u00bbtop_left\u00a0\u00bb background_repeat=\u00a0\u00bbrepeat\u00a0\u00bb use_border_color=\u00a0\u00bboff\u00a0\u00bb border_color=\u00a0\u00bb#ffffff\u00a0\u00bb border_style=\u00a0\u00bbsolid\u00a0\u00bb global_colors_info=\u00a0\u00bb{}\u00a0\u00bb]Le Cleopatra 38 est un bateau dot\u00e9 d\u2019une tr\u00e8s bonne vitesse de pointe, il permet un travail de qualit\u00e9 puisqu\u2019il a \u00e9tait sp\u00e9cialement con\u00e7u pour r\u00e9pondre aux attentes des p\u00eacheurs professionnels qui travaillent dans les conditions difficile du nord de l\u2019oc\u00e9an atlantique. Comme son petit fr\u00e8re, il est construit selon le r\u00e8glement standard des normes fran\u00e7aises. Il est stable, confortable, rapide, et il embarque une importante capacit\u00e9 de stockage, ainsi qu\u2019une tr\u00e8s bonne navigabilit\u00e9.<\/p>\n<p>En mati\u00e8re d\u2019\u00e9quipements de p\u00eache, le bateau est \u00e9quip\u00e9 des derni\u00e8res technologies, il peut embarquer des filets, des casiers \u2026 . Il est possible aussi, si n\u00e9cessaire, de r\u00e9aliser des extensions ou des adaptations sur le pont.[\/et_pb_text][\/et_pb_column][et_pb_column type=\u00a0\u00bb1_2&Prime; _builder_version=\u00a0\u00bb4.16&Prime; custom_padding=\u00a0\u00bb0px|25px|0px|\u00a0\u00bb global_colors_info=\u00a0\u00bb{}\u00a0\u00bb custom_padding__hover=\u00a0\u00bb|||\u00a0\u00bb][et_pb_image src=\u00a0\u00bbhttps:\/\/cleopatra.is\/wp-content\/uploads\/2015\/07\/cleo38.jpg\u00a0\u00bb force_fullwidth=\u00a0\u00bbon\u00a0\u00bb align_tablet=\u00a0\u00bbcenter\u00a0\u00bb align_phone=\u00a0\u00bb\u00a0\u00bb align_last_edited=\u00a0\u00bbon|desktop\u00a0\u00bb admin_label=\u00a0\u00bbImage\u00a0\u00bb _builder_version=\u00a0\u00bb4.16&Prime; custom_margin=\u00a0\u00bb0px||\u00a0\u00bb animation_style=\u00a0\u00bbslide\u00a0\u00bb animation_direction=\u00a0\u00bbleft\u00a0\u00bb animation_duration=\u00a0\u00bb500ms\u00a0\u00bb animation_intensity_slide=\u00a0\u00bb10%\u00a0\u00bb animation=\u00a0\u00bbleft\u00a0\u00bb sticky=\u00a0\u00bboff\u00a0\u00bb use_border_color=\u00a0\u00bboff\u00a0\u00bb border_color=\u00a0\u00bb#ffffff\u00a0\u00bb border_style=\u00a0\u00bbsolid\u00a0\u00bb global_colors_info=\u00a0\u00bb{}\u00a0\u00bb][\/et_pb_image][\/et_pb_column][\/et_pb_row][et_pb_row column_structure=\u00a0\u00bb1_2,1_2&Prime; _builder_version=\u00a0\u00bb4.16&Prime; background_size=\u00a0\u00bbinitial\u00a0\u00bb background_position=\u00a0\u00bbtop_left\u00a0\u00bb background_repeat=\u00a0\u00bbrepeat\u00a0\u00bb custom_padding=\u00a0\u00bb0|0px|40px|0px|false|false\u00a0\u00bb global_colors_info=\u00a0\u00bb{}\u00a0\u00bb][et_pb_column type=\u00a0\u00bb1_2&Prime; _builder_version=\u00a0\u00bb4.16&Prime; custom_padding=\u00a0\u00bb|||\u00a0\u00bb global_colors_info=\u00a0\u00bb{}\u00a0\u00bb custom_padding__hover=\u00a0\u00bb|||\u00a0\u00bb][et_pb_image src=\u00a0\u00bbhttps:\/\/cleopatra.is\/wp-content\/uploads\/2015\/07\/Ccleo38-20.jpg\u00a0\u00bb force_fullwidth=\u00a0\u00bbon\u00a0\u00bb align_tablet=\u00a0\u00bbcenter\u00a0\u00bb align_phone=\u00a0\u00bb\u00a0\u00bb align_last_edited=\u00a0\u00bbon|desktop\u00a0\u00bb disabled_on=\u00a0\u00bbon|on|off\u00a0\u00bb admin_label=\u00a0\u00bbImage\u00a0\u00bb _builder_version=\u00a0\u00bb4.16&Prime; animation_style=\u00a0\u00bbslide\u00a0\u00bb animation_direction=\u00a0\u00bbleft\u00a0\u00bb animation_duration=\u00a0\u00bb500ms\u00a0\u00bb animation_intensity_slide=\u00a0\u00bb10%\u00a0\u00bb animation=\u00a0\u00bbleft\u00a0\u00bb sticky=\u00a0\u00bboff\u00a0\u00bb use_border_color=\u00a0\u00bboff\u00a0\u00bb border_color=\u00a0\u00bb#ffffff\u00a0\u00bb border_style=\u00a0\u00bbsolid\u00a0\u00bb global_colors_info=\u00a0\u00bb{}\u00a0\u00bb][\/et_pb_image][\/et_pb_column][et_pb_column type=\u00a0\u00bb1_2&Prime; _builder_version=\u00a0\u00bb4.16&Prime; custom_padding=\u00a0\u00bb|||\u00a0\u00bb global_colors_info=\u00a0\u00bb{}\u00a0\u00bb custom_padding__hover=\u00a0\u00bb|||\u00a0\u00bb][et_pb_text admin_label=\u00a0\u00bbText\u00a0\u00bb _builder_version=\u00a0\u00bb4.16&Prime; background_size=\u00a0\u00bbinitial\u00a0\u00bb background_position=\u00a0\u00bbtop_left\u00a0\u00bb background_repeat=\u00a0\u00bbrepeat\u00a0\u00bb use_border_color=\u00a0\u00bboff\u00a0\u00bb border_color=\u00a0\u00bb#ffffff\u00a0\u00bb border_style=\u00a0\u00bbsolid\u00a0\u00bb global_colors_info=\u00a0\u00bb{}\u00a0\u00bb]Le Cleopatra 38 est la Rolls Royce des bateaux de p\u00eaches, il fait partis des bateaux qui se d\u00e9brouille le mieux dans sa classe. Munis d\u2019une cale de stockage de 18 m\u00b3, ce bateau est fait pour les p\u00eacheurs qui ont besoins d\u2019espace et de confort pour p\u00eacher, ainsi que pour ceux qui reste plus d\u2019une journ\u00e9e en mer.<\/p>\n<p>Le pont suit le m\u00eame concept que celui de son petit fr\u00e8re, m\u00eame si il est plus petit par rapport au fait qu\u2019il y a une plus grande chambre qui peut accueillir au maximum quatre personnes et une table.<\/p>\n<p>La disposition de ce bateau est donc unique, le Cleopatra 38 est extr\u00eamement polyvalent et peut \u00eatre utilis\u00e9 pour beaucoup d\u2019autres applications, par exemple pour la p\u00eache \u00e0 la ligne, la plong\u00e9e, le transport de passagers \u2026.<\/p>\n<p>Le Cleopatra 38 est un vrai cheval de trois, il est l\u2019un des meilleurs investissements que vous pouvez faire.[\/et_pb_text][\/et_pb_column][\/et_pb_row][\/et_pb_section][et_pb_section fb_built=\u00a0\u00bb1&Prime; module_class=\u00a0\u00bbgrayfix\u00a0\u00bb _builder_version=\u00a0\u00bb4.16&Prime; custom_padding=\u00a0\u00bb22px|0px|19px|0px|false|false\u00a0\u00bb top_divider_color=\u00a0\u00bb#8300e9&Prime; bottom_divider_style=\u00a0\u00bbcurve\u00a0\u00bb bottom_divider_color=\u00a0\u00bbrgba(0,0,0,0.1)\u00a0\u00bb locked=\u00a0\u00bboff\u00a0\u00bb global_colors_info=\u00a0\u00bb{}\u00a0\u00bb][et_pb_row _builder_version=\u00a0\u00bb4.16&Prime; custom_padding=\u00a0\u00bb40px|0px|80px|0px|false|false\u00a0\u00bb global_colors_info=\u00a0\u00bb{}\u00a0\u00bb][et_pb_column type=\u00a0\u00bb4_4&Prime; _builder_version=\u00a0\u00bb4.16&Prime; custom_padding=\u00a0\u00bb|||\u00a0\u00bb global_colors_info=\u00a0\u00bb{}\u00a0\u00bb custom_padding__hover=\u00a0\u00bb|||\u00a0\u00bb][et_pb_text _builder_version=\u00a0\u00bb4.16&Prime; text_font=\u00a0\u00bb||||||||\u00a0\u00bb text_text_color=\u00a0\u00bb#e02b20&Prime; header_font=\u00a0\u00bb||||||||\u00a0\u00bb inline_fonts=\u00a0\u00bbAcme,Actor\u00a0\u00bb global_colors_info=\u00a0\u00bb{}\u00a0\u00bb]<\/p>\n<p style=\"text-align: center;\"><span style=\"font-size: x-large; font-family: Actor; font-weight: normal; color: #e02b20;\"><em><i>Votre bateau Cleopatra, fiabilit\u00e9, cl\u00e9 en mains !<\/i><\/em><\/span><\/p>\n<p>[\/et_pb_text][\/et_pb_column][\/et_pb_row][\/et_pb_section][et_pb_section fb_built=\u00a0\u00bb1&Prime; module_class=\u00a0\u00bbgrayfix\u00a0\u00bb _builder_version=\u00a0\u00bb4.16&Prime; background_color=\u00a0\u00bbrgba(0,0,0,0.1)\u00a0\u00bb custom_padding=\u00a0\u00bb||39px|||\u00a0\u00bb locked=\u00a0\u00bboff\u00a0\u00bb global_colors_info=\u00a0\u00bb{}\u00a0\u00bb][et_pb_row _builder_version=\u00a0\u00bb4.16&Prime; global_colors_info=\u00a0\u00bb{}\u00a0\u00bb][et_pb_column type=\u00a0\u00bb4_4&Prime; _builder_version=\u00a0\u00bb4.16&Prime; custom_padding=\u00a0\u00bb|||\u00a0\u00bb global_colors_info=\u00a0\u00bb{}\u00a0\u00bb custom_padding__hover=\u00a0\u00bb|||\u00a0\u00bb][et_pb_tabs admin_label=\u00a0\u00bbTabs\u00a0\u00bb _builder_version=\u00a0\u00bb4.22.2&Prime; background_size=\u00a0\u00bbinitial\u00a0\u00bb background_position=\u00a0\u00bbtop_left\u00a0\u00bb background_repeat=\u00a0\u00bbrepeat\u00a0\u00bb hover_enabled=\u00a0\u00bb0&Prime; use_border_color=\u00a0\u00bboff\u00a0\u00bb border_color=\u00a0\u00bb#ffffff\u00a0\u00bb border_style=\u00a0\u00bbsolid\u00a0\u00bb global_colors_info=\u00a0\u00bb{}\u00a0\u00bb sticky_enabled=\u00a0\u00bb0&Prime;][et_pb_tab title=\u00a0\u00bbCaract\u00e9ristiques principales\u00a0\u00bb _builder_version=\u00a0\u00bb4.16&Prime; background_size=\u00a0\u00bbinitial\u00a0\u00bb background_position=\u00a0\u00bbtop_left\u00a0\u00bb background_repeat=\u00a0\u00bbrepeat\u00a0\u00bb global_colors_info=\u00a0\u00bb{}\u00a0\u00bb]<\/p>\n<div class=\"specs\">\n<p><strong>CONSTRUCTION<\/strong><br \/>\nPolyester renforc\u00e9 de fibres de verre textile (P.R.V.T.) pos\u00e9 main.<br \/>\nGel-coat isophtalique et r\u00e9sine de polyester.<br \/>\nPont en bois de balsa stratifi\u00e9 recto\/verso.<br \/>\nCadres et renforts en contre-plaqu\u00e9 stratifi\u00e9.<\/p>\n<p><strong>DISPOSITION<\/strong><br \/>\nTrois compartiment \u00e9tanches : salle des machines, cabine \/ timonerie, cale \u00e0 poissons.<br \/>\nCabine avant spacieuse avec coin cuisine.<br \/>\nGrande cale \u00e0 poissons pour bacs \u00e0 poissons.<br \/>\nMoteur(s) diesel mont\u00e9(s) \u00e0 l\u2019arri\u00e8re.<\/p>\n<p><strong>AM\u00c9NAGEMENTS<\/strong><br \/>\nInt\u00e9rieur en Teck.<br \/>\nTrois grandes couchettes.<br \/>\nCoin cuisine avec \u00e9vier et cuisini\u00e8re \u00e0 gaz.<br \/>\nWC \u00e0 eau.<\/p>\n<p><strong>COMPOSANTS<\/strong><br \/>\nDouble commande moteur : pont et timonerie.<br \/>\nParc de batteries.<br \/>\nEssuie-glaces.<br \/>\nDirection hydraulique.<br \/>\nMain-courante de s\u00e9curit\u00e9.<br \/>\nRadio transmetteur VHF.<br \/>\nRadio\/ lecteur de cassette.<br \/>\nBoussole.<br \/>\nStabilisateurs (flaps) maniables ind\u00e9pendants.<br \/>\nPompes d\u2019ass\u00e8chement automatique et manuel.<\/p>\n<\/div>\n<div class=\"specs\"><strong>OPTIONS<\/strong><br \/>\nConnexion portuaire 230V.<br \/>\nFour \u00e0 micro-ondes.<br \/>\nMachine \u00e0 caf\u00e9.<br \/>\nR\u00e9frig\u00e9rateur.<br \/>\nT\u00e9l\u00e9vision \/ DVD.<br \/>\nQuatri\u00e8me couchette.<br \/>\nAir conditionn\u00e9.<br \/>\nFen\u00eatres chauff\u00e9es.<br \/>\nChauffage diesel.<br \/>\nChauffage d\u2019eau.<br \/>\nPilote automatique.<br \/>\nGPS (Traceur sur cartes marines).<br \/>\nPC-Ordinateur.<br \/>\nSonde sous marine.<br \/>\nGMDSS.<br \/>\nInverseur \/ Chargeur de batterie.<br \/>\nLecteur CD.<br \/>\nLavage pont.<br \/>\nProjecteur.<br \/>\nGroupe \u00e9lectrog\u00e8ne.<br \/>\nPropulseur d\u2019\u00e9trave.<i>*Autres \u00e9quipements sur demande<\/i><\/div>\n<div class=\"specs\">\n<p><strong>EQUIPEMENTS DE S\u00c9CURIT\u00c9<\/strong><br \/>\nRadeaux de sauvetage avec \u00e9quipement de s\u00e9curit\u00e9.<br \/>\nBou\u00e9e de sauvetage.<br \/>\nBarre de s\u00e9curit\u00e9.<br \/>\nEscalier de s\u00e9curit\u00e9 pour une entr\u00e9 facile.<br \/>\nExtincteur automatique.<br \/>\nExtincteur manuel.<br \/>\nAncres et cha\u00eenes.<br \/>\nFeux de navigation.<br \/>\nSyst\u00e8me d\u2019alarme.<\/p>\n<p><strong>EQUIPEMENT DE P\u00caCHE<\/strong><br \/>\nSyst\u00e8me automatique de palangre : palangre\/long-line, coupeur d\u2019app\u00e2t.<br \/>\nRouleaux \/ dandinement.<br \/>\nFilet \/ Tr\u00e9mail.<br \/>\nPalangre Thoniers.<br \/>\nCasier.<\/p>\n<p><em><i>*Autres \u00e9quipements de p\u00eache sur demande.<\/i><\/em><\/p>\n<\/div>\n<p>[\/et_pb_tab][et_pb_tab title=\u00a0\u00bbSp\u00e9cifications\u00a0\u00bb _builder_version=\u00a0\u00bb4.22.2&Prime; background_size=\u00a0\u00bbinitial\u00a0\u00bb background_position=\u00a0\u00bbtop_left\u00a0\u00bb background_repeat=\u00a0\u00bbrepeat\u00a0\u00bb hover_enabled=\u00a0\u00bb0&Prime; global_colors_info=\u00a0\u00bb{}\u00a0\u00bb sticky_enabled=\u00a0\u00bb0&Prime;]<\/p>\n<div class=\"et_pb_tab_content\">\n<div class=\"specs\">\n<dt>Longueur Coque(hull)<\/dt>\n<dd>11.3m (37\u2019 1\u2019\u2019)<\/dd>\n<dt>Longueur Coque with platform *<\/dt>\n<dd>11.9m (39\u2019 1\u2019\u2019)<\/dd>\n<dt>Largeur<\/dt>\n<dd>3.8m (12\u2019 6\u2019\u2019)<\/dd>\n<dt>Creux au milieu<\/dt>\n<dd>1.5m (4\u2019 11\u2019\u2019)<\/dd>\n<dt>Tirant d\u2019eau<\/dt>\n<dd>1.1m (3\u2019 7\u2019\u2019)<\/dd>\n<dt>Surface de travail sur le pont<\/dt>\n<dd>21.7m2 (234 ft2 )<\/dd>\n<dt>R\u00e9servoir gazole<\/dt>\n<dd>2 x 1000 litre (529 US gall.)<\/dd>\n<dt>R\u00e9servoir d\u2019eau<\/dt>\n<dd>120 litre (32 US gall.)<\/dd>\n<dt>Volume cale \u00e0 poissons<\/dt>\n<dd>13.5m3 (483 ft3 )<\/dd>\n<\/div>\n<div class=\"specs\">\n<dt>Moteur **<\/dt>\n<dd><span class=\"specs_one\">Caterpillar C9.3<\/span> <span class=\"specs_two\">483hp\/2300rpm<\/span> <span class=\"specs_three\">9.3L<\/span><\/dd>\n<dd><span class=\"specs_one\">Caterpillar C12<\/span> <span class=\"specs_two\">578hp\/2300rpm<\/span> <span class=\"specs_three\">12L<\/span><\/dd>\n<dd><span class=\"specs_one\">Cummins QSC8.3<\/span> <span class=\"specs_two\">493hp\/2600rpm<\/span> <span class=\"specs_three\">8.3L<\/span><\/dd>\n<dd><span class=\"specs_one\">Cummins QSM11<\/span> <span class=\"specs_two\">602hp\/2300rpm<\/span> <span class=\"specs_three\">10.8L<\/span><\/dd>\n<dd><span class=\"specs_one\">Doosan LO126TI<\/span> <span class=\"specs_two\">400hp\/2100rpm<\/span> <span class=\"specs_three\">11.1L<\/span><\/dd>\n<dd><span class=\"specs_one\">Doosan 4V158TIM<\/span> <span class=\"specs_two\">600hp\/2100rpm<\/span> <span class=\"specs_three\">14.6L<\/span><\/dd>\n<dd><span class=\"specs_one\">FPT (Iveco) C90 380<\/span> <span class=\"specs_two\">410hp\/2000rpm<\/span> <span class=\"specs_three\">8.7L<\/span><\/dd>\n<dd><span class=\"specs_one\">FPT (Iveco) C16 600<\/span> <span class=\"specs_two\">600hp\/1800rpm<\/span> <span class=\"specs_three\">15.9L<\/span><\/dd>\n<dd><span class=\"specs_one\">Scania D13<\/span> <span class=\"specs_two\">600hp\/2100rpm<\/span> <span class=\"specs_three\">12.7L<\/span><\/dd>\n<dd><span class=\"specs_one\">Volvo Penta D9<\/span> <span class=\"specs_two\">500hp\/2600rpm<\/span> <span class=\"specs_three\">9.4L<\/span><\/dd>\n<dd><span class=\"specs_one\">Volvo Penta D13<\/span> <span class=\"specs_two\">700hp\/2300rpm<\/span> <span class=\"specs_three\">12.8L<\/span><\/dd>\n<dd><span class=\"specs_one\">Yanmar 6HYM-ETE<\/span> <span class=\"specs_two\">700hp\/220rpm<\/span> <span class=\"specs_three\">13.7L<\/span><\/dd>\n<dt>Deux moteurs **:<\/dt>\n<dd><span class=\"specs_one\">2 x FTP (Iveco) N67 450<\/span> <span class=\"specs_two\">2 x 370hp\/3000rpm<\/span> <span class=\"specs_three\">6.7L<\/span><\/dd>\n<dd><span class=\"specs_one\">Volvo Penta IPS 450<\/span> <span class=\"specs_two\">2 x 330hp\/3500rpm<\/span> <span class=\"specs_three\">5.5L<\/span><\/dd>\n<\/div>\n<div class=\"specs\">\n<dt>Bo\u00eete \u00e0 vitesse<\/dt>\n<dd><span class=\"specs_one\">ZF<\/span> <span class=\"specs_two\">325IV<\/span> <span class=\"specs_three\">2.03:1<\/span><\/dd>\n<dd><span class=\"specs_one\">ZF<\/span> <span class=\"specs_two\">286IV<\/span> <span class=\"specs_three\">2.01:1<\/span><\/dd>\n<dd><span class=\"specs_one\">2 x<\/span> <span class=\"specs_two\">ZF80IV<\/span> <span class=\"specs_three\">2.01:1<\/span><\/dd>\n<dt>Propulsion<\/dt>\n<dd>H\u00e9lices \u00e0 4 pales<\/dd>\n<dt>Vitesse maximale<\/dt>\n<dd>18 \u2013&nbsp;37 n\u0153uds<\/dd>\n<dt>Vitesse de croisi\u00e8re<\/dt>\n<dd>12 \u2013 22 n\u0153uds<\/dd>\n<dt>Autonomie de croisi\u00e8re<\/dt>\n<dd>400 nm<\/dd>\n<p><i>* &nbsp;&nbsp;&nbsp;Platform is an option<br \/>\n**&nbsp; Other Moteurs upon request.<\/i>\n<\/p>\n<\/div>\n<\/div>\n<p>[\/et_pb_tab][et_pb_tab title=\u00a0\u00bbApplications \u00e0 la p\u00eache\u00a0\u00bb _builder_version=\u00a0\u00bb4.16&Prime; background_size=\u00a0\u00bbinitial\u00a0\u00bb background_position=\u00a0\u00bbtop_left\u00a0\u00bb background_repeat=\u00a0\u00bbrepeat\u00a0\u00bb global_colors_info=\u00a0\u00bb{}\u00a0\u00bb]Palangres<br \/>\nFilets<br \/>\nRouleaux<br \/>\nCasiers<br \/>\nPalangres Thoniers[\/et_pb_tab][\/et_pb_tabs][\/et_pb_column][\/et_pb_row][\/et_pb_section][et_pb_section fb_built=\u00a0\u00bb1&Prime; _builder_version=\u00a0\u00bb4.16&Prime; global_colors_info=\u00a0\u00bb{}\u00a0\u00bb][et_pb_row _builder_version=\u00a0\u00bb4.16&Prime; background_size=\u00a0\u00bbinitial\u00a0\u00bb background_position=\u00a0\u00bbtop_left\u00a0\u00bb background_repeat=\u00a0\u00bbrepeat\u00a0\u00bb global_colors_info=\u00a0\u00bb{}\u00a0\u00bb][et_pb_column type=\u00a0\u00bb4_4&Prime; _builder_version=\u00a0\u00bb4.16&Prime; custom_padding=\u00a0\u00bb|||\u00a0\u00bb global_colors_info=\u00a0\u00bb{}\u00a0\u00bb custom_padding__hover=\u00a0\u00bb|||\u00a0\u00bb][et_pb_gallery gallery_ids=\u00a0\u00bb327,328,329,330,331,332,333,334,335,336,337,338,339,340,341,342,343,344,345,346,347,348,349,350,351,352,353,354,355,356,357,358,359,360,361,362,363,364,365,366,367,368,369,370&Prime; posts_number=\u00a0\u00bb99&Prime; show_title_and_caption=\u00a0\u00bboff\u00a0\u00bb show_pagination=\u00a0\u00bboff\u00a0\u00bb admin_label=\u00a0\u00bbGallery\u00a0\u00bb _builder_version=\u00a0\u00bb4.16&Prime; use_border_color=\u00a0\u00bboff\u00a0\u00bb border_color=\u00a0\u00bb#ffffff\u00a0\u00bb border_style=\u00a0\u00bbsolid\u00a0\u00bb global_colors_info=\u00a0\u00bb{}\u00a0\u00bb][\/et_pb_gallery][\/et_pb_column][\/et_pb_row][\/et_pb_section]<\/p>\n","protected":false},"excerpt":{"rendered":"<p>Rapide, de grande capacit\u00e9 et de qualit\u00e9 ! Le Cleopatra 38 fait partis des meilleurs bateaux dans sa cat\u00e9gorieLe Cleopatra 38 est un bateau dot\u00e9 d\u2019une tr\u00e8s bonne vitesse de pointe, il permet un travail de qualit\u00e9 puisqu\u2019il a \u00e9tait sp\u00e9cialement con\u00e7u pour r\u00e9pondre aux attentes des p\u00eacheurs professionnels qui travaillent dans les conditions difficile [&hellip;]<\/p>\n","protected":false},"author":2,"featured_media":0,"parent":844,"menu_order":0,"comment_status":"open","ping_status":"open","template":"","meta":{"_et_pb_use_builder":"on","_et_pb_old_content":"","_et_gb_content_width":"","footnotes":""},"class_list":["post-856","page","type-page","status-publish","hentry"],"_links":{"self":[{"href":"https:\/\/cleopatra.is\/fr\/wp-json\/wp\/v2\/pages\/856","targetHints":{"allow":["GET"]}}],"collection":[{"href":"https:\/\/cleopatra.is\/fr\/wp-json\/wp\/v2\/pages"}],"about":[{"href":"https:\/\/cleopatra.is\/fr\/wp-json\/wp\/v2\/types\/page"}],"author":[{"embeddable":true,"href":"https:\/\/cleopatra.is\/fr\/wp-json\/wp\/v2\/users\/2"}],"replies":[{"embeddable":true,"href":"https:\/\/cleopatra.is\/fr\/wp-json\/wp\/v2\/comments?post=856"}],"version-history":[{"count":1,"href":"https:\/\/cleopatra.is\/fr\/wp-json\/wp\/v2\/pages\/856\/revisions"}],"predecessor-version":[{"id":15756,"href":"https:\/\/cleopatra.is\/fr\/wp-json\/wp\/v2\/pages\/856\/revisions\/15756"}],"up":[{"embeddable":true,"href":"https:\/\/cleopatra.is\/fr\/wp-json\/wp\/v2\/pages\/844"}],"wp:attachment":[{"href":"https:\/\/cleopatra.is\/fr\/wp-json\/wp\/v2\/media?parent=856"}],"curies":[{"name":"wp","href":"https:\/\/api.w.org\/{rel}","templated":true}]}}