{"id":852,"date":"2015-07-08T15:13:17","date_gmt":"2015-07-08T15:13:17","guid":{"rendered":"https:\/\/nytt.cleopatra.is\/fr\/?page_id=852"},"modified":"2020-02-21T13:42:52","modified_gmt":"2020-02-21T13:42:52","slug":"cleopatra-31","status":"publish","type":"page","link":"https:\/\/cleopatra.is\/fr\/peche-pro\/cleopatra-31\/","title":{"rendered":"Cleopatra 31"},"content":{"rendered":"<p>[et_pb_section fb_built=\u00a0\u00bb1&Prime; _builder_version=\u00a0\u00bb3.27.3&Prime; custom_padding=\u00a0\u00bb||4px|||\u00a0\u00bb top_divider_color=\u00a0\u00bb#d30300&Prime; locked=\u00a0\u00bboff\u00a0\u00bb][et_pb_row _builder_version=\u00a0\u00bb3.25&Prime; custom_padding=\u00a0\u00bb3px|0px|4px|0px|false|false\u00a0\u00bb][et_pb_column type=\u00a0\u00bb4_4&Prime; _builder_version=\u00a0\u00bb3.25&Prime; custom_padding=\u00a0\u00bb|||\u00a0\u00bb custom_padding__hover=\u00a0\u00bb|||\u00a0\u00bb][et_pb_image src=\u00a0\u00bbhttps:\/\/cleopatra.is\/wp-content\/uploads\/2019\/08\/c31logo.png\u00a0\u00bb align_tablet=\u00a0\u00bbcenter\u00a0\u00bb align_phone=\u00a0\u00bb\u00a0\u00bb align_last_edited=\u00a0\u00bbon|desktop\u00a0\u00bb _builder_version=\u00a0\u00bb3.27.3&Prime; transform_scale=\u00a0\u00bb47%|47%\u00a0\u00bb transform_translate=\u00a0\u00bb-8px|58px\u00a0\u00bb animation_style=\u00a0\u00bbfade\u00a0\u00bb][\/et_pb_image][\/et_pb_column][\/et_pb_row][et_pb_row column_structure=\u00a0\u00bb1_5,3_5,1_5&Prime; _builder_version=\u00a0\u00bb3.25&Prime;][et_pb_column type=\u00a0\u00bb1_5&Prime; _builder_version=\u00a0\u00bb3.25&Prime; custom_padding=\u00a0\u00bb|||\u00a0\u00bb custom_padding__hover=\u00a0\u00bb|||\u00a0\u00bb][\/et_pb_column][et_pb_column type=\u00a0\u00bb3_5&Prime; _builder_version=\u00a0\u00bb3.25&Prime; custom_padding=\u00a0\u00bb|||\u00a0\u00bb custom_padding__hover=\u00a0\u00bb|||\u00a0\u00bb][et_pb_text admin_label=\u00a0\u00bbText\u00a0\u00bb _builder_version=\u00a0\u00bb3.27.4&Prime; background_size=\u00a0\u00bbinitial\u00a0\u00bb background_position=\u00a0\u00bbtop_left\u00a0\u00bb background_repeat=\u00a0\u00bbrepeat\u00a0\u00bb custom_padding=\u00a0\u00bb0px|||||\u00a0\u00bb use_border_color=\u00a0\u00bboff\u00a0\u00bb border_color=\u00a0\u00bb#ffffff\u00a0\u00bb border_style=\u00a0\u00bbsolid\u00a0\u00bb]<\/p>\n<h4 style=\"text-align: center;\"><b>\u00a0<\/b><\/h4>\n<p>[\/et_pb_text][\/et_pb_column][et_pb_column type=\u00a0\u00bb1_5&Prime; _builder_version=\u00a0\u00bb3.25&Prime; custom_padding=\u00a0\u00bb|||\u00a0\u00bb custom_padding__hover=\u00a0\u00bb|||\u00a0\u00bb][\/et_pb_column][\/et_pb_row][et_pb_row column_structure=\u00a0\u00bb1_2,1_2&Prime; make_equal=\u00a0\u00bbon\u00a0\u00bb _builder_version=\u00a0\u00bb3.25&Prime; custom_padding=\u00a0\u00bb40px|0px|39px|0px|false|false\u00a0\u00bb][et_pb_column type=\u00a0\u00bb1_2&Prime; _builder_version=\u00a0\u00bb3.25&Prime; custom_padding=\u00a0\u00bb|||\u00a0\u00bb custom_padding__hover=\u00a0\u00bb|||\u00a0\u00bb][et_pb_text admin_label=\u00a0\u00bbText\u00a0\u00bb _builder_version=\u00a0\u00bb3.27.4&Prime; background_size=\u00a0\u00bbinitial\u00a0\u00bb background_position=\u00a0\u00bbtop_left\u00a0\u00bb background_repeat=\u00a0\u00bbrepeat\u00a0\u00bb use_border_color=\u00a0\u00bboff\u00a0\u00bb border_color=\u00a0\u00bb#ffffff\u00a0\u00bb border_style=\u00a0\u00bbsolid\u00a0\u00bb]<strong>Le Cleopatra Fisherman 31 est v\u00e9ritablement \u201cun loup dans une meute de mouton\u201d, bien qu\u2019il soit un peu plus petit de notre Cleopatra Fisherman 33, il sait conserver toutes ces qualit\u00e9s de performance et de finition. Ses 10 m\u00e8tres cubes de cale \u00e0 poissons, ainsi que la taille de son pont (18m\u00b2) en font un bateau tr\u00e8s attrayant.<\/strong><\/p>\n<p>&nbsp;<\/p>\n<p>&nbsp;<\/p>\n<p>Tout nos bateaux Cleopatra Fisherman sont construit selon les normes les plus strictes, ils sont conformes aux r\u00e9glementations du monde entier, et particuli\u00e8rement aux normes des autorit\u00e9s fran\u00e7aises. Le Cleopatra 31 n\u2019\u00e9chappe \u00e0 la r\u00e8gle. Ce bateau s\u2019ajoute et viens compl\u00e9ter notre gamme avec une utilisation possible pour : la ligne, la palangre, le casier et le charter angling ou tout simplement pour le loisir.[\/et_pb_text][\/et_pb_column][et_pb_column type=\u00a0\u00bb1_2&Prime; _builder_version=\u00a0\u00bb3.25&Prime; custom_padding=\u00a0\u00bb0px|25px|0px|\u00a0\u00bb custom_padding__hover=\u00a0\u00bb|||\u00a0\u00bb][et_pb_image src=\u00a0\u00bbhttps:\/\/cleopatra.is\/wp-content\/uploads\/2015\/07\/Boat_IMG_9272crop.jpg\u00a0\u00bb force_fullwidth=\u00a0\u00bbon\u00a0\u00bb align_tablet=\u00a0\u00bbcenter\u00a0\u00bb align_phone=\u00a0\u00bb\u00a0\u00bb align_last_edited=\u00a0\u00bbon|desktop\u00a0\u00bb admin_label=\u00a0\u00bbImage\u00a0\u00bb _builder_version=\u00a0\u00bb3.27.3&Prime; custom_margin=\u00a0\u00bb0px||\u00a0\u00bb animation_style=\u00a0\u00bbslide\u00a0\u00bb animation_direction=\u00a0\u00bbleft\u00a0\u00bb animation_duration=\u00a0\u00bb500ms\u00a0\u00bb animation_intensity_slide=\u00a0\u00bb10%\u00a0\u00bb animation=\u00a0\u00bbleft\u00a0\u00bb sticky=\u00a0\u00bboff\u00a0\u00bb use_border_color=\u00a0\u00bboff\u00a0\u00bb border_color=\u00a0\u00bb#ffffff\u00a0\u00bb border_style=\u00a0\u00bbsolid\u00a0\u00bb][\/et_pb_image][\/et_pb_column][\/et_pb_row][\/et_pb_section][et_pb_section fb_built=\u00a0\u00bb1&Prime; module_class=\u00a0\u00bbgrayfix\u00a0\u00bb _builder_version=\u00a0\u00bb3.22.7&Prime; custom_padding=\u00a0\u00bb22px|0px|19px|0px|false|false\u00a0\u00bb top_divider_color=\u00a0\u00bb#8300e9&Prime; bottom_divider_style=\u00a0\u00bbcurve\u00a0\u00bb bottom_divider_color=\u00a0\u00bbrgba(0,0,0,0.1)\u00a0\u00bb locked=\u00a0\u00bboff\u00a0\u00bb][et_pb_row _builder_version=\u00a0\u00bb3.25&Prime; custom_padding=\u00a0\u00bb40px|0px|80px|0px|false|false\u00a0\u00bb][et_pb_column type=\u00a0\u00bb4_4&Prime; _builder_version=\u00a0\u00bb3.25&Prime; custom_padding=\u00a0\u00bb|||\u00a0\u00bb custom_padding__hover=\u00a0\u00bb|||\u00a0\u00bb][et_pb_text _builder_version=\u00a0\u00bb3.27.4&Prime; text_font=\u00a0\u00bb||||||||\u00a0\u00bb text_text_color=\u00a0\u00bb#e02b20&Prime; header_font=\u00a0\u00bb||||||||\u00a0\u00bb inline_fonts=\u00a0\u00bbAcme,Actor\u00a0\u00bb]<\/p>\n<p style=\"text-align: center;\"><span style=\"color: #e02b20; font-family: Actor; font-size: x-large;\"><i><span style=\"font-size: x-large; font-family: Actor; font-weight: normal; color: #e02b20;\"><em>Votre bateau Cleopatra, fiabilit\u00e9, cl\u00e9 en mains !<\/em><\/span><\/i><\/span><\/p>\n<p>[\/et_pb_text][\/et_pb_column][\/et_pb_row][\/et_pb_section][et_pb_section fb_built=\u00a0\u00bb1&Prime; module_class=\u00a0\u00bbgrayfix\u00a0\u00bb _builder_version=\u00a0\u00bb3.22.7&Prime; background_color=\u00a0\u00bbrgba(0,0,0,0.1)\u00a0\u00bb custom_padding=\u00a0\u00bb||39px|||\u00a0\u00bb locked=\u00a0\u00bboff\u00a0\u00bb][et_pb_row _builder_version=\u00a0\u00bb3.25&Prime;][et_pb_column type=\u00a0\u00bb4_4&Prime; _builder_version=\u00a0\u00bb3.25&Prime; custom_padding=\u00a0\u00bb|||\u00a0\u00bb custom_padding__hover=\u00a0\u00bb|||\u00a0\u00bb][et_pb_tabs admin_label=\u00a0\u00bbTabs\u00a0\u00bb _builder_version=\u00a0\u00bb4.3.2&Prime; background_size=\u00a0\u00bbinitial\u00a0\u00bb background_position=\u00a0\u00bbtop_left\u00a0\u00bb background_repeat=\u00a0\u00bbrepeat\u00a0\u00bb use_border_color=\u00a0\u00bboff\u00a0\u00bb border_color=\u00a0\u00bb#ffffff\u00a0\u00bb border_style=\u00a0\u00bbsolid\u00a0\u00bb][et_pb_tab title=\u00a0\u00bbCaract\u00e9ristiques principales\u00a0\u00bb _builder_version=\u00a0\u00bb3.27.3&Prime; background_size=\u00a0\u00bbinitial\u00a0\u00bb background_position=\u00a0\u00bbtop_left\u00a0\u00bb background_repeat=\u00a0\u00bbrepeat\u00a0\u00bb]<\/p>\n<div class=\"specs\">\n<p><strong>CONSTRUCTION<\/strong><br \/>\nPolyester renforc\u00e9 de fibres de verre textile (P.R.V.T.) pos\u00e9 main.<br \/>\nGel-coat isophtalique et r\u00e9sine de polyester.<br \/>\nPeinture Anti-fouling en dessous de la ligne de flottaison.<br \/>\nPont en bois de balsa stratifi\u00e9 recto\/verso.<br \/>\nCadres et renforts en contre-plaqu\u00e9 stratifi\u00e9.<\/p>\n<p><strong>DISPOSITION<\/strong><br \/>\nTrois compartiments \u00e9tanches : cabine \/ timonerie, cale \u00e0 poissons, salle des machines.<br \/>\nCabine avant spacieuse avec coin cuisine.<br \/>\nGrande cale \u00e0 poissons pour bacs \u00e0 poissons.<br \/>\nMoteur(s) diesel mont\u00e9(s) \u00e0 l\u2019arri\u00e8re.<\/p>\n<p><strong>AM\u00c9NAGEMENTS<\/strong><br \/>\nInt\u00e9rieur en Teck.<br \/>\nTrois grandes couchettes.<br \/>\nCoin cuisine avec \u00e9vier et cuisini\u00e8re \u00e0 gaz.<br \/>\nWC \u00e0 eau.<\/p>\n<p><strong>EQUIPEMENTS DE S\u00c9CURIT\u00c9<\/strong><br \/>\nRadeau de sauvetage avec \u00e9quipement de s\u00e9curit\u00e9.<br \/>\nBou\u00e9e de sauvetage.<br \/>\nBarre de s\u00e9curit\u00e9.<br \/>\nEscalier de s\u00e9curit\u00e9 pour une entr\u00e9 facile.<br \/>\nExtincteur automatique.<br \/>\nExtincteur manuel.<br \/>\nAncres et cha\u00eenes.<\/p>\n<\/div>\n<div class=\"specs\">\n<p><strong>COMPOSANTS<\/strong><br \/>\nDouble commande moteur : pont et timonerie.<br \/>\nParc de batteries.<br \/>\nEssuie-glaces.<br \/>\nDirection hydraulique.<br \/>\nMain-courante de s\u00e9curit\u00e9.<br \/>\nRadio transmetteur VHF.<br \/>\nRadio\/ lecteur de cassette.<br \/>\nBoussole.<br \/>\nStabilisateurs (flaps) maniables ind\u00e9pendants.<br \/>\nPompes d\u2019ass\u00e8chement automatique et manuel.<\/p>\n<p><strong>OPTIONS<\/strong><br \/>\nConnexion portuaire 230V.<br \/>\nFour \u00e0 micro-ondes.<br \/>\nMachine \u00e0 caf\u00e9.<br \/>\nR\u00e9frig\u00e9rateur.<br \/>\nT\u00e9l\u00e9vision \/ DVD.<br \/>\nTroisi\u00e8me couchette.<br \/>\nAir conditionn\u00e9.<br \/>\nFen\u00eatres chauff\u00e9es.<br \/>\nChauffage diesel.<br \/>\nChauffage d\u2019eau.<br \/>\nPilote automatique.<br \/>\nGPS (Traceur sur cartes marines).<br \/>\nPC-Ordinateur.<br \/>\nSonde sous marine.<br \/>\nGMDSS.<br \/>\nInverseur \/ Chargeur de batterie.<br \/>\nLecteur CD.<br \/>\nLavage pont.<br \/>\nProjecteur.<br \/>\nGroupe \u00e9lectrog\u00e8ne.<br \/>\nPropulseur(s) d\u2019\u00e9trave.<em>Autres \u00e9quipements sur demande.<\/em><\/p>\n<\/div>\n<p>[\/et_pb_tab][et_pb_tab title=\u00a0\u00bbSp\u00e9cification\u00a0\u00bb _builder_version=\u00a0\u00bb4.3.2&Prime; background_size=\u00a0\u00bbinitial\u00a0\u00bb background_position=\u00a0\u00bbtop_left\u00a0\u00bb background_repeat=\u00a0\u00bbrepeat\u00a0\u00bb]<\/p>\n<div class=\"specs\">\n<dt>Longueur Coque<\/dt>\n<dd>9.6m (31\u2019 6\u2019\u2019)<\/dd>\n<dt>Largeur<\/dt>\n<dd>3.0m (9\u2019 10\u2019\u2019)<\/dd>\n<dt>Creux au milieu<\/dt>\n<dd>1.2m (3\u2019 11\u2019\u2019)<\/dd>\n<dt>Tirant d\u2019eau<\/dt>\n<dd>0.9m (2\u2019 10\u2019\u2019)<\/dd>\n<dt>Surface de travail sur le pont<\/dt>\n<dd>18.0m<sup>2<\/sup> (194 ft<sup>2<\/sup> )<\/dd>\n<dt>R\u00e9servoir gazole<\/dt>\n<dd>700 litre (185 US gall.)<\/dd>\n<dt>R\u00e9servoir d\u2019eau<\/dt>\n<dd>100 litre (26.4 US gall.)<\/dd>\n<dt>Volume cale \u00e0 poissons<\/dt>\n<dd>10m<sup>3<\/sup> (353 ft<sup>3<\/sup> )<\/dd>\n<\/div>\n<div class=\"specs\">\n<dt>Moteur*<\/dt>\n<dd><span class=\"specs_one\">Caterpillar C.7<\/span> <span class=\"specs_two\">406hp\/2600prm<\/span> <span class=\"specs_three\">7L<\/span><\/dd>\n<dd><span class=\"specs_one\">Cummins QSC8.3<<\/span> <span class=\"specs_two\">493hp\/2600rpm<\/span> <span class=\"specs_three\">8.3L<\/span><\/dd>\n<dd><span class=\"specs_one\">Doosan L086<\/span> <span class=\"specs_two\">315hp\/2300rpm<\/span> <span class=\"specs_three\">8.1L<\/span><\/dd>\n<dd><span class=\"specs_one\">FPT (Iveco)N67 450<\/span> <span class=\"specs_two\">420hp\/3000rpm<\/span> <span class=\"specs_three\">6.7L<\/span><\/dd>\n<dd><span class=\"specs_one\">Perkins\/Sabre 265Ti<\/span> <span class=\"specs_two\">265hp\/2500rpm<\/span> <span class=\"specs_three\">6.0L<\/span><\/dd>\n<dd><span class=\"specs_one\">Volvo Penta D6<\/span> <span class=\"specs_two\">370hp\/3500rpm<\/span> <span class=\"specs_three\">5.5L<\/span><\/dd>\n<dd><span class=\"specs_one\">Yanmar 6CXBM-GT<\/span> <span class=\"specs_two\">509hp\/2700rpm<\/span><span class=\"specs_three\">7.4L<\/span><\/dd>\n<\/div>\n<div class=\"specs\">\n<dt>Bo\u00eete \u00e0 vitesse<\/dt>\n<dd><span class=\"specs_one\">ZF<\/span> <span class=\"specs_two\">286IV<\/span> <span class=\"specs_three\">2.01:1<\/span><\/dd>\n<dd><span class=\"specs_one\">ZF<\/span> <span class=\"specs_two\">80IV<\/span> <span class=\"specs_three\">1.64:1<\/span><\/dd>\n<dt>Propulsion<\/dt>\n<dd>H\u00e9lice \u00e0 4 pales<\/dd>\n<dt>Vitesse maximale<\/dt>\n<dd>18 &#8211; 28 n\u0153uds<\/dd>\n<dt>Vitesse de croisi\u00e8re<\/dt>\n<dd>12 &#8211; 18 n\u0153uds<\/dd>\n<dt>Autonomie de croisi\u00e8re<\/dt>\n<dd>200 nm<\/dd>\n<p><I>*Autres moteur sur demande.<\/I>\n<\/div>\n<p>[\/et_pb_tab][et_pb_tab title=\u00a0\u00bbApplications \u00e0 la p\u00eache\u00a0\u00bb _builder_version=\u00a0\u00bb3.27.3&Prime; background_size=\u00a0\u00bbinitial\u00a0\u00bb background_position=\u00a0\u00bbtop_left\u00a0\u00bb background_repeat=\u00a0\u00bbrepeat\u00a0\u00bb]Longlining<br \/>\nPalangres<br \/>\nFilets<br \/>\nRouleaux<br \/>\nCasiers<br \/>\nPalangres thoniers[\/et_pb_tab][\/et_pb_tabs][\/et_pb_column][\/et_pb_row][\/et_pb_section][et_pb_section fb_built=\u00a0\u00bb1&Prime; admin_label=\u00a0\u00bbsection\u00a0\u00bb _builder_version=\u00a0\u00bb3.22&Prime;][et_pb_row admin_label=\u00a0\u00bbrow\u00a0\u00bb _builder_version=\u00a0\u00bb3.25&Prime; background_size=\u00a0\u00bbinitial\u00a0\u00bb background_position=\u00a0\u00bbtop_left\u00a0\u00bb background_repeat=\u00a0\u00bbrepeat\u00a0\u00bb][et_pb_column type=\u00a0\u00bb4_4&Prime; _builder_version=\u00a0\u00bb3.25&Prime; custom_padding=\u00a0\u00bb|||\u00a0\u00bb custom_padding__hover=\u00a0\u00bb|||\u00a0\u00bb][et_pb_gallery gallery_ids=\u00a0\u00bb122,123,124,125,126,127,128,129,130,131,132,133,120,121,119,134,135,136,137,138,139,140,141,142,143,144,145&Prime; posts_number=\u00a0\u00bb99&Prime; show_title_and_caption=\u00a0\u00bboff\u00a0\u00bb show_pagination=\u00a0\u00bboff\u00a0\u00bb admin_label=\u00a0\u00bbGallery\u00a0\u00bb _builder_version=\u00a0\u00bb3.0.87&Prime; use_border_color=\u00a0\u00bboff\u00a0\u00bb border_color=\u00a0\u00bb#ffffff\u00a0\u00bb border_style=\u00a0\u00bbsolid\u00a0\u00bb] [\/et_pb_gallery][\/et_pb_column][\/et_pb_row][\/et_pb_section]<\/p>\n","protected":false},"excerpt":{"rendered":"<p>\u00a0Le Cleopatra Fisherman 31 est v\u00e9ritablement \u201cun loup dans une meute de mouton\u201d, bien qu\u2019il soit un peu plus petit de notre Cleopatra Fisherman 33, il sait conserver toutes ces qualit\u00e9s de performance et de finition. Ses 10 m\u00e8tres cubes de cale \u00e0 poissons, ainsi que la taille de son pont (18m\u00b2) en font un [&hellip;]<\/p>\n","protected":false},"author":2,"featured_media":0,"parent":844,"menu_order":0,"comment_status":"open","ping_status":"open","template":"","meta":{"_et_pb_use_builder":"on","_et_pb_old_content":"","_et_gb_content_width":"","footnotes":""},"class_list":["post-852","page","type-page","status-publish","hentry"],"_links":{"self":[{"href":"https:\/\/cleopatra.is\/fr\/wp-json\/wp\/v2\/pages\/852","targetHints":{"allow":["GET"]}}],"collection":[{"href":"https:\/\/cleopatra.is\/fr\/wp-json\/wp\/v2\/pages"}],"about":[{"href":"https:\/\/cleopatra.is\/fr\/wp-json\/wp\/v2\/types\/page"}],"author":[{"embeddable":true,"href":"https:\/\/cleopatra.is\/fr\/wp-json\/wp\/v2\/users\/2"}],"replies":[{"embeddable":true,"href":"https:\/\/cleopatra.is\/fr\/wp-json\/wp\/v2\/comments?post=852"}],"version-history":[{"count":0,"href":"https:\/\/cleopatra.is\/fr\/wp-json\/wp\/v2\/pages\/852\/revisions"}],"up":[{"embeddable":true,"href":"https:\/\/cleopatra.is\/fr\/wp-json\/wp\/v2\/pages\/844"}],"wp:attachment":[{"href":"https:\/\/cleopatra.is\/fr\/wp-json\/wp\/v2\/media?parent=852"}],"curies":[{"name":"wp","href":"https:\/\/api.w.org\/{rel}","templated":true}]}}